{"id":11,"date":"2016-05-28T19:08:16","date_gmt":"2016-05-28T17:08:16","guid":{"rendered":"http:\/\/daniela-berndt.foundation\/matrix\/?page_id=11"},"modified":"2018-08-16T12:01:10","modified_gmt":"2018-08-16T10:01:10","slug":"regle-2","status":"publish","type":"page","link":"https:\/\/www.daniela-berndt.foundation\/matrix\/fr\/feedback\/regle-2\/","title":{"rendered":"R\u00e8gle 2"},"content":{"rendered":"<h4>Dimension l\u00e9gale<\/h4>\n<p>Pour qu\u2019une telle logique de pr\u00e9vention puisse produire les effets de protection attendus, l\u2019auteur se doit bien entendu d\u2019adopter une strat\u00e9gie de publication proactive qui aura l\u2019effet de couper l\u2019herbe sous le pied d\u2019un d\u00e9tracteur pratiquant la diffamation\u00a0(1) de mani\u00e8re par trop caract\u00e9ris\u00e9e. Au pire, l\u2019attaque abusive se terminera par un effet de boomerang auto-inflig\u00e9\u2026conform\u00e9ment aux dispositions conceptualis\u00e9es du code europ\u00e9en de la propri\u00e9t\u00e9 intellectuelle (principe du pollueur-payeur [2], ou de l\u2019arroseur arros\u00e9).<\/p>\n<p><strong>Navigation<\/strong><br \/>\n<a href=\"https:\/\/www.daniela-berndt.foundation\/matrix\/en\/feedback\/rule-2\/\">EN<\/a> \u2022 <a href=\"https:\/\/www.daniela-berndt.foundation\/matrix\/de\/feedback\/regel-2\/\">DE<\/a>\u00a0\u2022\u00a0<a href=\"https:\/\/www.daniela-berndt.foundation\/matrix\/fr\/feedback\/regle-3\/\">R3<\/a><\/p>\n<p><strong>Pr\u00e9cisions<\/strong><br \/>\n(1) <a href=\"https:\/\/fr.wikipedia.org\/wiki\/Diffamation\" target=\"_blank\" rel=\"noopener\">https:\/\/fr.wikipedia.org\/wiki\/diffamation<\/a><br \/>\n(2) <a href=\"https:\/\/fr.wikipedia.org\/wiki\/Principe_pollueur-payeur\" target=\"_blank\" rel=\"noopener\">https:\/\/fr.wikipedia.org\/wiki\/principe-pollueur-payeur<\/a><\/p>\n","protected":false},"excerpt":{"rendered":"<p>Dimension l\u00e9gale Pour qu\u2019une telle logique de pr\u00e9vention puisse produire les effets de protection attendus, l\u2019auteur se doit bien entendu d\u2019adopter une strat\u00e9gie de&#46;&#46;&#46;<\/p>\n","protected":false},"author":1,"featured_media":0,"parent":2,"menu_order":2,"comment_status":"open","ping_status":"closed","template":"","meta":{"footnotes":""},"class_list":["post-11","page","type-page","status-publish","hentry"],"_links":{"self":[{"href":"https:\/\/www.daniela-berndt.foundation\/matrix\/wp-json\/wp\/v2\/pages\/11","targetHints":{"allow":["GET"]}}],"collection":[{"href":"https:\/\/www.daniela-berndt.foundation\/matrix\/wp-json\/wp\/v2\/pages"}],"about":[{"href":"https:\/\/www.daniela-berndt.foundation\/matrix\/wp-json\/wp\/v2\/types\/page"}],"author":[{"embeddable":true,"href":"https:\/\/www.daniela-berndt.foundation\/matrix\/wp-json\/wp\/v2\/users\/1"}],"replies":[{"embeddable":true,"href":"https:\/\/www.daniela-berndt.foundation\/matrix\/wp-json\/wp\/v2\/comments?post=11"}],"version-history":[{"count":34,"href":"https:\/\/www.daniela-berndt.foundation\/matrix\/wp-json\/wp\/v2\/pages\/11\/revisions"}],"predecessor-version":[{"id":4704,"href":"https:\/\/www.daniela-berndt.foundation\/matrix\/wp-json\/wp\/v2\/pages\/11\/revisions\/4704"}],"up":[{"embeddable":true,"href":"https:\/\/www.daniela-berndt.foundation\/matrix\/wp-json\/wp\/v2\/pages\/2"}],"wp:attachment":[{"href":"https:\/\/www.daniela-berndt.foundation\/matrix\/wp-json\/wp\/v2\/media?parent=11"}],"curies":[{"name":"wp","href":"https:\/\/api.w.org\/{rel}","templated":true}]}}