{"id":1262,"date":"2016-06-24T00:00:13","date_gmt":"2016-06-23T22:00:13","guid":{"rendered":"http:\/\/daniela-berndt.foundation\/matrix\/?page_id=1262"},"modified":"2018-08-22T19:57:38","modified_gmt":"2018-08-22T17:57:38","slug":"derniere-minute","status":"publish","type":"page","link":"https:\/\/www.daniela-berndt.foundation\/matrix\/fr\/version-1-1-2016\/derniere-minute\/","title":{"rendered":"Derni\u00e8re minute"},"content":{"rendered":"<h4>Notificabilit\u00e9<\/h4>\n<p>Que faire en cas d\u2019un afflux de commentaires tel que la mod\u00e9ration du module menace de devenir ing\u00e9rable?<\/p>\n<ul>\n<li><strong>Bloquer<\/strong> l\u2019acc\u00e8s au module \u00e0 l\u2019aide d\u2019un fichier .htaccess.<\/li>\n<li><strong>D\u00e9sactiver<\/strong> les commentaires sur l\u2019ensemble du site.<\/li>\n<li><strong>R\u00e9diger<\/strong> une notification d\u2019alerte aux utilisateurs dans une zone de commentaire d\u00e9di\u00e9e \u00e0 ce type de cas de figure, telle que celle de cette page, indiquant (par exemple) qu\u2019aucun nouveau commentaire ne pourra \u00eatre publi\u00e9 tant que les pr\u00e9c\u00e9dents n\u2019auront pas \u00e9t\u00e9 trait\u00e9s.<\/li>\n<li><strong>Restaurer<\/strong> l\u2019acc\u00e8s au module en supprimant le fichier .htaccess.<\/li>\n<\/ul>\n<p>Une option native d&#8217;administration permettant de limiter le nombre de commentaires publiables par type de contenant (site, page, article de blogue) sur une p\u00e9riode donn\u00e9e serait donc la bienvenue.<\/p>\n<p><strong>Navigation<\/strong><br \/>\n<a href=\"https:\/\/www.daniela-berndt.foundation\/matrix\/en\/version-1-1-2016\/breaking-news\/\">EN<\/a> \u2022 <a href=\"https:\/\/www.daniela-berndt.foundation\/matrix\/de\/version-1-1-2016\/eilmeldungen\/\">DE<\/a> \u2022 <a href=\"https:\/\/www.daniela-berndt.foundation\/matrix\/fr\/version-1-1-2016\/bienvenue\/\">Accueil<\/a><\/p>\n","protected":false},"excerpt":{"rendered":"<p>Notificabilit\u00e9 Que faire en cas d\u2019un afflux de commentaires tel que la mod\u00e9ration du module menace de devenir ing\u00e9rable? Bloquer l\u2019acc\u00e8s au module \u00e0&#46;&#46;&#46;<\/p>\n","protected":false},"author":1,"featured_media":0,"parent":3994,"menu_order":3,"comment_status":"closed","ping_status":"closed","template":"","meta":{"footnotes":""},"class_list":["post-1262","page","type-page","status-publish","hentry"],"_links":{"self":[{"href":"https:\/\/www.daniela-berndt.foundation\/matrix\/wp-json\/wp\/v2\/pages\/1262","targetHints":{"allow":["GET"]}}],"collection":[{"href":"https:\/\/www.daniela-berndt.foundation\/matrix\/wp-json\/wp\/v2\/pages"}],"about":[{"href":"https:\/\/www.daniela-berndt.foundation\/matrix\/wp-json\/wp\/v2\/types\/page"}],"author":[{"embeddable":true,"href":"https:\/\/www.daniela-berndt.foundation\/matrix\/wp-json\/wp\/v2\/users\/1"}],"replies":[{"embeddable":true,"href":"https:\/\/www.daniela-berndt.foundation\/matrix\/wp-json\/wp\/v2\/comments?post=1262"}],"version-history":[{"count":23,"href":"https:\/\/www.daniela-berndt.foundation\/matrix\/wp-json\/wp\/v2\/pages\/1262\/revisions"}],"predecessor-version":[{"id":5283,"href":"https:\/\/www.daniela-berndt.foundation\/matrix\/wp-json\/wp\/v2\/pages\/1262\/revisions\/5283"}],"up":[{"embeddable":true,"href":"https:\/\/www.daniela-berndt.foundation\/matrix\/wp-json\/wp\/v2\/pages\/3994"}],"wp:attachment":[{"href":"https:\/\/www.daniela-berndt.foundation\/matrix\/wp-json\/wp\/v2\/media?parent=1262"}],"curies":[{"name":"wp","href":"https:\/\/api.w.org\/{rel}","templated":true}]}}