{"id":1268,"date":"2016-06-24T00:03:20","date_gmt":"2016-06-23T22:03:20","guid":{"rendered":"http:\/\/daniela-berndt.foundation\/matrix\/?page_id=1268"},"modified":"2018-08-22T20:00:32","modified_gmt":"2018-08-22T18:00:32","slug":"eilmeldungen","status":"publish","type":"page","link":"https:\/\/www.daniela-berndt.foundation\/matrix\/de\/version-1-1-2016\/eilmeldungen\/","title":{"rendered":"Eilmeldungen"},"content":{"rendered":"<h4>Benachrichtigungsm\u00f6glichkeiten<\/h4>\n<p>Was kann ein Moderator tun wenn er pl\u00f6tzlich so viele Kommentare zugestellt bekommt, dass der Job unm\u00f6glich zu werden droht?<\/p>\n<ul>\n<li>Mithilfe einer .htaccess-Datei den Zugriff auf das Modul <strong>blockieren<\/strong>.<\/li>\n<li>S\u00e4mtliche Kommentarbereiche <strong>deaktivieren<\/strong>.<\/li>\n<li>Eine Eilmeldung in den f\u00fcr diesen Fall vorgesehene Kommentarbereich <strong>publizieren<\/strong>, um die Nutzer z.B. dar\u00fcber zu informieren, dass kein weiterer Beitrag angenommen werden kann, bis die soweit zugestellten E-Mails bearbeitet wurden.<\/li>\n<li>Den Zugriff auf die Website durch L\u00f6schen der .htaccess-Datei <strong>wiederherstellen<\/strong>.<\/li>\n<\/ul>\n<p>Eine native Verwaltungsoption, die es erm\u00f6glichen w\u00fcrde, die Anzahl der \u00fcber einen bestimmten Zeitraum zustellbaren Kommentare nach Inhaltstyp (Website, Seite, Blog-Eintrag) zu beschr\u00e4nken, w\u00e4re daher w\u00fcnschenswert.<\/p>\n<p><strong>Navigation<\/strong><br \/>\n<a href=\"https:\/\/www.daniela-berndt.foundation\/matrix\/fr\/version-1-1-2016\/derniere-minute\/\">FR<\/a> \u2022 <a href=\"https:\/\/www.daniela-berndt.foundation\/matrix\/en\/version-1-1-2016\/breaking-news\/\">EN<\/a>\u00a0\u2022\u00a0<a href=\"https:\/\/www.daniela-berndt.foundation\/matrix\/de\/version-1-1-2016\/willkommen\/\">Start<\/a><\/p>\n","protected":false},"excerpt":{"rendered":"<p>Benachrichtigungsm\u00f6glichkeiten Was kann ein Moderator tun wenn er pl\u00f6tzlich so viele Kommentare zugestellt bekommt, dass der Job unm\u00f6glich zu werden droht? Mithilfe einer .htaccess-Datei&#46;&#46;&#46;<\/p>\n","protected":false},"author":1,"featured_media":0,"parent":4669,"menu_order":3,"comment_status":"closed","ping_status":"closed","template":"","meta":{"footnotes":""},"class_list":["post-1268","page","type-page","status-publish","hentry"],"_links":{"self":[{"href":"https:\/\/www.daniela-berndt.foundation\/matrix\/wp-json\/wp\/v2\/pages\/1268","targetHints":{"allow":["GET"]}}],"collection":[{"href":"https:\/\/www.daniela-berndt.foundation\/matrix\/wp-json\/wp\/v2\/pages"}],"about":[{"href":"https:\/\/www.daniela-berndt.foundation\/matrix\/wp-json\/wp\/v2\/types\/page"}],"author":[{"embeddable":true,"href":"https:\/\/www.daniela-berndt.foundation\/matrix\/wp-json\/wp\/v2\/users\/1"}],"replies":[{"embeddable":true,"href":"https:\/\/www.daniela-berndt.foundation\/matrix\/wp-json\/wp\/v2\/comments?post=1268"}],"version-history":[{"count":22,"href":"https:\/\/www.daniela-berndt.foundation\/matrix\/wp-json\/wp\/v2\/pages\/1268\/revisions"}],"predecessor-version":[{"id":5289,"href":"https:\/\/www.daniela-berndt.foundation\/matrix\/wp-json\/wp\/v2\/pages\/1268\/revisions\/5289"}],"up":[{"embeddable":true,"href":"https:\/\/www.daniela-berndt.foundation\/matrix\/wp-json\/wp\/v2\/pages\/4669"}],"wp:attachment":[{"href":"https:\/\/www.daniela-berndt.foundation\/matrix\/wp-json\/wp\/v2\/media?parent=1268"}],"curies":[{"name":"wp","href":"https:\/\/api.w.org\/{rel}","templated":true}]}}