{"id":15,"date":"2016-05-28T19:08:57","date_gmt":"2016-05-28T17:08:57","guid":{"rendered":"http:\/\/daniela-berndt.foundation\/matrix\/?page_id=15"},"modified":"2019-02-21T15:57:43","modified_gmt":"2019-02-21T14:57:43","slug":"regle-4","status":"publish","type":"page","link":"https:\/\/www.daniela-berndt.foundation\/matrix\/fr\/feedback\/regle-4\/","title":{"rendered":"R\u00e8gle 4"},"content":{"rendered":"<h4>Dimension orga-tech<\/h4>\n<p>Passons maintenant \u00e0 l\u2019application concr\u00e8te de tout ce qui pr\u00e9c\u00e8de. Pour participer, il vous est possible de publier un commentaire directement sur l&#8217;une des pages (internes) de l&#8217;un des menus principaux de ce Forum Aux Questions, ou indirectement sur une liste de discussion particuli\u00e8re, par l&#8217;interm\u00e9diaire d&#8217;une page (externe) de l&#8217;un de mes autres sites.<\/p>\n<p>Par exemple, un commentaire relatif \u00e0 la page d&#8217;accueil de mon Dashfolio 2016\u00a0(1) devra \u00eatre publi\u00e9 dans la liste de discussion d\u00e9di\u00e9e \u00e0 cette page (2).<\/p>\n<p><strong>Navigation<\/strong><br \/>\n<a href=\"https:\/\/www.daniela-berndt.foundation\/matrix\/en\/feedback\/rule-4\/\">EN<\/a> \u2022 <a href=\"https:\/\/www.daniela-berndt.foundation\/matrix\/de\/feedback\/regel-4\/\">DE<\/a>\u00a0\u2022\u00a0<a href=\"https:\/\/www.daniela-berndt.foundation\/matrix\/fr\/feedback\/regle-5\/\">R5<\/a><\/p>\n<p><strong>Pr\u00e9cisions<\/strong><br \/>\n(1)\u00a0<a href=\"https:\/\/dashfolio-2016.daniela-berndt.foundation\" target=\"_blank\" rel=\"noopener\">https:\/\/dashfolio-2016.daniela-berndt.foundation<\/a><br \/>\n(2)\u00a0<a href=\"https:\/\/www.daniela-berndt.foundation\/matrix\/fr\/dashfolio-2016_accueil\/\" rel=\"noopener\">https:\/\/www.daniela-berndt.foundation\/matrix\/fr\/dashfolio-2016_accueil\/<\/a><\/p>\n","protected":false},"excerpt":{"rendered":"<p>Dimension orga-tech Passons maintenant \u00e0 l\u2019application concr\u00e8te de tout ce qui pr\u00e9c\u00e8de. Pour participer, il vous est possible de publier un commentaire directement sur&#46;&#46;&#46;<\/p>\n","protected":false},"author":1,"featured_media":0,"parent":2,"menu_order":4,"comment_status":"open","ping_status":"closed","template":"","meta":{"footnotes":""},"class_list":["post-15","page","type-page","status-publish","hentry"],"_links":{"self":[{"href":"https:\/\/www.daniela-berndt.foundation\/matrix\/wp-json\/wp\/v2\/pages\/15","targetHints":{"allow":["GET"]}}],"collection":[{"href":"https:\/\/www.daniela-berndt.foundation\/matrix\/wp-json\/wp\/v2\/pages"}],"about":[{"href":"https:\/\/www.daniela-berndt.foundation\/matrix\/wp-json\/wp\/v2\/types\/page"}],"author":[{"embeddable":true,"href":"https:\/\/www.daniela-berndt.foundation\/matrix\/wp-json\/wp\/v2\/users\/1"}],"replies":[{"embeddable":true,"href":"https:\/\/www.daniela-berndt.foundation\/matrix\/wp-json\/wp\/v2\/comments?post=15"}],"version-history":[{"count":29,"href":"https:\/\/www.daniela-berndt.foundation\/matrix\/wp-json\/wp\/v2\/pages\/15\/revisions"}],"predecessor-version":[{"id":5723,"href":"https:\/\/www.daniela-berndt.foundation\/matrix\/wp-json\/wp\/v2\/pages\/15\/revisions\/5723"}],"up":[{"embeddable":true,"href":"https:\/\/www.daniela-berndt.foundation\/matrix\/wp-json\/wp\/v2\/pages\/2"}],"wp:attachment":[{"href":"https:\/\/www.daniela-berndt.foundation\/matrix\/wp-json\/wp\/v2\/media?parent=15"}],"curies":[{"name":"wp","href":"https:\/\/api.w.org\/{rel}","templated":true}]}}