{"id":17,"date":"2016-05-28T19:09:13","date_gmt":"2016-05-28T17:09:13","guid":{"rendered":"http:\/\/daniela-berndt.foundation\/matrix\/?page_id=17"},"modified":"2018-08-16T12:03:17","modified_gmt":"2018-08-16T10:03:17","slug":"regle-5","status":"publish","type":"page","link":"https:\/\/www.daniela-berndt.foundation\/matrix\/fr\/feedback\/regle-5\/","title":{"rendered":"R\u00e8gle 5"},"content":{"rendered":"<h4>Dimension culturelle<\/h4>\n<p>La caract\u00e9ristique principale d\u2019un module conceptuel \u00e9tant qu\u2019il doit \u00eatre internationalis\u00e9 de mani\u00e8re \u00e0 \u00eatre utilisable dans chaque pays, et consid\u00e9rant que l\u2019anglais est la langue officielle de l&#8217;internet, les listes de discussions sont avant tout linguistiques, et s\u2019adressent \u00e0 ce titre \u00e0 des prospects \u00e0 l\u2019affiliation anglophones (1), francophones (2), et germanophones (3).<\/p>\n<p><strong>Navigation<\/strong><br \/>\n<a href=\"https:\/\/www.daniela-berndt.foundation\/matrix\/en\/feedback\/rule-5\/\">EN<\/a> \u2022 <a href=\"https:\/\/www.daniela-berndt.foundation\/matrix\/de\/feedback\/regel-5\/\">DE<\/a>\u00a0\u2022\u00a0<a href=\"https:\/\/www.daniela-berndt.foundation\/matrix\/fr\/feedback\/regle-6\/\">R6<\/a><\/p>\n<p><strong>Pr\u00e9cisions<\/strong><br \/>\n(1)\u00a0<a href=\"https:\/\/www.daniela-berndt.foundation\/matrix\/category\/en\/\">https:\/\/www.daniela-berndt.foundation\/matrix\/category\/en\/<\/a><br \/>\n(2)\u00a0<a href=\"https:\/\/www.daniela-berndt.foundation\/matrix\/category\/fr\/\">https:\/\/www.daniela-berndt.foundation\/matrix\/category\/fr\/<\/a><br \/>\n(3)\u00a0<a href=\"https:\/\/www.daniela-berndt.foundation\/matrix\/category\/de\/\">https:\/\/www.daniela-berndt.foundation\/matrix\/category\/de\/<\/a><\/p>\n","protected":false},"excerpt":{"rendered":"<p>Dimension culturelle La caract\u00e9ristique principale d\u2019un module conceptuel \u00e9tant qu\u2019il doit \u00eatre internationalis\u00e9 de mani\u00e8re \u00e0 \u00eatre utilisable dans chaque pays, et consid\u00e9rant que&#46;&#46;&#46;<\/p>\n","protected":false},"author":1,"featured_media":0,"parent":2,"menu_order":5,"comment_status":"open","ping_status":"closed","template":"","meta":{"footnotes":""},"class_list":["post-17","page","type-page","status-publish","hentry"],"_links":{"self":[{"href":"https:\/\/www.daniela-berndt.foundation\/matrix\/wp-json\/wp\/v2\/pages\/17","targetHints":{"allow":["GET"]}}],"collection":[{"href":"https:\/\/www.daniela-berndt.foundation\/matrix\/wp-json\/wp\/v2\/pages"}],"about":[{"href":"https:\/\/www.daniela-berndt.foundation\/matrix\/wp-json\/wp\/v2\/types\/page"}],"author":[{"embeddable":true,"href":"https:\/\/www.daniela-berndt.foundation\/matrix\/wp-json\/wp\/v2\/users\/1"}],"replies":[{"embeddable":true,"href":"https:\/\/www.daniela-berndt.foundation\/matrix\/wp-json\/wp\/v2\/comments?post=17"}],"version-history":[{"count":26,"href":"https:\/\/www.daniela-berndt.foundation\/matrix\/wp-json\/wp\/v2\/pages\/17\/revisions"}],"predecessor-version":[{"id":4713,"href":"https:\/\/www.daniela-berndt.foundation\/matrix\/wp-json\/wp\/v2\/pages\/17\/revisions\/4713"}],"up":[{"embeddable":true,"href":"https:\/\/www.daniela-berndt.foundation\/matrix\/wp-json\/wp\/v2\/pages\/2"}],"wp:attachment":[{"href":"https:\/\/www.daniela-berndt.foundation\/matrix\/wp-json\/wp\/v2\/media?parent=17"}],"curies":[{"name":"wp","href":"https:\/\/api.w.org\/{rel}","templated":true}]}}