{"id":19,"date":"2016-05-28T19:09:32","date_gmt":"2016-05-28T17:09:32","guid":{"rendered":"http:\/\/daniela-berndt.foundation\/matrix\/?page_id=19"},"modified":"2018-08-16T12:04:00","modified_gmt":"2018-08-16T10:04:00","slug":"regle-6","status":"publish","type":"page","link":"https:\/\/www.daniela-berndt.foundation\/matrix\/fr\/feedback\/regle-6\/","title":{"rendered":"R\u00e8gle 6"},"content":{"rendered":"<h4>Dimension int\u00e9grative<\/h4>\n<p>Pour que cette matrice Feedback reste didactique, une contribution devra refl\u00e9ter le fait que ce qui n&#8217;est autre qu&#8217;un Forum Aux Questions d\u00e9di\u00e9 \u00e0 l&#8217;\u00e9cosyst\u00e8me conceptuel de PlanetPlusUltra\u00ae s\u2019adresse avant tout \u00e0 des prospects \u00e0 l\u2019affiliation non contraints \u00e0 l\u2019anonymat. Un message ne pourra donc \u00eatre approuv\u00e9 que s\u2019il satisfait aux exigences de valeur ajout\u00e9e suivantes, sur le fond comme sur la forme:<\/p>\n<ol>\n<li>Le message est un commentaire, une question, ou une suggestion qui apporte un \u00e9l\u00e9ment nouveau (veuillez lire les trois premiers messages publi\u00e9s ci-desous \u00e0 titre d\u2019exemple).<\/li>\n<li>Le champ &#8220;commentaire&#8221; ne doit pas servir \u00e0 poser une question trop personnelle qui n\u2019a pas sa place dans un Forum Aux Questions \u00e0 vis\u00e9e conceptuelle (r\u00e9serv\u00e9 \u00e0 une d\u00e9monstration de concept).<\/li>\n<li>Le champ &#8220;site web&#8221; (facultatif) ne doit pas renvoyer vers une page de r\u00e9seau social, mais bien vers un site web pr\u00e9sentant un potentiel conceptuel \u00e9vident qui pourra servir d\u2019exemple.<\/li>\n<\/ol>\n<p>Enfin, sachez que tout message me sera livr\u00e9 sur une adresse e-mail d\u00e9di\u00e9e de type mutualis\u00e9 professionnel (1), et que le champ e-mail est avant tout sens\u00e9 me permettre de demander d\u2019\u00e9ventuelles pr\u00e9cisions avant d\u2019approuver une contribution, auquel cas vous recevriez une r\u00e9ponse \u00e0 partir d\u2019une adresse \u00e9lectronique jetable\u00a0de type:<\/p>\n<ul>\n<li>[alias]@sfr.fr (en r\u00e9ponse \u00e0 une adresse e-mail d&#8217;un FAI\u00a0fran\u00e7ais ou europ\u00e9en [2]);<\/li>\n<li>[racine]-[motcl\u00e9]@yahoo.fr (en r\u00e9ponse \u00e0 une adresse Yahoo! Mail\u00a0ou non europ\u00e9enne [3]).<\/li>\n<\/ul>\n<p><strong>Navigation<\/strong><br \/>\n<a href=\"https:\/\/www.daniela-berndt.foundation\/matrix\/en\/feedback\/rule-6\/\">EN<\/a> \u2022 <a href=\"https:\/\/www.daniela-berndt.foundation\/matrix\/de\/feedback\/regel-6\/\">DE<\/a> \u2022\u00a0<a href=\"https:\/\/www.daniela-berndt.foundation\/matrix\/fr\/feedback\/regle-7\/\">R7<\/a><\/p>\n<p><strong>Pr\u00e9cisions<\/strong><br \/>\n(1)\u00a0<a href=\"https:\/\/www.ovh.com\/fr\/hebergement-web\/hebergement-pro.xml\" target=\"_blank\" rel=\"noopener\">https:\/\/www.ovh.com\/fr\/hebergement-web\/hebergement-pro.xml<\/a><br \/>\n(2)\u00a0<a href=\"https:\/\/fr.wikipedia.org\/wiki\/Alias_(adresse_\u00e9lectronique)\" target=\"_blank\" rel=\"noopener\">https:\/\/fr.wikipedia.org\/wiki\/alias-adresse-electronique<\/a><br \/>\n(3)\u00a0<a href=\"https:\/\/fr.aide.yahoo.com\/kb\/account\/des-adresses-mail-jetables-sln16026.html?guccounter=1\" target=\"_blank\" rel=\"noopener\">https:\/\/fr.aide.yahoo.com\/kb\/account\/des-adresses-mail-jetables&#8230;<\/a><\/p>\n","protected":false},"excerpt":{"rendered":"<p>Dimension int\u00e9grative Pour que cette matrice Feedback reste didactique, une contribution devra refl\u00e9ter le fait que ce qui n&#8217;est autre qu&#8217;un Forum Aux Questions&#46;&#46;&#46;<\/p>\n","protected":false},"author":1,"featured_media":0,"parent":2,"menu_order":6,"comment_status":"open","ping_status":"closed","template":"","meta":{"footnotes":""},"class_list":["post-19","page","type-page","status-publish","hentry"],"_links":{"self":[{"href":"https:\/\/www.daniela-berndt.foundation\/matrix\/wp-json\/wp\/v2\/pages\/19","targetHints":{"allow":["GET"]}}],"collection":[{"href":"https:\/\/www.daniela-berndt.foundation\/matrix\/wp-json\/wp\/v2\/pages"}],"about":[{"href":"https:\/\/www.daniela-berndt.foundation\/matrix\/wp-json\/wp\/v2\/types\/page"}],"author":[{"embeddable":true,"href":"https:\/\/www.daniela-berndt.foundation\/matrix\/wp-json\/wp\/v2\/users\/1"}],"replies":[{"embeddable":true,"href":"https:\/\/www.daniela-berndt.foundation\/matrix\/wp-json\/wp\/v2\/comments?post=19"}],"version-history":[{"count":41,"href":"https:\/\/www.daniela-berndt.foundation\/matrix\/wp-json\/wp\/v2\/pages\/19\/revisions"}],"predecessor-version":[{"id":4716,"href":"https:\/\/www.daniela-berndt.foundation\/matrix\/wp-json\/wp\/v2\/pages\/19\/revisions\/4716"}],"up":[{"embeddable":true,"href":"https:\/\/www.daniela-berndt.foundation\/matrix\/wp-json\/wp\/v2\/pages\/2"}],"wp:attachment":[{"href":"https:\/\/www.daniela-berndt.foundation\/matrix\/wp-json\/wp\/v2\/media?parent=19"}],"curies":[{"name":"wp","href":"https:\/\/api.w.org\/{rel}","templated":true}]}}