{"id":190,"date":"2016-05-29T23:19:48","date_gmt":"2016-05-29T21:19:48","guid":{"rendered":"http:\/\/daniela-berndt.foundation\/matrix\/?page_id=190"},"modified":"2018-08-16T12:27:20","modified_gmt":"2018-08-16T10:27:20","slug":"regel-1","status":"publish","type":"page","link":"https:\/\/www.daniela-berndt.foundation\/matrix\/de\/feedback\/regel-1\/","title":{"rendered":"Regel 1"},"content":{"rendered":"<h4>Moralische Dimension<\/h4>\n<p>Aus der konzeptuellen Perspektive setzt die Anerkennung des moralischen Urheberrechts des legitimen Autors \u00fcber sein Werk &#8211; unter Ber\u00fccksichtigung der Feedback-Problematik &#8211; voraus, dass der Letztere in die Lage versetzt wird, den sch\u00e4dlichen Auswirkungen von Ger\u00fcchten Einhalt zu gebieten, um sich nicht erst im Nachhinein auf sein Recht auf Gegendarstellung\u00a0(1) berufen zu m\u00fcssen, d.h. nachdem ein Gegner ihn durch Ver\u00f6ffentlichung von hinterlistigen Kommentaren vor vollendete Tatsachen gestellt hat.<\/p>\n<p><strong>Navigation<\/strong><br \/>\n<a href=\"https:\/\/www.daniela-berndt.foundation\/matrix\/fr\/feedback\/regle-1\/\">FR<\/a> \u2022 <a href=\"https:\/\/www.daniela-berndt.foundation\/matrix\/en\/feedback\/rule-1\/\">EN<\/a>\u00a0\u2022\u00a0<a href=\"https:\/\/www.daniela-berndt.foundation\/matrix\/de\/feedback\/regel-2\/\">R2<\/a><\/p>\n<p><strong>N\u00e4here Angaben<\/strong><br \/>\n(1) <a href=\"https:\/\/de.wikipedia.org\/wiki\/Gegendarstellung\" target=\"_blank\" rel=\"noopener\">https:\/\/de.wikipedia.org\/wiki\/gegendarstellung<\/a><\/p>\n","protected":false},"excerpt":{"rendered":"<p>Moralische Dimension Aus der konzeptuellen Perspektive setzt die Anerkennung des moralischen Urheberrechts des legitimen Autors \u00fcber sein Werk &#8211; unter Ber\u00fccksichtigung der Feedback-Problematik &#8211;&#46;&#46;&#46;<\/p>\n","protected":false},"author":1,"featured_media":0,"parent":183,"menu_order":1,"comment_status":"open","ping_status":"closed","template":"","meta":{"footnotes":""},"class_list":["post-190","page","type-page","status-publish","hentry"],"_links":{"self":[{"href":"https:\/\/www.daniela-berndt.foundation\/matrix\/wp-json\/wp\/v2\/pages\/190","targetHints":{"allow":["GET"]}}],"collection":[{"href":"https:\/\/www.daniela-berndt.foundation\/matrix\/wp-json\/wp\/v2\/pages"}],"about":[{"href":"https:\/\/www.daniela-berndt.foundation\/matrix\/wp-json\/wp\/v2\/types\/page"}],"author":[{"embeddable":true,"href":"https:\/\/www.daniela-berndt.foundation\/matrix\/wp-json\/wp\/v2\/users\/1"}],"replies":[{"embeddable":true,"href":"https:\/\/www.daniela-berndt.foundation\/matrix\/wp-json\/wp\/v2\/comments?post=190"}],"version-history":[{"count":27,"href":"https:\/\/www.daniela-berndt.foundation\/matrix\/wp-json\/wp\/v2\/pages\/190\/revisions"}],"predecessor-version":[{"id":4798,"href":"https:\/\/www.daniela-berndt.foundation\/matrix\/wp-json\/wp\/v2\/pages\/190\/revisions\/4798"}],"up":[{"embeddable":true,"href":"https:\/\/www.daniela-berndt.foundation\/matrix\/wp-json\/wp\/v2\/pages\/183"}],"wp:attachment":[{"href":"https:\/\/www.daniela-berndt.foundation\/matrix\/wp-json\/wp\/v2\/media?parent=190"}],"curies":[{"name":"wp","href":"https:\/\/api.w.org\/{rel}","templated":true}]}}