{"id":198,"date":"2016-05-29T23:22:02","date_gmt":"2016-05-29T21:22:02","guid":{"rendered":"http:\/\/daniela-berndt.foundation\/matrix\/?page_id=198"},"modified":"2018-08-16T12:28:50","modified_gmt":"2018-08-16T10:28:50","slug":"regel-3","status":"publish","type":"page","link":"https:\/\/www.daniela-berndt.foundation\/matrix\/de\/feedback\/regel-3\/","title":{"rendered":"Regel 3"},"content":{"rendered":"<h4>Finanzielle Dimension<\/h4>\n<p>Angesichts der weiteren Tatsache, dass die Arbeit eines Web-Autors darin besteht, Mehrwert zu publizieren, um daraus einen Lebensunterhalt beziehen zu k\u00f6nnen, wird es f\u00fcr ihn umso wichtiger sein, diese Feedback-orientierte Treffzeit mit seinem Zielpublikum zeitversetzt zu verwalten, d.h. \u00fcber die verf\u00fcgbaren Moderationsoptionen (1), anstatt sich auf das Spiel der permanenten Rechtfertigung einzulassen, das f\u00fcr die Echtzeit-Kommentarsysteme der meisten sozialen Netzwerke charakteristisch ist.<\/p>\n<p><strong>Navigation<\/strong><br \/>\n<a href=\"https:\/\/www.daniela-berndt.foundation\/matrix\/fr\/feedback\/regle-3\/\">FR<\/a> \u2022 <a href=\"https:\/\/www.daniela-berndt.foundation\/matrix\/en\/feedback\/rule-3\/\">EN<\/a>\u00a0\u2022\u00a0<a href=\"https:\/\/www.daniela-berndt.foundation\/matrix\/de\/feedback\/regel-4\/\">R4<\/a><\/p>\n<p><strong>N\u00e4here Angaben<\/strong><br \/>\n(1)\u00a0<a href=\"https:\/\/de.wikipedia.org\/wiki\/Moderation_(Gruppenarbeit)\" target=\"_blank\" rel=\"noopener\">https:\/\/de.wikipedia.org\/wiki\/moderation&#8230;<\/a><\/p>\n","protected":false},"excerpt":{"rendered":"<p>Finanzielle Dimension Angesichts der weiteren Tatsache, dass die Arbeit eines Web-Autors darin besteht, Mehrwert zu publizieren, um daraus einen Lebensunterhalt beziehen zu k\u00f6nnen, wird&#46;&#46;&#46;<\/p>\n","protected":false},"author":1,"featured_media":0,"parent":183,"menu_order":3,"comment_status":"open","ping_status":"closed","template":"","meta":{"footnotes":""},"class_list":["post-198","page","type-page","status-publish","hentry"],"_links":{"self":[{"href":"https:\/\/www.daniela-berndt.foundation\/matrix\/wp-json\/wp\/v2\/pages\/198","targetHints":{"allow":["GET"]}}],"collection":[{"href":"https:\/\/www.daniela-berndt.foundation\/matrix\/wp-json\/wp\/v2\/pages"}],"about":[{"href":"https:\/\/www.daniela-berndt.foundation\/matrix\/wp-json\/wp\/v2\/types\/page"}],"author":[{"embeddable":true,"href":"https:\/\/www.daniela-berndt.foundation\/matrix\/wp-json\/wp\/v2\/users\/1"}],"replies":[{"embeddable":true,"href":"https:\/\/www.daniela-berndt.foundation\/matrix\/wp-json\/wp\/v2\/comments?post=198"}],"version-history":[{"count":25,"href":"https:\/\/www.daniela-berndt.foundation\/matrix\/wp-json\/wp\/v2\/pages\/198\/revisions"}],"predecessor-version":[{"id":4804,"href":"https:\/\/www.daniela-berndt.foundation\/matrix\/wp-json\/wp\/v2\/pages\/198\/revisions\/4804"}],"up":[{"embeddable":true,"href":"https:\/\/www.daniela-berndt.foundation\/matrix\/wp-json\/wp\/v2\/pages\/183"}],"wp:attachment":[{"href":"https:\/\/www.daniela-berndt.foundation\/matrix\/wp-json\/wp\/v2\/media?parent=198"}],"curies":[{"name":"wp","href":"https:\/\/api.w.org\/{rel}","templated":true}]}}