{"id":2,"date":"2016-05-27T15:32:00","date_gmt":"2016-05-27T13:32:00","guid":{"rendered":"http:\/\/daniela-berndt.foundation\/matrix\/?page_id=2"},"modified":"2024-07-10T14:31:59","modified_gmt":"2024-07-10T12:31:59","slug":"feedback","status":"publish","type":"page","link":"https:\/\/www.daniela-berndt.foundation\/matrix\/fr\/feedback\/","title":{"rendered":"Feedback"},"content":{"rendered":"<h4>Avant-propos<\/h4>\n<p>\u00c0 chaque nouvelle \u00e9tape du processus de publication web se pose la question de l\u2019int\u00e9gration des commentaires du public cibl\u00e9, sous tous les angles th\u00e9matiques de la quadrature conceptuelle du cycle de production NetPlusUltra\u00ae.<\/p>\n<p>Si un simple formulaire de feedback par e-mail (1) suffit en amont de la cha\u00eene de valeur, la complexit\u00e9 croissante du chantier de production, \u00e0 mesure que le porteur de projet approche de la date de lancement de son produit ou service, n\u00e9cessite d\u2019ajouter une brique modulaire plus interactive \u00e0 l\u2019\u00e9difice, ne serait-ce que pour mieux g\u00e9rer la probl\u00e9matique des questions r\u00e9currentes.<\/p>\n<p>Dans cette optique, ce premier menu propose une nouvelle travers\u00e9e du processus conceptuel, sous l\u2019angle contractuellement r\u00e9ciproque des conditions sp\u00e9cifiques d\u2019utilisation applicables \u00e0 un tel service web d\u2019auteur, en vue de l\u2019optimisation de l\u2019exp\u00e9rience r\u00e9seau de chacun.<\/p>\n<p><strong>Navigation<\/strong><br \/>\n<a href=\"https:\/\/www.daniela-berndt.foundation\/matrix\/en\/feedback\/\">EN<\/a> \u2022 <a href=\"https:\/\/www.daniela-berndt.foundation\/matrix\/de\/feedback\/\">DE<\/a> \u2022 <a href=\"https:\/\/www.daniela-berndt.foundation\/matrix\/fr\/feedback\/regle-1\/\">R1<\/a><\/p>\n<p><strong>Pr\u00e9cisions<\/strong><br \/>\n(1) <a href=\"https:\/\/dashfolio-2016.daniela-berndt.foundation\/fr\/feedback\/\" target=\"_blank\" rel=\"noopener noreferrer\">https:\/\/dashfolio-2016.daniela-berndt.foundation\/fr\/feedback\/<\/a><\/p>\n","protected":false},"excerpt":{"rendered":"<p>Avant-propos \u00c0 chaque nouvelle \u00e9tape du processus de publication web se pose la question de l\u2019int\u00e9gration des commentaires du public cibl\u00e9, sous tous les&#46;&#46;&#46;<\/p>\n","protected":false},"author":1,"featured_media":0,"parent":2297,"menu_order":1,"comment_status":"open","ping_status":"closed","template":"","meta":{"footnotes":""},"class_list":["post-2","page","type-page","status-publish","hentry"],"_links":{"self":[{"href":"https:\/\/www.daniela-berndt.foundation\/matrix\/wp-json\/wp\/v2\/pages\/2","targetHints":{"allow":["GET"]}}],"collection":[{"href":"https:\/\/www.daniela-berndt.foundation\/matrix\/wp-json\/wp\/v2\/pages"}],"about":[{"href":"https:\/\/www.daniela-berndt.foundation\/matrix\/wp-json\/wp\/v2\/types\/page"}],"author":[{"embeddable":true,"href":"https:\/\/www.daniela-berndt.foundation\/matrix\/wp-json\/wp\/v2\/users\/1"}],"replies":[{"embeddable":true,"href":"https:\/\/www.daniela-berndt.foundation\/matrix\/wp-json\/wp\/v2\/comments?post=2"}],"version-history":[{"count":51,"href":"https:\/\/www.daniela-berndt.foundation\/matrix\/wp-json\/wp\/v2\/pages\/2\/revisions"}],"predecessor-version":[{"id":6632,"href":"https:\/\/www.daniela-berndt.foundation\/matrix\/wp-json\/wp\/v2\/pages\/2\/revisions\/6632"}],"up":[{"embeddable":true,"href":"https:\/\/www.daniela-berndt.foundation\/matrix\/wp-json\/wp\/v2\/pages\/2297"}],"wp:attachment":[{"href":"https:\/\/www.daniela-berndt.foundation\/matrix\/wp-json\/wp\/v2\/media?parent=2"}],"curies":[{"name":"wp","href":"https:\/\/api.w.org\/{rel}","templated":true}]}}