{"id":204,"date":"2016-05-29T23:24:51","date_gmt":"2016-05-29T21:24:51","guid":{"rendered":"http:\/\/daniela-berndt.foundation\/matrix\/?page_id=204"},"modified":"2019-02-21T15:59:52","modified_gmt":"2019-02-21T14:59:52","slug":"regel-4","status":"publish","type":"page","link":"https:\/\/www.daniela-berndt.foundation\/matrix\/de\/feedback\/regel-4\/","title":{"rendered":"Regel 4"},"content":{"rendered":"<h4>Organisationstechnische Dimension<\/h4>\n<p>Gehen wir nun \u00fcber zur konkreten Umsetzung dieser grunds\u00e4tzlichen Richtlinien. Wenn Sie teilnehmen m\u00f6chten, k\u00f6nnen Sie Ihren Beitrag entweder direkt auf eine bestimmte (interne) Seite eines der Hauptmen\u00fcs dieses Feedback-Forums publizieren, oder indirekt auf eine spezifische Diskussionsliste, durch eine (externe) Seite einer meiner anderen Websites.<\/p>\n<p>So m\u00fcsste z.B. ein Kommentar zu der Startseite meines Dashfolio 2016 (1)\u00a0in die Diskussionsliste zu dieser bestimmten Webseite eingetragen werden (2).<\/p>\n<p><strong>Navigation<\/strong><br \/>\n<a href=\"https:\/\/www.daniela-berndt.foundation\/matrix\/fr\/feedback\/regle-4\/\" rel=\"noopener\">FR<\/a>\u00a0\u2022 <a href=\"https:\/\/www.daniela-berndt.foundation\/matrix\/en\/feedback\/rule-4\/\">EN<\/a>\u00a0\u2022\u00a0<a href=\"https:\/\/www.daniela-berndt.foundation\/matrix\/de\/feedback\/regel-5\/\">R5<\/a><\/p>\n<p><strong>N\u00e4here Angaben<\/strong><br \/>\n(1)\u00a0<a href=\"https:\/\/dashfolio-2016.daniela-berndt.foundation\" target=\"_blank\" rel=\"noopener\">https:\/\/dashfolio-2016.daniela-berndt.foundation<\/a><br \/>\n(2)\u00a0<a href=\"https:\/\/www.daniela-berndt.foundation\/matrix\/de\/dashfolio-2016_start\/\" rel=\"noopener\">https:\/\/www.daniela-berndt.foundation\/matrix\/de\/dashfolio-2016_start\/<\/a><\/p>\n","protected":false},"excerpt":{"rendered":"<p>Organisationstechnische Dimension Gehen wir nun \u00fcber zur konkreten Umsetzung dieser grunds\u00e4tzlichen Richtlinien. Wenn Sie teilnehmen m\u00f6chten, k\u00f6nnen Sie Ihren Beitrag entweder direkt auf eine&#46;&#46;&#46;<\/p>\n","protected":false},"author":1,"featured_media":0,"parent":183,"menu_order":4,"comment_status":"open","ping_status":"closed","template":"","meta":{"footnotes":""},"class_list":["post-204","page","type-page","status-publish","hentry"],"_links":{"self":[{"href":"https:\/\/www.daniela-berndt.foundation\/matrix\/wp-json\/wp\/v2\/pages\/204","targetHints":{"allow":["GET"]}}],"collection":[{"href":"https:\/\/www.daniela-berndt.foundation\/matrix\/wp-json\/wp\/v2\/pages"}],"about":[{"href":"https:\/\/www.daniela-berndt.foundation\/matrix\/wp-json\/wp\/v2\/types\/page"}],"author":[{"embeddable":true,"href":"https:\/\/www.daniela-berndt.foundation\/matrix\/wp-json\/wp\/v2\/users\/1"}],"replies":[{"embeddable":true,"href":"https:\/\/www.daniela-berndt.foundation\/matrix\/wp-json\/wp\/v2\/comments?post=204"}],"version-history":[{"count":31,"href":"https:\/\/www.daniela-berndt.foundation\/matrix\/wp-json\/wp\/v2\/pages\/204\/revisions"}],"predecessor-version":[{"id":5728,"href":"https:\/\/www.daniela-berndt.foundation\/matrix\/wp-json\/wp\/v2\/pages\/204\/revisions\/5728"}],"up":[{"embeddable":true,"href":"https:\/\/www.daniela-berndt.foundation\/matrix\/wp-json\/wp\/v2\/pages\/183"}],"wp:attachment":[{"href":"https:\/\/www.daniela-berndt.foundation\/matrix\/wp-json\/wp\/v2\/media?parent=204"}],"curies":[{"name":"wp","href":"https:\/\/api.w.org\/{rel}","templated":true}]}}