{"id":208,"date":"2016-05-29T23:25:53","date_gmt":"2016-05-29T21:25:53","guid":{"rendered":"http:\/\/daniela-berndt.foundation\/matrix\/?page_id=208"},"modified":"2018-08-16T12:30:20","modified_gmt":"2018-08-16T10:30:20","slug":"regel-5","status":"publish","type":"page","link":"https:\/\/www.daniela-berndt.foundation\/matrix\/de\/feedback\/regel-5\/","title":{"rendered":"Regel 5"},"content":{"rendered":"<h4>Kulturelle Dimension<\/h4>\n<p>Insofern als die wesentliche Eigenschaft eines Konzeptmoduls darin besteht, dass es vorab internationalisert worden sein muss, damit die darin pr\u00e4sentierte Strategie in jedem Land umgesetzt werden kann, und unter Ber\u00fccksichtigung des Englischen als offizielle Internet-Sprache, sind s\u00e4mtliche Diskussionslisten in erster Linie nach Sprachkategorie sortiert, und richten sich demnach an angehende Franchise-Nehmer aus den englischen (1), franz\u00f6sischen (2), und deutschen (3) Sprachr\u00e4umen.<\/p>\n<p><strong>Navigation<\/strong><br \/>\n<a href=\"https:\/\/www.daniela-berndt.foundation\/matrix\/fr\/feedback\/regle-5\/\">FR<\/a> \u2022 <a href=\"https:\/\/www.daniela-berndt.foundation\/matrix\/en\/feedback\/rule-5\/\">EN<\/a> \u2022 <a href=\"https:\/\/www.daniela-berndt.foundation\/matrix\/de\/feedback\/regel-6\/\">R6<\/a><\/p>\n<p><strong>N\u00e4here Angaben<\/strong><br \/>\n(1)\u00a0<a href=\"https:\/\/www.daniela-berndt.foundation\/matrix\/category\/en\/\">https:\/\/www.daniela-berndt.foundation\/matrix\/category\/en\/<\/a><br \/>\n(2)\u00a0<a href=\"https:\/\/www.daniela-berndt.foundation\/matrix\/category\/fr\/\">https:\/\/www.daniela-berndt.foundation\/matrix\/category\/fr\/<\/a><br \/>\n(3)\u00a0<a href=\"https:\/\/www.daniela-berndt.foundation\/matrix\/category\/de\/\">https:\/\/www.daniela-berndt.foundation\/matrix\/category\/de\/<\/a><\/p>\n","protected":false},"excerpt":{"rendered":"<p>Kulturelle Dimension Insofern als die wesentliche Eigenschaft eines Konzeptmoduls darin besteht, dass es vorab internationalisert worden sein muss, damit die darin pr\u00e4sentierte Strategie in&#46;&#46;&#46;<\/p>\n","protected":false},"author":1,"featured_media":0,"parent":183,"menu_order":5,"comment_status":"open","ping_status":"closed","template":"","meta":{"footnotes":""},"class_list":["post-208","page","type-page","status-publish","hentry"],"_links":{"self":[{"href":"https:\/\/www.daniela-berndt.foundation\/matrix\/wp-json\/wp\/v2\/pages\/208","targetHints":{"allow":["GET"]}}],"collection":[{"href":"https:\/\/www.daniela-berndt.foundation\/matrix\/wp-json\/wp\/v2\/pages"}],"about":[{"href":"https:\/\/www.daniela-berndt.foundation\/matrix\/wp-json\/wp\/v2\/types\/page"}],"author":[{"embeddable":true,"href":"https:\/\/www.daniela-berndt.foundation\/matrix\/wp-json\/wp\/v2\/users\/1"}],"replies":[{"embeddable":true,"href":"https:\/\/www.daniela-berndt.foundation\/matrix\/wp-json\/wp\/v2\/comments?post=208"}],"version-history":[{"count":28,"href":"https:\/\/www.daniela-berndt.foundation\/matrix\/wp-json\/wp\/v2\/pages\/208\/revisions"}],"predecessor-version":[{"id":4810,"href":"https:\/\/www.daniela-berndt.foundation\/matrix\/wp-json\/wp\/v2\/pages\/208\/revisions\/4810"}],"up":[{"embeddable":true,"href":"https:\/\/www.daniela-berndt.foundation\/matrix\/wp-json\/wp\/v2\/pages\/183"}],"wp:attachment":[{"href":"https:\/\/www.daniela-berndt.foundation\/matrix\/wp-json\/wp\/v2\/media?parent=208"}],"curies":[{"name":"wp","href":"https:\/\/api.w.org\/{rel}","templated":true}]}}