{"id":21,"date":"2016-05-28T19:09:47","date_gmt":"2016-05-28T17:09:47","guid":{"rendered":"http:\/\/daniela-berndt.foundation\/matrix\/?page_id=21"},"modified":"2018-08-16T12:04:32","modified_gmt":"2018-08-16T10:04:32","slug":"regle-7","status":"publish","type":"page","link":"https:\/\/www.daniela-berndt.foundation\/matrix\/fr\/feedback\/regle-7\/","title":{"rendered":"R\u00e8gle 7"},"content":{"rendered":"<h4>Dimension scientifique<\/h4>\n<p>Forts de ces 180 premiers degr\u00e9s d\u2019exp\u00e9rience acquise en tant que participants potentiels, projetons-nous maintenant dans le r\u00f4le de l\u2019administrateur d\u2019un module WordPress h\u00e9berg\u00e9 chez un fournisseur professionnel tel qu\u2019OVH. Votre parcours d\u2019auto-alignement conceptuel ne pourra en effet \u00eatre consid\u00e9r\u00e9 comme complet que lorsque vous aurez travers\u00e9 le deuxi\u00e8me menu de navigation de ce site.<\/p>\n<p><strong>Navigation<\/strong><br \/>\n<a href=\"https:\/\/www.daniela-berndt.foundation\/matrix\/en\/feedback\/rule-7\/\">EN<\/a> \u2022 <a href=\"https:\/\/www.daniela-berndt.foundation\/matrix\/de\/feedback\/regel-7\/\">DE<\/a> \u2022\u00a0<a href=\"https:\/\/www.daniela-berndt.foundation\/matrix\/fr\/wordpress\/\">Circuit 2<\/a><\/p>\n","protected":false},"excerpt":{"rendered":"<p>Dimension scientifique Forts de ces 180 premiers degr\u00e9s d\u2019exp\u00e9rience acquise en tant que participants potentiels, projetons-nous maintenant dans le r\u00f4le de l\u2019administrateur d\u2019un module&#46;&#46;&#46;<\/p>\n","protected":false},"author":1,"featured_media":0,"parent":2,"menu_order":7,"comment_status":"open","ping_status":"closed","template":"","meta":{"footnotes":""},"class_list":["post-21","page","type-page","status-publish","hentry"],"_links":{"self":[{"href":"https:\/\/www.daniela-berndt.foundation\/matrix\/wp-json\/wp\/v2\/pages\/21","targetHints":{"allow":["GET"]}}],"collection":[{"href":"https:\/\/www.daniela-berndt.foundation\/matrix\/wp-json\/wp\/v2\/pages"}],"about":[{"href":"https:\/\/www.daniela-berndt.foundation\/matrix\/wp-json\/wp\/v2\/types\/page"}],"author":[{"embeddable":true,"href":"https:\/\/www.daniela-berndt.foundation\/matrix\/wp-json\/wp\/v2\/users\/1"}],"replies":[{"embeddable":true,"href":"https:\/\/www.daniela-berndt.foundation\/matrix\/wp-json\/wp\/v2\/comments?post=21"}],"version-history":[{"count":19,"href":"https:\/\/www.daniela-berndt.foundation\/matrix\/wp-json\/wp\/v2\/pages\/21\/revisions"}],"predecessor-version":[{"id":4718,"href":"https:\/\/www.daniela-berndt.foundation\/matrix\/wp-json\/wp\/v2\/pages\/21\/revisions\/4718"}],"up":[{"embeddable":true,"href":"https:\/\/www.daniela-berndt.foundation\/matrix\/wp-json\/wp\/v2\/pages\/2"}],"wp:attachment":[{"href":"https:\/\/www.daniela-berndt.foundation\/matrix\/wp-json\/wp\/v2\/media?parent=21"}],"curies":[{"name":"wp","href":"https:\/\/api.w.org\/{rel}","templated":true}]}}