{"id":212,"date":"2016-05-29T23:26:56","date_gmt":"2016-05-29T21:26:56","guid":{"rendered":"http:\/\/daniela-berndt.foundation\/matrix\/?page_id=212"},"modified":"2018-08-16T12:31:26","modified_gmt":"2018-08-16T10:31:26","slug":"regel-6","status":"publish","type":"page","link":"https:\/\/www.daniela-berndt.foundation\/matrix\/de\/feedback\/regel-6\/","title":{"rendered":"Regel 6"},"content":{"rendered":"<h4>Integrative Dimension<\/h4>\n<p>Damit sichergestellt werden kann, dass diese Feedback-Matrize didaktisch bleibt, muss aus jedem Beitrag klar hervorgehen, dass sich dieses dem konzeptuellen \u00d6kosystem von PlanetPlusUltra\u00ae gewidmeten Feedback-Forum vor allem an nicht-anonyme angehende Franchise-Nehmer richtet. Demzufolge k\u00f6nnen nur solche Beitr\u00e4ge genehmigt werden, die inhaltlich und f\u00f6rmlich folgende Mehrwertvoraussetzungen erf\u00fcllen:<\/p>\n<ol>\n<li>Bei dem Beitrag handelt es sich um einen Kommentar, eine Frage, oder eine Anregung, der\u00b7die etwas Neues bringt (siehe die drei nachstehenden Beispiele).<\/li>\n<li>Das Kommentarfeld darf nicht dazu missbraucht werden, pers\u00f6nliche Fragen zu stellen, die in einem solchen Konzept-Demo-Forum nicht angebracht sind.<\/li>\n<li>Das (optionale) Website-Feld\u00a0darf nicht auf die Seite eines sozialen Netzwerks weiterleiten, sondern vielmehr auf eine Autoren-Website, die ein eindeutiges Konzeptpotential aufweist, das besser dazu geeignet ist, als Beispiel zitiert zu werden.<\/li>\n<\/ol>\n<p>Zu guter Letzt sollten potentielle Teilnehmer wissen, dass mir jeder Beitrag an eine E-Mail-Adresse aus meinem professionellen Web-Hosting-Paket (1) zugestellt werden wird, wobei das E-Mail-Feld in erster Linie dazu dienen sollte, den Absender gegebenenfalls um weitere Informationen zu bitten. In diesem Fall w\u00fcrde der Letztere durch folgende Typen von E-Mail-Adressen eine Antwort bekommen:<\/p>\n<ul>\n<li>[alias]@sfr.fr (in Antwort auf eine von einem franz\u00f6sischen oder europ\u00e4ischen Internet-Dienstanbieter bereitgestellte E-Mail-Adresse [2]);<\/li>\n<li>[basisname]-[schl\u00fcsselwort]@yahoo.fr (in Antwort auf Yahoo! Mail\u00a0oder nicht-europ\u00e4ische E-Mail-Adressen [3]).<\/li>\n<\/ul>\n<p><strong>Navigation<\/strong><br \/>\n<a href=\"https:\/\/www.daniela-berndt.foundation\/matrix\/fr\/feedback\/regle-6\/\">FR<\/a> \u2022 <a href=\"https:\/\/www.daniela-berndt.foundation\/matrix\/en\/feedback\/rule-6\/\">EN<\/a>\u00a0\u2022\u00a0<a href=\"https:\/\/www.daniela-berndt.foundation\/matrix\/de\/feedback\/regel-7\/\">R7<\/a><\/p>\n<p><strong>N\u00e4here Angaben<\/strong><br \/>\n(1)\u00a0<a href=\"https:\/\/www.ovh.de\/hosting\/hosting-pro.xml\" target=\"_blank\" rel=\"noopener\">https:\/\/www.ovh.de\/hosting\/hosting-pro.xml<\/a><br \/>\n(2)\u00a0<a href=\"https:\/\/de.wikipedia.org\/wiki\/E-Mail-Konto#Alias-Adressen_und_Wegwerf-E-Mail-Adressen\" target=\"_blank\" rel=\"noopener\">https:\/\/de.wikipedia.org\/wiki\/&#8230;wegwerf-e-mail-adressen<\/a><br \/>\n(3)\u00a0<a href=\"https:\/\/de.hilfe.yahoo.com\/kb\/SLN16026.html\" target=\"_blank\" rel=\"noopener\">https:\/\/de.hilfe.yahoo.com\/kb\/SLN16026.html<\/a><\/p>\n","protected":false},"excerpt":{"rendered":"<p>Integrative Dimension Damit sichergestellt werden kann, dass diese Feedback-Matrize didaktisch bleibt, muss aus jedem Beitrag klar hervorgehen, dass sich dieses dem konzeptuellen \u00d6kosystem von&#46;&#46;&#46;<\/p>\n","protected":false},"author":1,"featured_media":0,"parent":183,"menu_order":6,"comment_status":"open","ping_status":"closed","template":"","meta":{"footnotes":""},"class_list":["post-212","page","type-page","status-publish","hentry"],"_links":{"self":[{"href":"https:\/\/www.daniela-berndt.foundation\/matrix\/wp-json\/wp\/v2\/pages\/212","targetHints":{"allow":["GET"]}}],"collection":[{"href":"https:\/\/www.daniela-berndt.foundation\/matrix\/wp-json\/wp\/v2\/pages"}],"about":[{"href":"https:\/\/www.daniela-berndt.foundation\/matrix\/wp-json\/wp\/v2\/types\/page"}],"author":[{"embeddable":true,"href":"https:\/\/www.daniela-berndt.foundation\/matrix\/wp-json\/wp\/v2\/users\/1"}],"replies":[{"embeddable":true,"href":"https:\/\/www.daniela-berndt.foundation\/matrix\/wp-json\/wp\/v2\/comments?post=212"}],"version-history":[{"count":37,"href":"https:\/\/www.daniela-berndt.foundation\/matrix\/wp-json\/wp\/v2\/pages\/212\/revisions"}],"predecessor-version":[{"id":4813,"href":"https:\/\/www.daniela-berndt.foundation\/matrix\/wp-json\/wp\/v2\/pages\/212\/revisions\/4813"}],"up":[{"embeddable":true,"href":"https:\/\/www.daniela-berndt.foundation\/matrix\/wp-json\/wp\/v2\/pages\/183"}],"wp:attachment":[{"href":"https:\/\/www.daniela-berndt.foundation\/matrix\/wp-json\/wp\/v2\/media?parent=212"}],"curies":[{"name":"wp","href":"https:\/\/api.w.org\/{rel}","templated":true}]}}