{"id":216,"date":"2016-05-29T23:28:07","date_gmt":"2016-05-29T21:28:07","guid":{"rendered":"http:\/\/daniela-berndt.foundation\/matrix\/?page_id=216"},"modified":"2018-08-16T12:32:00","modified_gmt":"2018-08-16T10:32:00","slug":"regel-7","status":"publish","type":"page","link":"https:\/\/www.daniela-berndt.foundation\/matrix\/de\/feedback\/regel-7\/","title":{"rendered":"Regel 7"},"content":{"rendered":"<h4>Wissenschaftliche Dimension<\/h4>\n<p>Erm\u00e4chtigt durch die erste H\u00e4lfte dieses vorbeugend zu ber\u00fccksichtigenden Erfahrungsberichts, verlassen wir nun die Perspektive des potentiellen Teilnehmers um uns in die Rolle des Administrators eines solchen bei einem professionellen Web-Dienst-Anbieter wie OVH beherbergten WordPress-Moduls zu versetzen. Tats\u00e4chlich wird Ihre konzeptuelle Selbsteingliederung erst dann als vollst\u00e4ndig absolviert gelten k\u00f6nnen, wenn Sie das zweite Navigationsmen\u00fc dieser Website zur Kenntnis genommen haben.<\/p>\n<p><strong>Navigation<\/strong><br \/>\n<a href=\"https:\/\/www.daniela-berndt.foundation\/matrix\/fr\/feedback\/regle-7\/\">FR<\/a>\u00a0\u2022 <a href=\"https:\/\/www.daniela-berndt.foundation\/matrix\/en\/feedback\/rule-7\/\">EN<\/a>\u00a0\u2022\u00a0<a href=\"https:\/\/www.daniela-berndt.foundation\/matrix\/de\/wordpress\/\">Strecke 2<\/a><\/p>\n","protected":false},"excerpt":{"rendered":"<p>Wissenschaftliche Dimension Erm\u00e4chtigt durch die erste H\u00e4lfte dieses vorbeugend zu ber\u00fccksichtigenden Erfahrungsberichts, verlassen wir nun die Perspektive des potentiellen Teilnehmers um uns in die&#46;&#46;&#46;<\/p>\n","protected":false},"author":1,"featured_media":0,"parent":183,"menu_order":7,"comment_status":"open","ping_status":"closed","template":"","meta":{"footnotes":""},"class_list":["post-216","page","type-page","status-publish","hentry"],"_links":{"self":[{"href":"https:\/\/www.daniela-berndt.foundation\/matrix\/wp-json\/wp\/v2\/pages\/216","targetHints":{"allow":["GET"]}}],"collection":[{"href":"https:\/\/www.daniela-berndt.foundation\/matrix\/wp-json\/wp\/v2\/pages"}],"about":[{"href":"https:\/\/www.daniela-berndt.foundation\/matrix\/wp-json\/wp\/v2\/types\/page"}],"author":[{"embeddable":true,"href":"https:\/\/www.daniela-berndt.foundation\/matrix\/wp-json\/wp\/v2\/users\/1"}],"replies":[{"embeddable":true,"href":"https:\/\/www.daniela-berndt.foundation\/matrix\/wp-json\/wp\/v2\/comments?post=216"}],"version-history":[{"count":19,"href":"https:\/\/www.daniela-berndt.foundation\/matrix\/wp-json\/wp\/v2\/pages\/216\/revisions"}],"predecessor-version":[{"id":4815,"href":"https:\/\/www.daniela-berndt.foundation\/matrix\/wp-json\/wp\/v2\/pages\/216\/revisions\/4815"}],"up":[{"embeddable":true,"href":"https:\/\/www.daniela-berndt.foundation\/matrix\/wp-json\/wp\/v2\/pages\/183"}],"wp:attachment":[{"href":"https:\/\/www.daniela-berndt.foundation\/matrix\/wp-json\/wp\/v2\/media?parent=216"}],"curies":[{"name":"wp","href":"https:\/\/api.w.org\/{rel}","templated":true}]}}