{"id":2245,"date":"2018-07-02T18:28:38","date_gmt":"2018-07-02T16:28:38","guid":{"rendered":"https:\/\/www.daniela-berndt.foundation\/matrix\/?page_id=2245"},"modified":"2024-07-09T18:35:11","modified_gmt":"2024-07-09T16:35:11","slug":"entwicklung","status":"publish","type":"page","link":"https:\/\/www.daniela-berndt.foundation\/matrix\/de\/entwicklung\/","title":{"rendered":"Entwicklung"},"content":{"rendered":"<h4>Vorwort<\/h4>\n<p>Angesichts der Tatsache, dass die Zweckbestimmung dieses Feedback-Forums vor allem darin liegt, eine konzeptuelle Trennungslinie zwischen der Konfiguration des Passiv-Bereichs (1) und der Multisite-L\u00f6sung des Aktiv-Bereichs (2) eines und desselben meta-bilanziellen Franchise-Perimeters zu ziehen (3), mit dem Ziel aufzuzeigen, dass die M\u00f6glichkeiten einer Web-Design-App wie RapidWeaver an der Stelle aufh\u00f6ren, wo der Zugriff auf eine CMS-gest\u00fctzte Publikationsl\u00f6sung unvermeidbar wird, w\u00fcrde dieses Web-Modul ohne eine konzeptuelle Quadratur des Probleml\u00f6sungskreises zum Thema der Ereignisprotokollierung (betreffend Metadaten, Komponenten und Inhalte) unvollst\u00e4ndig bleiben.<\/p>\n<p>In der logischen Abfolge des neulich auf meinem Techfolio (5) publizierten Auditberichts zum Inkrafttreten der DSGVO, bietet dieses Feedback-Forum die Gelegenheit, die wichtigsten Etappen der Web-Entwicklung einer nachhaltigen Konzeptl\u00f6sung Revue zu passieren (6).<\/p>\n<p><strong>Navigation<\/strong><br \/>\n<a href=\"https:\/\/www.daniela-berndt.foundation\/matrix\/fr\/developpement\/\">FR<\/a> \u2022 <a href=\"https:\/\/www.daniela-berndt.foundation\/matrix\/en\/development\/\">EN<\/a> \u2022 <a href=\"https:\/\/www.daniela-berndt.foundation\/matrix\/de\/entwicklung\/dimension-1\/\">D1<\/a><\/p>\n<p><strong>N\u00e4here Angaben<\/strong><br \/>\n(1) <a href=\"https:\/\/dashfolio-2018.daniela-berndt.foundation\/de\/impressum\/\" target=\"_blank\" rel=\"noopener\">https:\/\/dashfolio-2018.daniela-berndt.foundation\/de\/impressum\/<\/a><br \/>\n(2)\u00a0<a href=\"https:\/\/www.ovh.de\/hosting\/performance-hosting.xml\" target=\"_blank\" rel=\"noopener\">https:\/\/www.ovh.de\/hosting\/performance-hosting.xml<\/a><br \/>\n(3)\u00a0<a href=\"https:\/\/dashfolio-2016.daniela-berndt.foundation\/de\/weblog\/files\/2016-10-20_programmstatus.html\" target=\"_blank\" rel=\"noopener\">https:\/\/dashfolio-2016.daniela-berndt.foundation\/de\/weblog\/files\/2016-10-20_programmstatus.html<\/a><br \/>\n(4)\u00a0<a href=\"https:\/\/de.wikipedia.org\/wiki\/\u00c4nderungsprotokoll\" target=\"_blank\" rel=\"noopener\">https:\/\/de.wikipedia.org\/wiki\/aenderungsprotokoll<\/a><br \/>\n(5) <a href=\"https:\/\/www.net-plus-ultra.ovh\/de\/?tag=dsgvo\" target=\"_blank\" rel=\"noopener\">https:\/\/www.net-plus-ultra.ovh\/de\/?tag=dsgvo<\/a><br \/>\n(6) <a href=\"https:\/\/www.daniela-berndt.foundation\/matrix\/slidefolio\/menu-3_point-0\/\">https:\/\/www.daniela-berndt.foundation\/matrix\/slidefolio\/menu-3_point-0\/<\/a><\/p>\n","protected":false},"excerpt":{"rendered":"<p>Vorwort Angesichts der Tatsache, dass die Zweckbestimmung dieses Feedback-Forums vor allem darin liegt, eine konzeptuelle Trennungslinie zwischen der Konfiguration des Passiv-Bereichs (1) und der&#46;&#46;&#46;<\/p>\n","protected":false},"author":1,"featured_media":0,"parent":2305,"menu_order":3,"comment_status":"open","ping_status":"closed","template":"","meta":{"footnotes":""},"class_list":["post-2245","page","type-page","status-publish","hentry"],"_links":{"self":[{"href":"https:\/\/www.daniela-berndt.foundation\/matrix\/wp-json\/wp\/v2\/pages\/2245","targetHints":{"allow":["GET"]}}],"collection":[{"href":"https:\/\/www.daniela-berndt.foundation\/matrix\/wp-json\/wp\/v2\/pages"}],"about":[{"href":"https:\/\/www.daniela-berndt.foundation\/matrix\/wp-json\/wp\/v2\/types\/page"}],"author":[{"embeddable":true,"href":"https:\/\/www.daniela-berndt.foundation\/matrix\/wp-json\/wp\/v2\/users\/1"}],"replies":[{"embeddable":true,"href":"https:\/\/www.daniela-berndt.foundation\/matrix\/wp-json\/wp\/v2\/comments?post=2245"}],"version-history":[{"count":28,"href":"https:\/\/www.daniela-berndt.foundation\/matrix\/wp-json\/wp\/v2\/pages\/2245\/revisions"}],"predecessor-version":[{"id":6626,"href":"https:\/\/www.daniela-berndt.foundation\/matrix\/wp-json\/wp\/v2\/pages\/2245\/revisions\/6626"}],"up":[{"embeddable":true,"href":"https:\/\/www.daniela-berndt.foundation\/matrix\/wp-json\/wp\/v2\/pages\/2305"}],"wp:attachment":[{"href":"https:\/\/www.daniela-berndt.foundation\/matrix\/wp-json\/wp\/v2\/media?parent=2245"}],"curies":[{"name":"wp","href":"https:\/\/api.w.org\/{rel}","templated":true}]}}