{"id":2297,"date":"2018-07-02T19:05:20","date_gmt":"2018-07-02T17:05:20","guid":{"rendered":"https:\/\/www.daniela-berndt.foundation\/matrix\/?page_id=2297"},"modified":"2021-03-11T16:50:03","modified_gmt":"2021-03-11T15:50:03","slug":"fr","status":"publish","type":"page","link":"https:\/\/www.daniela-berndt.foundation\/matrix\/fr\/","title":{"rendered":"FRA"},"content":{"rendered":"<p>Bienvenue sur la version 3.2\/2018 enti\u00e8rement r\u00e9vis\u00e9e de ce Forum Aux Questions publi\u00e9 en 2016, qui conserve sa logique de navigation initiale tout en \u00e9toffant ses contenus de quelques listes de discussions.<\/p>\n<p>Parmi les nouveaut\u00e9s les plus apparentes de cette nouvelle version figure le mode de navigation linguistique, que je vous invite \u00e0 red\u00e9couvrir par l\u2019interm\u00e9diaire des sections du menu principal, dont la troisi\u00e8me rubrique a par ailleurs \u00e9t\u00e9 enrichie.<\/p>\n<p>Si les tutoriels du menu principal sont optimis\u00e9s pour une exploration par acc\u00e8s direct \u00e0 ce module collaboratif de gestion de contenus, les listes de discussions ont quant \u00e0 elles \u00e9t\u00e9 repens\u00e9es dans le sens d\u2019un acc\u00e8s indirect, par l\u2019interm\u00e9diaire du champ de recherche, ainsi que de l\u2019ic\u00f4ne de redirection WordPress figurant sur chacune des pages des sites web de mon Webfolio.<\/p>\n<p>Un raccourci vers ces m\u00eames listes de discussions reste n\u00e9anmoins accessible depuis la pr\u00e9sente page d&#8217;accueil, \u00e0 partir de la barre lat\u00e9rale de gauche et des widgets de pied de page, dont les intitul\u00e9s interactifs donnent acc\u00e8s aux sections linguistiques (cat\u00e9gories principales), aux sites web (sous-cat\u00e9gories), ainsi qu\u2019aux listes les plus fr\u00e9quent\u00e9es (articles du blogue FAQ).<\/p>\n<p>Enfin, puisque nous approchons \u00e0 grands pas de la date de lancement de WordPress 5.0, je profite de cette &#8220;r\u00e9ouverture&#8221; pour vous souhaiter un agr\u00e9able red\u00e9ploiement\u2026<\/p>\n<p>Daniela BERNDT<\/p>\n<p><strong>Traductions<\/strong><br \/>\n<a href=\"https:\/\/www.daniela-berndt.foundation\/matrix\/en\/\">Anglais<\/a> \u2022 <a href=\"https:\/\/www.daniela-berndt.foundation\/matrix\/de\/\">Allemand<\/a><\/p>\n<p><strong>Navigation<\/strong><br \/>\n<a href=\"https:\/\/www.daniela-berndt.foundation\/matrix\/fr\/version-1-1-2016\/\">v1.1\/2016<\/a> \u2022 <a href=\"https:\/\/www.daniela-berndt.foundation\/matrix\/fr\/feedback\/\">Circuit 1<\/a><\/p>\n","protected":false},"excerpt":{"rendered":"<p>Bienvenue sur la version 3.2\/2018 enti\u00e8rement r\u00e9vis\u00e9e de ce Forum Aux Questions publi\u00e9 en 2016, qui conserve sa logique de navigation initiale tout en&#46;&#46;&#46;<\/p>\n","protected":false},"author":1,"featured_media":0,"parent":0,"menu_order":3,"comment_status":"closed","ping_status":"closed","template":"","meta":{"footnotes":""},"class_list":["post-2297","page","type-page","status-publish","hentry"],"_links":{"self":[{"href":"https:\/\/www.daniela-berndt.foundation\/matrix\/wp-json\/wp\/v2\/pages\/2297","targetHints":{"allow":["GET"]}}],"collection":[{"href":"https:\/\/www.daniela-berndt.foundation\/matrix\/wp-json\/wp\/v2\/pages"}],"about":[{"href":"https:\/\/www.daniela-berndt.foundation\/matrix\/wp-json\/wp\/v2\/types\/page"}],"author":[{"embeddable":true,"href":"https:\/\/www.daniela-berndt.foundation\/matrix\/wp-json\/wp\/v2\/users\/1"}],"replies":[{"embeddable":true,"href":"https:\/\/www.daniela-berndt.foundation\/matrix\/wp-json\/wp\/v2\/comments?post=2297"}],"version-history":[{"count":39,"href":"https:\/\/www.daniela-berndt.foundation\/matrix\/wp-json\/wp\/v2\/pages\/2297\/revisions"}],"predecessor-version":[{"id":6171,"href":"https:\/\/www.daniela-berndt.foundation\/matrix\/wp-json\/wp\/v2\/pages\/2297\/revisions\/6171"}],"wp:attachment":[{"href":"https:\/\/www.daniela-berndt.foundation\/matrix\/wp-json\/wp\/v2\/media?parent=2297"}],"curies":[{"name":"wp","href":"https:\/\/api.w.org\/{rel}","templated":true}]}}