{"id":2305,"date":"2018-07-02T19:13:27","date_gmt":"2018-07-02T17:13:27","guid":{"rendered":"https:\/\/www.daniela-berndt.foundation\/matrix\/?page_id=2305"},"modified":"2021-03-11T16:49:16","modified_gmt":"2021-03-11T15:49:16","slug":"de","status":"publish","type":"page","link":"https:\/\/www.daniela-berndt.foundation\/matrix\/de\/","title":{"rendered":"DEU"},"content":{"rendered":"<p>Willkommen auf der v\u00f6llig aufarbeiteten v3.2\/2018 dieses 2016 publizierten Feedback-Forums, das neben einer unver\u00e4nderten Navigationslogik um einige Diskussionslisten erg\u00e4nzt wurde.<\/p>\n<p>Unter den sichtbarsten Neuigkeiten dieser neuen Version befindet sich der sprachliche Navigationsmodus, den Sie \u00fcber die entsprechenden Bereiche des Hauptmen\u00fcs neu erkunden k\u00f6nnen, wobei das dritte Untermen\u00fc ebenfalls angereichert wurde.<\/p>\n<p>W\u00e4hrend die Tutorien des Hauptmen\u00fcs f\u00fcr einen direkten Zugriff auf dieses kollaborative CMS-Modul optimiert sind, wurden die Blog-gest\u00fctzten Diskussionen im Sinne eines indirekten Zugriffs \u00fcberarbeitet, und zwar sowohl durch die Suchleiste, als auch mittels der WordPress-Ikone, die ausgehend von jeder einzelnen Webseite meines Webfolios auf die entsprechende Diskussionsliste des vorliegenden Forums weiterleitet.<\/p>\n<p>Die Seitenleisten- und Fussteil-Abk\u00fcrzungen zu diesen Feedback-Listen bleiben jedoch durch die interaktiven Titel erhalten, die jeweils auf die sprachlichen Bereiche (Hauptkategorien), auf die Websites (Unterkategorien), sowie auf die h\u00e4ufigst kommentierten Seiten (einzelne Blog-Eintr\u00e4ge) weiterleiten.<\/p>\n<p>Angesichts der weiteren Tatsache, dass der \u00dcbergang auf WordPress 5.0 immer n\u00e4her r\u00fcckt, m\u00f6chte ich zum Schluss noch die Gelegenheit dieser &#8220;Neueinweihung&#8221; nutzen, um Ihnen eine reibungslose Umstellung zu w\u00fcnschen\u2026<\/p>\n<p>Daniela BERNDT<\/p>\n<p><strong>\u00dcbersetzungen<\/strong><br \/>\n<a href=\"https:\/\/www.daniela-berndt.foundation\/matrix\/fr\/\">Franz\u00f6sisch<\/a> \u2022 <a href=\"https:\/\/www.daniela-berndt.foundation\/matrix\/en\/\">Englisch<\/a><\/p>\n<p><strong>Navigation<\/strong><br \/>\n<a href=\"https:\/\/www.daniela-berndt.foundation\/matrix\/de\/version-1-1-2016\/\">v1.1\/2016<\/a> \u2022 <a href=\"https:\/\/www.daniela-berndt.foundation\/matrix\/de\/feedback\/\">Strecke 1<\/a><\/p>\n","protected":false},"excerpt":{"rendered":"<p>Willkommen auf der v\u00f6llig aufarbeiteten v3.2\/2018 dieses 2016 publizierten Feedback-Forums, das neben einer unver\u00e4nderten Navigationslogik um einige Diskussionslisten erg\u00e4nzt wurde. Unter den sichtbarsten Neuigkeiten&#46;&#46;&#46;<\/p>\n","protected":false},"author":1,"featured_media":0,"parent":0,"menu_order":5,"comment_status":"closed","ping_status":"closed","template":"","meta":{"footnotes":""},"class_list":["post-2305","page","type-page","status-publish","hentry"],"_links":{"self":[{"href":"https:\/\/www.daniela-berndt.foundation\/matrix\/wp-json\/wp\/v2\/pages\/2305","targetHints":{"allow":["GET"]}}],"collection":[{"href":"https:\/\/www.daniela-berndt.foundation\/matrix\/wp-json\/wp\/v2\/pages"}],"about":[{"href":"https:\/\/www.daniela-berndt.foundation\/matrix\/wp-json\/wp\/v2\/types\/page"}],"author":[{"embeddable":true,"href":"https:\/\/www.daniela-berndt.foundation\/matrix\/wp-json\/wp\/v2\/users\/1"}],"replies":[{"embeddable":true,"href":"https:\/\/www.daniela-berndt.foundation\/matrix\/wp-json\/wp\/v2\/comments?post=2305"}],"version-history":[{"count":26,"href":"https:\/\/www.daniela-berndt.foundation\/matrix\/wp-json\/wp\/v2\/pages\/2305\/revisions"}],"predecessor-version":[{"id":6173,"href":"https:\/\/www.daniela-berndt.foundation\/matrix\/wp-json\/wp\/v2\/pages\/2305\/revisions\/6173"}],"wp:attachment":[{"href":"https:\/\/www.daniela-berndt.foundation\/matrix\/wp-json\/wp\/v2\/media?parent=2305"}],"curies":[{"name":"wp","href":"https:\/\/api.w.org\/{rel}","templated":true}]}}