{"id":234,"date":"2016-05-29T23:35:55","date_gmt":"2016-05-29T21:35:55","guid":{"rendered":"http:\/\/daniela-berndt.foundation\/matrix\/?page_id=234"},"modified":"2019-02-21T16:01:06","modified_gmt":"2019-02-21T15:01:06","slug":"wordpress","status":"publish","type":"page","link":"https:\/\/www.daniela-berndt.foundation\/matrix\/de\/wordpress\/","title":{"rendered":"WordPress"},"content":{"rendered":"<h4>Vorwort<\/h4>\n<p>Wie Sie vielleicht wissen, wenn Sie diese Konzeptpr\u00e4sentation bislang mitverfolgt haben, sind in dem geteilten professionellen Web-Hosting-Angebot von OVH (1) vier MySQL-Datenbanken enthalten, die es dem Anwender erlauben, mindestens genauso viele CMS-Module (2) vom Typ WordPress.org (3) zu installieren (nicht zu verwechseln mit dem unter WordPress.com [4] bereitgestellten nativen Web-Hosting-Angebot).<\/p>\n<p>Nach dem Audit der ersten zwei Module, die ich der Entwicklung der Spezifikationen zu meinem Registrierungsportal gewidmet habe (das unter Zugriffsschutz konzipiert wird, um unsichtbar zu bleiben\u00a0[5]), ist diese dritte modulare Erg\u00e4nzung umso wichtiger, als sie es mir erm\u00f6glichen soll, nicht nur dem angehenden Zielpublikum einen \u00dcberblick \u00fcber die innerhalb des Netzwerks geltenden Moderationsregeln zu verschaffen (Feedback-Men\u00fc), sondern auch die zweite allumfassende Version meines Spezifikationsportals zu entwickeln.<\/p>\n<p>Insofern als es sowohl darum geht, Ihnen einen Vorgeschmack f\u00fcr Selbstpublizierung zu geben, als auch den WordPress.org-Kern nachhaltig zu f\u00f6rdern, geht es an dieser Stelle weiter mit dem nachliegenden Einblick in den stufenweisen Produktionsprozess einer solchen Multisite-L\u00f6sung (ganz gleich, ob Sie die Letztere als Website, Blog, Verzeichnis, oder allumfassendes Forum in Erw\u00e4gung ziehen), von dem Zeitpunkt deren Installierung auf einem geteilten Web-Hosting-Server \u00e4hnlich dem, den ich selbst benutze, bis zur Inbetriebnahme des produzierten Web-Dienstes.<\/p>\n<p>Hierzu m\u00f6chte ich noch ausdr\u00fccklich betonen, dass dieses Tutorial zur Implementierung meiner NetPlusUltra\u00ae-gest\u00fctzten Master-Franchise-L\u00f6sung in erster Linie dazu dienen soll, angehende Franchise-Nehmer bei der Selbstvorbereitung ihrer zuk\u00fcnftigen Registrierung zu begleiten, und dass es keinesfalls den Anspruch erhebt, das Forum der WordPress.org-Anwender oder den technischen Dienst von OVH zu ersetzen!<\/p>\n<p><strong>Navigation<\/strong><br \/>\n<a href=\"https:\/\/www.daniela-berndt.foundation\/matrix\/fr\/wordpress\/\">FR<\/a> \u2022 <a href=\"https:\/\/www.daniela-berndt.foundation\/matrix\/en\/wordpress\/\">EN<\/a>\u00a0\u2022\u00a0<a href=\"https:\/\/www.daniela-berndt.foundation\/matrix\/de\/wordpress\/etappe-1\/\">E1<\/a><\/p>\n<p><strong>N\u00e4here Angaben<\/strong><br \/>\n(1)\u00a0<a href=\"https:\/\/www.ovh.de\/hosting\/hosting-pro.xml\" target=\"_blank\" rel=\"noopener\">https:\/\/www.ovh.de\/hosting\/hosting-pro.xml<\/a><br \/>\n(2)\u00a0<a href=\"https:\/\/de.wikipedia.org\/wiki\/Content-Management-System\" target=\"_blank\" rel=\"noopener\">https:\/\/de.wikipedia.org\/wiki\/content-management-system<\/a><br \/>\n(3)\u00a0<a href=\"https:\/\/de.wordpress.org\" target=\"_blank\" rel=\"noopener\">https:\/\/de.wordpress.org<\/a><br \/>\n(4)\u00a0<a href=\"https:\/\/de.wordpress.com\" target=\"_blank\" rel=\"noopener\">https:\/\/de.wordpress.com<\/a><br \/>\n(5)\u00a0<a href=\"https:\/\/www.daniela-berndt.ovh\/de\/agenda\/files\/tag-zugriffsbeschraenkung.html\" target=\"_blank\" rel=\"noopener\">https:\/\/www.daniela-berndt.ovh\/de\/agenda\/files\/tag-zugriffsbeschraenkung.html<\/a><\/p>\n","protected":false},"excerpt":{"rendered":"<p>Vorwort Wie Sie vielleicht wissen, wenn Sie diese Konzeptpr\u00e4sentation bislang mitverfolgt haben, sind in dem geteilten professionellen Web-Hosting-Angebot von OVH (1) vier MySQL-Datenbanken enthalten,&#46;&#46;&#46;<\/p>\n","protected":false},"author":1,"featured_media":0,"parent":2305,"menu_order":2,"comment_status":"open","ping_status":"closed","template":"","meta":{"footnotes":""},"class_list":["post-234","page","type-page","status-publish","hentry"],"_links":{"self":[{"href":"https:\/\/www.daniela-berndt.foundation\/matrix\/wp-json\/wp\/v2\/pages\/234","targetHints":{"allow":["GET"]}}],"collection":[{"href":"https:\/\/www.daniela-berndt.foundation\/matrix\/wp-json\/wp\/v2\/pages"}],"about":[{"href":"https:\/\/www.daniela-berndt.foundation\/matrix\/wp-json\/wp\/v2\/types\/page"}],"author":[{"embeddable":true,"href":"https:\/\/www.daniela-berndt.foundation\/matrix\/wp-json\/wp\/v2\/users\/1"}],"replies":[{"embeddable":true,"href":"https:\/\/www.daniela-berndt.foundation\/matrix\/wp-json\/wp\/v2\/comments?post=234"}],"version-history":[{"count":36,"href":"https:\/\/www.daniela-berndt.foundation\/matrix\/wp-json\/wp\/v2\/pages\/234\/revisions"}],"predecessor-version":[{"id":5729,"href":"https:\/\/www.daniela-berndt.foundation\/matrix\/wp-json\/wp\/v2\/pages\/234\/revisions\/5729"}],"up":[{"embeddable":true,"href":"https:\/\/www.daniela-berndt.foundation\/matrix\/wp-json\/wp\/v2\/pages\/2305"}],"wp:attachment":[{"href":"https:\/\/www.daniela-berndt.foundation\/matrix\/wp-json\/wp\/v2\/media?parent=234"}],"curies":[{"name":"wp","href":"https:\/\/api.w.org\/{rel}","templated":true}]}}