{"id":273,"date":"2016-05-30T18:43:55","date_gmt":"2016-05-30T16:43:55","guid":{"rendered":"http:\/\/daniela-berndt.foundation\/matrix\/?page_id=273"},"modified":"2024-08-02T12:47:18","modified_gmt":"2024-08-02T10:47:18","slug":"configuration","status":"publish","type":"page","link":"https:\/\/www.daniela-berndt.foundation\/matrix\/fr\/configuration\/","title":{"rendered":"Configuration"},"content":{"rendered":"<h4>G\u00e9n\u00e9rique de fin<\/h4>\n<p>Pour la version compl\u00e8te de cet extrait de configuration NetPlusUltra\u00ae recommand\u00e9e relatif \u00e0 une installation WordPress h\u00e9berg\u00e9e chez un fournisseur professionnel, veuillez vous reporter \u00e0 la page Conception\u00a0de mon Dashfolio (1).<\/p>\n<p><strong>Chef de programme web NetPlusUltra\u00ae<\/strong><\/p>\n<p><a href=\"https:\/\/www.daniela-berndt.ovh\" target=\"_blank\" rel=\"noopener noreferrer\">https:\/\/www.daniela-berndt.ovh<\/a><\/p>\n<p><strong>Textes et traductions<\/strong><\/p>\n<p><a href=\"https:\/\/www.daniela-berndt.pro\" target=\"_blank\" rel=\"noopener noreferrer\">https:\/\/www.daniela-berndt.pro<\/a><\/p>\n<p><strong>Images d&#8217;illustration des articles<\/strong><\/p>\n<p><a href=\"https:\/\/pixabay.com\" target=\"_blank\" rel=\"noopener noreferrer\">https:\/\/pixabay.com<\/a>\u00a0(2)<\/p>\n<p><strong>FAI et h\u00e9bergeur web<\/strong><\/p>\n<p><a href=\"https:\/\/www.ovh.com\/fr\/\" target=\"_blank\" rel=\"noopener noreferrer\">https:\/\/www.ovh.com\/fr\/<\/a><\/p>\n<p><strong>Solution d&#8217;h\u00e9bergement web<\/strong><\/p>\n<p><a href=\"https:\/\/www.ovh.com\/fr\/hebergement-web\/hebergement-pro.xml\" target=\"_blank\" rel=\"noopener noreferrer\">https:\/\/www.ovh.com\/fr\/hebergement-web\/hebergement-pro.xml<\/a><\/p>\n<p><strong>Application de cr\u00e9ation de site web<\/strong><\/p>\n<ul>\n<li>WordPress\u00a0v4.5.2+:\u00a0<a href=\"https:\/\/fr.wordpress.org\/about\/roadmap\/\" target=\"_blank\" rel=\"noopener noreferrer\">https:\/\/fr.wordpress.org\/about\/roadmap\/<\/a><\/li>\n<li>\u00c9diteur WordPress actif:\u00a0<a href=\"https:\/\/wordpress.org\/plugins\/classic-editor\/\" target=\"_blank\" rel=\"noopener noreferrer\">https:\/\/wordpress.org\/plugins\/classic-editor\/<\/a><\/li>\n<li>Version OVH:\u00a0<a href=\"https:\/\/www.ovh.com\/fr\/hebergement-web\/site\/wordpress.xml\" target=\"_blank\" rel=\"noopener noreferrer\">https:\/\/www.ovh.com\/fr\/hebergement-web\/site\/wordpress.xml<\/a><\/li>\n<\/ul>\n<p><strong>Mod\u00e8les de site web AlxMedia pour WordPress<\/strong><\/p>\n<ul>\n<li>v1.0\/2016+:\u00a0<a href=\"https:\/\/wordpress.org\/themes\/hueman\/\" target=\"_blank\" rel=\"noopener noreferrer\">https:\/\/wordpress.org\/themes\/hueman\/<\/a><\/li>\n<li>v2.0\/2017+:\u00a0<a href=\"https:\/\/wordpress.org\/themes\/typecore\/\" target=\"_blank\" rel=\"noopener noreferrer\">https:\/\/wordpress.org\/themes\/typecore\/<\/a> (sombre)<\/li>\n<li>v3.2\/2018+:\u00a0<a href=\"https:\/\/wordpress.org\/themes\/typecore\/\" target=\"_blank\" rel=\"noopener noreferrer\">https:\/\/wordpress.org\/themes\/typecore\/<\/a> (clair)<\/li>\n<li>v4.0\/2019+: <a href=\"https:\/\/wordpress.org\/themes\/enspire\" target=\"_blank\" rel=\"noopener noreferrer\">https:\/\/wordpress.org\/themes\/enspire<\/a><\/li>\n<\/ul>\n<hr \/>\n<p><strong>Navigation<\/strong><br \/>\n<a href=\"https:\/\/www.daniela-berndt.foundation\/matrix\/en\/configuration\/\">EN<\/a> \u2022 <a href=\"https:\/\/www.daniela-berndt.foundation\/matrix\/de\/konfiguration\/\">DE<\/a> \u2022 <a href=\"https:\/\/www.daniela-berndt.foundation\/matrix\/fr\/rgpd\/\">RGPD<\/a><\/p>\n<p><strong>Pr\u00e9cisions<\/strong><br \/>\n(1)\u00a0<a href=\"https:\/\/dashfolio-2016.daniela-berndt.foundation\/fr\/conception\/\" target=\"_blank\" rel=\"noopener noreferrer\">https:\/\/dashfolio-2016.daniela-berndt.foundation\/fr\/conception\/<\/a><br \/>\n(2) Pour la version d&#8217;origine d&#8217;une image modifi\u00e9e, veuillez vous reporter \u00e0 la page Conception du site sur lequel elle est utilis\u00e9e.<\/p>\n","protected":false},"excerpt":{"rendered":"<p>G\u00e9n\u00e9rique de fin Pour la version compl\u00e8te de cet extrait de configuration NetPlusUltra\u00ae recommand\u00e9e relatif \u00e0 une installation WordPress h\u00e9berg\u00e9e chez un fournisseur professionnel,&#46;&#46;&#46;<\/p>\n","protected":false},"author":1,"featured_media":0,"parent":2297,"menu_order":4,"comment_status":"closed","ping_status":"closed","template":"","meta":{"footnotes":""},"class_list":["post-273","page","type-page","status-publish","hentry"],"_links":{"self":[{"href":"https:\/\/www.daniela-berndt.foundation\/matrix\/wp-json\/wp\/v2\/pages\/273","targetHints":{"allow":["GET"]}}],"collection":[{"href":"https:\/\/www.daniela-berndt.foundation\/matrix\/wp-json\/wp\/v2\/pages"}],"about":[{"href":"https:\/\/www.daniela-berndt.foundation\/matrix\/wp-json\/wp\/v2\/types\/page"}],"author":[{"embeddable":true,"href":"https:\/\/www.daniela-berndt.foundation\/matrix\/wp-json\/wp\/v2\/users\/1"}],"replies":[{"embeddable":true,"href":"https:\/\/www.daniela-berndt.foundation\/matrix\/wp-json\/wp\/v2\/comments?post=273"}],"version-history":[{"count":154,"href":"https:\/\/www.daniela-berndt.foundation\/matrix\/wp-json\/wp\/v2\/pages\/273\/revisions"}],"predecessor-version":[{"id":6787,"href":"https:\/\/www.daniela-berndt.foundation\/matrix\/wp-json\/wp\/v2\/pages\/273\/revisions\/6787"}],"up":[{"embeddable":true,"href":"https:\/\/www.daniela-berndt.foundation\/matrix\/wp-json\/wp\/v2\/pages\/2297"}],"wp:attachment":[{"href":"https:\/\/www.daniela-berndt.foundation\/matrix\/wp-json\/wp\/v2\/media?parent=273"}],"curies":[{"name":"wp","href":"https:\/\/api.w.org\/{rel}","templated":true}]}}