{"id":277,"date":"2016-05-30T18:45:31","date_gmt":"2016-05-30T16:45:31","guid":{"rendered":"http:\/\/daniela-berndt.foundation\/matrix\/?page_id=277"},"modified":"2018-08-07T13:54:15","modified_gmt":"2018-08-07T11:54:15","slug":"willkommen","status":"publish","type":"page","link":"https:\/\/www.daniela-berndt.foundation\/matrix\/de\/version-1-1-2016\/willkommen\/","title":{"rendered":"Willkommen"},"content":{"rendered":"<h4>Vorwort zur v1.1\/2016<\/h4>\n<p>Fahren wir fort mit unserer Erforschung der besten Netzwerkpraktiken, als konzeptuelle Alternative zu den sozialen Netzwerken, und besch\u00e4ftigen wir uns mit der Quadratur der allgemeinen Feedback-Problematik, mithilfe einer dedizierten WordPress-basierten Website. Fangen wir an mit der selbsterkl\u00e4renden Konzept-Matrize, die jede Diskussionsliste dieses Moduls einrahmt:<\/p>\n<ol>\n<li>Das erste Navigationsmen\u00fc der Kopfleiste, das mit der Feedback-Startseite beginnt, bietet einen Gesamt\u00fcberblick \u00fcber die Regeln der Kunst hinsichtlich der Moderation eines Feedback-Forums zur konzeptuellen Pr\u00e4sentation eines Autoren-Webfolios (eine Website : ein Blog-Eintrag : eine moderierte Diskussionsliste).<\/li>\n<li>Das zweite Navigationsmen\u00fc, das mit der WordPress-Startseite beginnt, erm\u00f6glicht die Betrachtung der gleichen Problematik unter der konkreteren Perspektive eines Audits der WordPress-Umgebung, und zwar in deren von OVH als fester Bestandteil seiner geteilten Web-Hosting-Dienste angebotenen WordPress.org-Aufmachung.<\/li>\n<li>Die linke Seitenleiste bietet einen \u00dcberblick \u00fcber die Themen, die gerade diskutiert werden, und kann sowohl nach popul\u00e4ren Eintr\u00e4gen (Stern-Ikone), als auch nach neuesten Kommentaren (Sprechblasen-Ikone) konsultiert werden.<\/li>\n<li>Die rechte Seitenleiste erlaubt es, diese Inhalte nach Sprachen (Kategorien), Publikationsjahr der zur schriftlichen Diskussion angebotenen Website (Tags), sowie Datum der Hinzuf\u00fcgung neuer Diskussionslisten (Archiv) zu erkunden.<\/li>\n<\/ol>\n<p>Das Suchfeld der Kopfleiste erlaubt ein gezielteres Abfragen der zugrundeliegenden Wissensdatenbank (\u00fcberzeugen Sie sich selbst durch Eingabe solcher Suchbegriffe wie FAQ, Folio und netplusultra z.B.), w\u00e4hrend das untere Navigationsmen\u00fc auf die \u00fcblichen Kontakt-, Impressum- und Aktualisierungsinformationen, sowie auf Eilmeldungen verweist.<\/p>\n<p>Wenn Sie vermeiden m\u00f6chten, dass Ihr Beitrag wegen Irrelevanz abgewiesen wird, sollten Sie als potentieller Teilnehmer mit dem <a href=\"https:\/\/www.daniela-berndt.foundation\/matrix\/de\/feedback\/\">gef\u00fchrten Rundgang<\/a> beginnen !<\/p>\n<blockquote><p>Von Daniela BERNDT, Autorin des Programms NetPlusUltra\u00ae<\/p><\/blockquote>\n<p><strong>\u00dcbersetzungen und Navigation<\/strong><br \/>\n<a href=\"https:\/\/www.daniela-berndt.foundation\/matrix\/fr\/version-1-1-2016\/bienvenue\/\">Franz\u00f6sisch<\/a>\u00a0\u2022 <a href=\"https:\/\/www.daniela-berndt.foundation\/matrix\/en\/version-1-1-2016\/welcome\/\">Englisch<\/a> \u2022 <a href=\"https:\/\/www.daniela-berndt.foundation\/matrix\/de\/konfiguration\/\">Impressum<\/a><\/p>\n","protected":false},"excerpt":{"rendered":"<p>Vorwort zur v1.1\/2016 Fahren wir fort mit unserer Erforschung der besten Netzwerkpraktiken, als konzeptuelle Alternative zu den sozialen Netzwerken, und besch\u00e4ftigen wir uns mit&#46;&#46;&#46;<\/p>\n","protected":false},"author":1,"featured_media":0,"parent":4669,"menu_order":1,"comment_status":"closed","ping_status":"closed","template":"","meta":{"footnotes":""},"class_list":["post-277","page","type-page","status-publish","hentry"],"_links":{"self":[{"href":"https:\/\/www.daniela-berndt.foundation\/matrix\/wp-json\/wp\/v2\/pages\/277","targetHints":{"allow":["GET"]}}],"collection":[{"href":"https:\/\/www.daniela-berndt.foundation\/matrix\/wp-json\/wp\/v2\/pages"}],"about":[{"href":"https:\/\/www.daniela-berndt.foundation\/matrix\/wp-json\/wp\/v2\/types\/page"}],"author":[{"embeddable":true,"href":"https:\/\/www.daniela-berndt.foundation\/matrix\/wp-json\/wp\/v2\/users\/1"}],"replies":[{"embeddable":true,"href":"https:\/\/www.daniela-berndt.foundation\/matrix\/wp-json\/wp\/v2\/comments?post=277"}],"version-history":[{"count":36,"href":"https:\/\/www.daniela-berndt.foundation\/matrix\/wp-json\/wp\/v2\/pages\/277\/revisions"}],"predecessor-version":[{"id":4689,"href":"https:\/\/www.daniela-berndt.foundation\/matrix\/wp-json\/wp\/v2\/pages\/277\/revisions\/4689"}],"up":[{"embeddable":true,"href":"https:\/\/www.daniela-berndt.foundation\/matrix\/wp-json\/wp\/v2\/pages\/4669"}],"wp:attachment":[{"href":"https:\/\/www.daniela-berndt.foundation\/matrix\/wp-json\/wp\/v2\/media?parent=277"}],"curies":[{"name":"wp","href":"https:\/\/api.w.org\/{rel}","templated":true}]}}