{"id":31,"date":"2016-05-28T19:12:11","date_gmt":"2016-05-28T17:12:11","guid":{"rendered":"http:\/\/daniela-berndt.foundation\/matrix\/?page_id=31"},"modified":"2019-02-21T15:32:54","modified_gmt":"2019-02-21T14:32:54","slug":"wordpress","status":"publish","type":"page","link":"https:\/\/www.daniela-berndt.foundation\/matrix\/fr\/wordpress\/","title":{"rendered":"WordPress"},"content":{"rendered":"<h4>Avant-propos<\/h4>\n<p>Comme vous le savez si vous avez suivi cette pr\u00e9sentation de concept jusqu\u2019ici, les h\u00e9bergements mutualis\u00e9s professionnels\u00a0d\u2019OVH\u00a0(1) incluent quatre bases de donn\u00e9es MySQL, qui permettent de cr\u00e9er au moins autant de modules SGC (2) de type WordPress.org (3),\u00a0\u00e0 ne pas confondre avec la plateforme native d&#8217;h\u00e9bergement WordPress.com (4).<\/p>\n<p>En compl\u00e9ment de mes deux premiers modules d\u00e9di\u00e9s \u00e0 la mise au point sp\u00e9cificative de mon portail d\u2019affiliation (invisible car sous\u00a0acc\u00e8s restreint [5]), ce troisi\u00e8me composant modulaire est donc d\u2019autant plus important qu\u2019il doit me permettre non seulement de fournir aux futurs franchis\u00e9s un aper\u00e7u des r\u00e8gles de mod\u00e9ration en vigueur au sein du r\u00e9seau (menu Feedback), mais aussi et surtout d\u2019\u00e9laborer la deuxi\u00e8me version &#8220;tout-en-un&#8221; de mon portail sp\u00e9cificatif.<\/p>\n<p>Consid\u00e9rant par ailleurs que l\u2019objectif est autant de vous donner go\u00fbt \u00e0 l\u2019auto-\u00e9dition que de faire \u00e9voluer le noyau\u00a0WordPress.org, je vous propose de passer en revue les diff\u00e9rentes \u00e9tapes de production d\u2019une telle solution multisite (que vous envisagiez d&#8217;utiliser cette derni\u00e8re comme site, blogue, annuaire, ou forum tout-en-un), depuis son installation sur un serveur web d\u2019h\u00e9bergement mutualis\u00e9 tel que le mien, jusqu\u2019\u00e0 sa mise en ligne.<\/p>\n<p>J\u2019attire votre attention sur le fait que ce tutoriel d\u00e9di\u00e9 \u00e0 l&#8217;impl\u00e9mentation de ma solution de master-franchise web NetPlusUltra\u00ae est fourni \u00e0 titre indicatif dans l\u2019objectif de permettre \u00e0 mes prospects de pr\u00e9parer leur affiliation, et qu\u2019il ne pr\u00e9tend en aucun cas se substituer au forum des utilisateurs WordPress, ni au support technique d\u2019OVH.<\/p>\n<p><strong>Navigation<\/strong><br \/>\n<a href=\"https:\/\/www.daniela-berndt.foundation\/matrix\/en\/wordpress\/\">EN<\/a> \u2022 <a href=\"https:\/\/www.daniela-berndt.foundation\/matrix\/de\/wordpress\/\">DE<\/a> \u2022\u00a0<a href=\"https:\/\/www.daniela-berndt.foundation\/matrix\/fr\/wordpress\/etape-1\/\">\u00c91<\/a><\/p>\n<p><strong>Pr\u00e9cisions<\/strong><br \/>\n(1)\u00a0<a href=\"https:\/\/www.ovh.com\/fr\/hebergement-web\/hebergement-pro.xml\" target=\"_blank\" rel=\"noopener\">https:\/\/www.ovh.com\/fr\/hebergement-web\/hebergement-pro.xml<\/a><br \/>\n(2)\u00a0<a href=\"https:\/\/fr.wikipedia.org\/wiki\/Syst\u00e8me_de_gestion_de_contenu\" target=\"_blank\" rel=\"noopener\">https:\/\/fr.wikipedia.org\/wiki\/systeme-de-gestion-de-contenu<\/a><br \/>\n(3)\u00a0<a href=\"https:\/\/fr.wordpress.org\" target=\"_blank\" rel=\"noopener\">https:\/\/fr.wordpress.org<\/a><br \/>\n(4)\u00a0<a href=\"https:\/\/fr.wordpress.com\" target=\"_blank\" rel=\"noopener\">https:\/\/fr.wordpress.com<\/a><br \/>\n(5)\u00a0<a href=\"https:\/\/www.daniela-berndt.ovh\/fr\/agenda\/files\/tag-acces-restreint.html\" target=\"_blank\" rel=\"noopener\">https:\/\/www.daniela-berndt.ovh\/fr\/agenda\/files\/tag-acces-restreint.html<\/a><\/p>\n","protected":false},"excerpt":{"rendered":"<p>Avant-propos Comme vous le savez si vous avez suivi cette pr\u00e9sentation de concept jusqu\u2019ici, les h\u00e9bergements mutualis\u00e9s professionnels\u00a0d\u2019OVH\u00a0(1) incluent quatre bases de donn\u00e9es MySQL,&#46;&#46;&#46;<\/p>\n","protected":false},"author":1,"featured_media":0,"parent":2297,"menu_order":2,"comment_status":"open","ping_status":"closed","template":"","meta":{"footnotes":""},"class_list":["post-31","page","type-page","status-publish","hentry"],"_links":{"self":[{"href":"https:\/\/www.daniela-berndt.foundation\/matrix\/wp-json\/wp\/v2\/pages\/31","targetHints":{"allow":["GET"]}}],"collection":[{"href":"https:\/\/www.daniela-berndt.foundation\/matrix\/wp-json\/wp\/v2\/pages"}],"about":[{"href":"https:\/\/www.daniela-berndt.foundation\/matrix\/wp-json\/wp\/v2\/types\/page"}],"author":[{"embeddable":true,"href":"https:\/\/www.daniela-berndt.foundation\/matrix\/wp-json\/wp\/v2\/users\/1"}],"replies":[{"embeddable":true,"href":"https:\/\/www.daniela-berndt.foundation\/matrix\/wp-json\/wp\/v2\/comments?post=31"}],"version-history":[{"count":45,"href":"https:\/\/www.daniela-berndt.foundation\/matrix\/wp-json\/wp\/v2\/pages\/31\/revisions"}],"predecessor-version":[{"id":5689,"href":"https:\/\/www.daniela-berndt.foundation\/matrix\/wp-json\/wp\/v2\/pages\/31\/revisions\/5689"}],"up":[{"embeddable":true,"href":"https:\/\/www.daniela-berndt.foundation\/matrix\/wp-json\/wp\/v2\/pages\/2297"}],"wp:attachment":[{"href":"https:\/\/www.daniela-berndt.foundation\/matrix\/wp-json\/wp\/v2\/media?parent=31"}],"curies":[{"name":"wp","href":"https:\/\/api.w.org\/{rel}","templated":true}]}}