{"id":3154,"date":"2018-07-06T18:55:21","date_gmt":"2018-07-06T16:55:21","guid":{"rendered":"https:\/\/www.daniela-berndt.foundation\/matrix\/?page_id=3154"},"modified":"2019-01-05T17:22:36","modified_gmt":"2019-01-05T16:22:36","slug":"dimension-1","status":"publish","type":"page","link":"https:\/\/www.daniela-berndt.foundation\/matrix\/fr\/developpement\/dimension-1\/","title":{"rendered":"Dimension 1"},"content":{"rendered":"<h4>Continuit\u00e9<\/h4>\n<p>En mati\u00e8re de d\u00e9veloppement web durable, la notion de continuit\u00e9 (1) de service fait r\u00e9f\u00e9rence \u00e0 toutes les pr\u00e9cautions que se doit de prendre le fournisseur de contenus \u00e0 l\u2019\u00e9gard de ces utilisateurs et partenaires, pour \u00e9viter que ces derniers ne perdent le fil de la logique des mises \u00e0 jour successives de fond et de forme par rapport \u00e0 une d\u00e9claration de mission (2) d\u00e9clin\u00e9e en p\u00e9rim\u00e8tres d\u2019actions (3) sous audit permanent.<\/p>\n<p><strong>Navigation<\/strong><br \/>\n<a href=\"https:\/\/www.daniela-berndt.foundation\/matrix\/en\/development\/dimension-1\/\">EN<\/a> \u2022 <a href=\"https:\/\/www.daniela-berndt.foundation\/matrix\/de\/entwicklung\/dimension-1\/\">DE<\/a> \u2022\u00a0<a href=\"https:\/\/www.daniela-berndt.foundation\/matrix\/fr\/developpement\/dimension-2\/\">D2<\/a><\/p>\n<p><strong>Pr\u00e9cisions<\/strong><br \/>\n(1) <a href=\"https:\/\/fr.wikipedia.org\/wiki\/Continuit\u00e9\" target=\"_blank\" rel=\"noopener\">https:\/\/fr.wikipedia.org\/wiki\/continuite<\/a><br \/>\n(2) <a href=\"https:\/\/exterfolio.daniela-berndt.foundation\" target=\"_blank\" rel=\"noopener\">https:\/\/exterfolio.daniela-berndt.foundation<\/a><br \/>\n(3) <a href=\"https:\/\/www.daniela-berndt.ovh\/fr\/agenda\/\">https:\/\/www.daniela-berndt.ovh\/fr\/agenda\/<\/a><\/p>\n","protected":false},"excerpt":{"rendered":"<p>Continuit\u00e9 En mati\u00e8re de d\u00e9veloppement web durable, la notion de continuit\u00e9 (1) de service fait r\u00e9f\u00e9rence \u00e0 toutes les pr\u00e9cautions que se doit de&#46;&#46;&#46;<\/p>\n","protected":false},"author":1,"featured_media":0,"parent":2237,"menu_order":1,"comment_status":"open","ping_status":"closed","template":"","meta":{"footnotes":""},"class_list":["post-3154","page","type-page","status-publish","hentry"],"_links":{"self":[{"href":"https:\/\/www.daniela-berndt.foundation\/matrix\/wp-json\/wp\/v2\/pages\/3154","targetHints":{"allow":["GET"]}}],"collection":[{"href":"https:\/\/www.daniela-berndt.foundation\/matrix\/wp-json\/wp\/v2\/pages"}],"about":[{"href":"https:\/\/www.daniela-berndt.foundation\/matrix\/wp-json\/wp\/v2\/types\/page"}],"author":[{"embeddable":true,"href":"https:\/\/www.daniela-berndt.foundation\/matrix\/wp-json\/wp\/v2\/users\/1"}],"replies":[{"embeddable":true,"href":"https:\/\/www.daniela-berndt.foundation\/matrix\/wp-json\/wp\/v2\/comments?post=3154"}],"version-history":[{"count":13,"href":"https:\/\/www.daniela-berndt.foundation\/matrix\/wp-json\/wp\/v2\/pages\/3154\/revisions"}],"predecessor-version":[{"id":5481,"href":"https:\/\/www.daniela-berndt.foundation\/matrix\/wp-json\/wp\/v2\/pages\/3154\/revisions\/5481"}],"up":[{"embeddable":true,"href":"https:\/\/www.daniela-berndt.foundation\/matrix\/wp-json\/wp\/v2\/pages\/2237"}],"wp:attachment":[{"href":"https:\/\/www.daniela-berndt.foundation\/matrix\/wp-json\/wp\/v2\/media?parent=3154"}],"curies":[{"name":"wp","href":"https:\/\/api.w.org\/{rel}","templated":true}]}}