{"id":3159,"date":"2018-07-06T18:57:18","date_gmt":"2018-07-06T16:57:18","guid":{"rendered":"https:\/\/www.daniela-berndt.foundation\/matrix\/?page_id=3159"},"modified":"2019-02-21T16:06:22","modified_gmt":"2019-02-21T15:06:22","slug":"dimension-1","status":"publish","type":"page","link":"https:\/\/www.daniela-berndt.foundation\/matrix\/de\/entwicklung\/dimension-1\/","title":{"rendered":"Dimension 1"},"content":{"rendered":"<h4>Kontinuit\u00e4t<\/h4>\n<p>Im Bereich der nachhaltigen Netzwerkentwicklung bezieht sich der Begriff der Kontinuit\u00e4t von Web-Diensten (1) auf s\u00e4mtliche vorbeugenden Massnahmen, die ein Web-Dienstanbieter gegen\u00fcber seinen Anwendern und Partnern treffen muss, um zu verhindern, dass die Letzteren den \u00dcberblick \u00fcber die f\u00f6rmlichen und inhaltlichen Aktualisierungen verlieren, die mit der Umsetzung einer Auftragserkl\u00e4rung (2) in Aktionspl\u00e4nen unter permanenter \u00dcberwachung (3) einhergehen.<\/p>\n<p><strong>Navigation<\/strong><br \/>\n<a href=\"https:\/\/www.daniela-berndt.foundation\/matrix\/fr\/developpement\/dimension-1\/\">FR<\/a> \u2022 <a href=\"https:\/\/www.daniela-berndt.foundation\/matrix\/en\/development\/dimension-1\/\">EN<\/a> \u2022\u00a0<a href=\"https:\/\/www.daniela-berndt.foundation\/matrix\/de\/entwicklung\/dimension-2\/\">D2<\/a><\/p>\n<p><strong>Further reading<\/strong><br \/>\n(1) <a href=\"https:\/\/de.wikipedia.org\/wiki\/Kontinuit\u00e4t\" target=\"_blank\" rel=\"noopener\">https:\/\/de.wikipedia.org\/wiki\/kontinuitaet<\/a><br \/>\n(2) <a href=\"https:\/\/exterfolio.daniela-berndt.foundation\" target=\"_blank\" rel=\"noopener\">https:\/\/exterfolio.daniela-berndt.foundation<\/a><br \/>\n(3) <a href=\"https:\/\/www.daniela-berndt.ovh\/de\/agenda\/\" target=\"_blank\" rel=\"noopener\">https:\/\/www.daniela-berndt.ovh\/de\/agenda\/<\/a><\/p>\n","protected":false},"excerpt":{"rendered":"<p>Kontinuit\u00e4t Im Bereich der nachhaltigen Netzwerkentwicklung bezieht sich der Begriff der Kontinuit\u00e4t von Web-Diensten (1) auf s\u00e4mtliche vorbeugenden Massnahmen, die ein Web-Dienstanbieter gegen\u00fcber seinen&#46;&#46;&#46;<\/p>\n","protected":false},"author":1,"featured_media":0,"parent":2245,"menu_order":1,"comment_status":"open","ping_status":"closed","template":"","meta":{"footnotes":""},"class_list":["post-3159","page","type-page","status-publish","hentry"],"_links":{"self":[{"href":"https:\/\/www.daniela-berndt.foundation\/matrix\/wp-json\/wp\/v2\/pages\/3159","targetHints":{"allow":["GET"]}}],"collection":[{"href":"https:\/\/www.daniela-berndt.foundation\/matrix\/wp-json\/wp\/v2\/pages"}],"about":[{"href":"https:\/\/www.daniela-berndt.foundation\/matrix\/wp-json\/wp\/v2\/types\/page"}],"author":[{"embeddable":true,"href":"https:\/\/www.daniela-berndt.foundation\/matrix\/wp-json\/wp\/v2\/users\/1"}],"replies":[{"embeddable":true,"href":"https:\/\/www.daniela-berndt.foundation\/matrix\/wp-json\/wp\/v2\/comments?post=3159"}],"version-history":[{"count":13,"href":"https:\/\/www.daniela-berndt.foundation\/matrix\/wp-json\/wp\/v2\/pages\/3159\/revisions"}],"predecessor-version":[{"id":5735,"href":"https:\/\/www.daniela-berndt.foundation\/matrix\/wp-json\/wp\/v2\/pages\/3159\/revisions\/5735"}],"up":[{"embeddable":true,"href":"https:\/\/www.daniela-berndt.foundation\/matrix\/wp-json\/wp\/v2\/pages\/2245"}],"wp:attachment":[{"href":"https:\/\/www.daniela-berndt.foundation\/matrix\/wp-json\/wp\/v2\/media?parent=3159"}],"curies":[{"name":"wp","href":"https:\/\/api.w.org\/{rel}","templated":true}]}}