{"id":3161,"date":"2018-07-06T18:57:58","date_gmt":"2018-07-06T16:57:58","guid":{"rendered":"https:\/\/www.daniela-berndt.foundation\/matrix\/?page_id=3161"},"modified":"2024-07-09T18:38:35","modified_gmt":"2024-07-09T16:38:35","slug":"dimension-2","status":"publish","type":"page","link":"https:\/\/www.daniela-berndt.foundation\/matrix\/fr\/developpement\/dimension-2\/","title":{"rendered":"Dimension 2"},"content":{"rendered":"<h4>Responsabilit\u00e9<\/h4>\n<p>C\u2019est donc avant tout par une d\u00e9finition transparente du statut (1) et des responsabilit\u00e9s (2) de chaque participant \u00e0 un forum de franchise web particulier, ainsi que des changements apport\u00e9s \u00e0 ce &#8220;qui fait quoi&#8221; \u00e9l\u00e9mentaire, que se verrouille conceptuellement un Syst\u00e8me de Gestion des Contenus multi-utilisateurs dans le sens de l\u2019atteinte de l\u2019objectif d\u00e9clar\u00e9.<\/p>\n<p>Pour permettre \u00e0 chaque utilisateur d\u00fbment inscrit de s\u2019y retrouver, le r\u00e8glement de franchise web NetPlusUltra\u00ae stipule par ailleurs que chaque information &#8220;pr\u00e9lev\u00e9e&#8221; \u00e0 l&#8217;utilisateur par l&#8217;interm\u00e9diaire d&#8217;un\u00a0champ de formulaire lors d\u2019une inscription (3) doit \u00eatre restitu\u00e9e au franchis\u00e9 sous la forme d\u2019un service d\u2019annuaire r\u00e9seau ([4], [5]).<\/p>\n<p><strong>Navigation<\/strong><br \/>\n<a href=\"https:\/\/www.daniela-berndt.foundation\/matrix\/en\/development\/dimension-2\/\">EN<\/a> \u2022 <a href=\"https:\/\/www.daniela-berndt.foundation\/matrix\/de\/entwicklung\/dimension-2\/\">DE<\/a> \u2022\u00a0<a href=\"https:\/\/www.daniela-berndt.foundation\/matrix\/fr\/developpement\/dimension-3\/\">D3<\/a><\/p>\n<p><strong>Pr\u00e9cisions<\/strong><br \/>\n(1) <a href=\"https:\/\/fr.wikipedia.org\/wiki\/Statut\" target=\"_blank\" rel=\"noopener\">https:\/\/fr.wikipedia.org\/wiki\/statut<\/a><br \/>\n(2) <a href=\"https:\/\/fr.wikipedia.org\/wiki\/Responsabilit\u00e9\" target=\"_blank\" rel=\"noopener\">https:\/\/fr.wikipedia.org\/wiki\/responsabilite<\/a><br \/>\n(3)\u00a0<a href=\"https:\/\/dashfolio-2018.daniela-berndt.foundation\/fr\/franchise\/\" target=\"_blank\" rel=\"noopener\">https:\/\/dashfolio-2018.daniela-berndt.foundation\/fr\/franchise\/<\/a><br \/>\n(4)\u00a0<a href=\"https:\/\/www.net-plus-ultra.eu\" target=\"_blank\" rel=\"noopener\">https:\/\/www.net-plus-ultra.eu<\/a><br \/>\n(5)\u00a0<a href=\"https:\/\/www.net-plus-ultra.global\" target=\"_blank\" rel=\"noopener\">https:\/\/www.net-plus-ultra.global<\/a><\/p>\n","protected":false},"excerpt":{"rendered":"<p>Responsabilit\u00e9 C\u2019est donc avant tout par une d\u00e9finition transparente du statut (1) et des responsabilit\u00e9s (2) de chaque participant \u00e0 un forum de franchise&#46;&#46;&#46;<\/p>\n","protected":false},"author":1,"featured_media":0,"parent":2237,"menu_order":2,"comment_status":"open","ping_status":"closed","template":"","meta":{"footnotes":""},"class_list":["post-3161","page","type-page","status-publish","hentry"],"_links":{"self":[{"href":"https:\/\/www.daniela-berndt.foundation\/matrix\/wp-json\/wp\/v2\/pages\/3161","targetHints":{"allow":["GET"]}}],"collection":[{"href":"https:\/\/www.daniela-berndt.foundation\/matrix\/wp-json\/wp\/v2\/pages"}],"about":[{"href":"https:\/\/www.daniela-berndt.foundation\/matrix\/wp-json\/wp\/v2\/types\/page"}],"author":[{"embeddable":true,"href":"https:\/\/www.daniela-berndt.foundation\/matrix\/wp-json\/wp\/v2\/users\/1"}],"replies":[{"embeddable":true,"href":"https:\/\/www.daniela-berndt.foundation\/matrix\/wp-json\/wp\/v2\/comments?post=3161"}],"version-history":[{"count":24,"href":"https:\/\/www.daniela-berndt.foundation\/matrix\/wp-json\/wp\/v2\/pages\/3161\/revisions"}],"predecessor-version":[{"id":6627,"href":"https:\/\/www.daniela-berndt.foundation\/matrix\/wp-json\/wp\/v2\/pages\/3161\/revisions\/6627"}],"up":[{"embeddable":true,"href":"https:\/\/www.daniela-berndt.foundation\/matrix\/wp-json\/wp\/v2\/pages\/2237"}],"wp:attachment":[{"href":"https:\/\/www.daniela-berndt.foundation\/matrix\/wp-json\/wp\/v2\/media?parent=3161"}],"curies":[{"name":"wp","href":"https:\/\/api.w.org\/{rel}","templated":true}]}}