{"id":3167,"date":"2018-07-06T18:59:57","date_gmt":"2018-07-06T16:59:57","guid":{"rendered":"https:\/\/www.daniela-berndt.foundation\/matrix\/?page_id=3167"},"modified":"2019-02-21T15:46:15","modified_gmt":"2019-02-21T14:46:15","slug":"dimension-3","status":"publish","type":"page","link":"https:\/\/www.daniela-berndt.foundation\/matrix\/fr\/developpement\/dimension-3\/","title":{"rendered":"Dimension 3"},"content":{"rendered":"<h4>Durabilit\u00e9<\/h4>\n<p>Sur les plans \u00e9conomique et financier, c\u2019est le tableau de bord RSS annuel, ou Dashfolio NetPlusUltra\u00ae (1), qui, en tant que support de communication web relatif au syst\u00e8me de reporting de gestion sous-jacent, assure \u00e0 tous les niveaux (2) la continuit\u00e9 du service d\u2019information aux publics des prospects \u00e0 l\u2019affiliation, en enti\u00e8re conformit\u00e9 conceptuelle avec le principe (obligatoire ou facultatif) de reddition des comptes (au sens large [3]).<\/p>\n<p><strong>Navigation<\/strong><br \/>\n<a href=\"https:\/\/www.daniela-berndt.foundation\/matrix\/en\/development\/dimension-3\/\">EN<\/a> \u2022 <a href=\"https:\/\/www.daniela-berndt.foundation\/matrix\/de\/entwicklung\/dimension-3\/\">DE<\/a> \u2022\u00a0<a href=\"https:\/\/www.daniela-berndt.foundation\/matrix\/fr\/developpement\/dimension-4\/\">D4<\/a><\/p>\n<p><strong>Pr\u00e9cisions<\/strong><br \/>\n(1) <a href=\"https:\/\/www.daniela-berndt.ovh\/fr\/agenda\/files\/tag-tableau-de-bord.html\" target=\"_blank\" rel=\"noopener\">https:\/\/www.daniela-berndt.ovh\/fr\/agenda\/files\/tag-tableau-de-bord.html<\/a><br \/>\n(2) <a href=\"https:\/\/testfolio-v2.daniela-berndt.foundation\/fr\/votre-tdb\/\" target=\"_blank\" rel=\"noopener\">https:\/\/testfolio-v2.daniela-berndt.foundation\/fr\/votre-tdb\/<\/a><br \/>\n(3) <a href=\"https:\/\/fr.wikipedia.org\/wiki\/Contr\u00f4le_de_gestion\" target=\"_blank\" rel=\"noopener\">https:\/\/fr.wikipedia.org\/wiki\/controle-de-gestion<\/a><\/p>\n","protected":false},"excerpt":{"rendered":"<p>Durabilit\u00e9 Sur les plans \u00e9conomique et financier, c\u2019est le tableau de bord RSS annuel, ou Dashfolio NetPlusUltra\u00ae (1), qui, en tant que support de&#46;&#46;&#46;<\/p>\n","protected":false},"author":1,"featured_media":0,"parent":2237,"menu_order":3,"comment_status":"open","ping_status":"closed","template":"","meta":{"footnotes":""},"class_list":["post-3167","page","type-page","status-publish","hentry"],"_links":{"self":[{"href":"https:\/\/www.daniela-berndt.foundation\/matrix\/wp-json\/wp\/v2\/pages\/3167","targetHints":{"allow":["GET"]}}],"collection":[{"href":"https:\/\/www.daniela-berndt.foundation\/matrix\/wp-json\/wp\/v2\/pages"}],"about":[{"href":"https:\/\/www.daniela-berndt.foundation\/matrix\/wp-json\/wp\/v2\/types\/page"}],"author":[{"embeddable":true,"href":"https:\/\/www.daniela-berndt.foundation\/matrix\/wp-json\/wp\/v2\/users\/1"}],"replies":[{"embeddable":true,"href":"https:\/\/www.daniela-berndt.foundation\/matrix\/wp-json\/wp\/v2\/comments?post=3167"}],"version-history":[{"count":18,"href":"https:\/\/www.daniela-berndt.foundation\/matrix\/wp-json\/wp\/v2\/pages\/3167\/revisions"}],"predecessor-version":[{"id":5704,"href":"https:\/\/www.daniela-berndt.foundation\/matrix\/wp-json\/wp\/v2\/pages\/3167\/revisions\/5704"}],"up":[{"embeddable":true,"href":"https:\/\/www.daniela-berndt.foundation\/matrix\/wp-json\/wp\/v2\/pages\/2237"}],"wp:attachment":[{"href":"https:\/\/www.daniela-berndt.foundation\/matrix\/wp-json\/wp\/v2\/media?parent=3167"}],"curies":[{"name":"wp","href":"https:\/\/api.w.org\/{rel}","templated":true}]}}