{"id":3171,"date":"2018-07-06T19:00:51","date_gmt":"2018-07-06T17:00:51","guid":{"rendered":"https:\/\/www.daniela-berndt.foundation\/matrix\/?page_id=3171"},"modified":"2019-02-21T16:08:25","modified_gmt":"2019-02-21T15:08:25","slug":"dimension-3","status":"publish","type":"page","link":"https:\/\/www.daniela-berndt.foundation\/matrix\/de\/entwicklung\/dimension-3\/","title":{"rendered":"Dimension 3"},"content":{"rendered":"<h4>Nachhaltigkeit<\/h4>\n<p>Aus der finanzwirtschaftlichen Perspektive ist es das j\u00e4hrliche RSS-Dashboard, oder NetPlusUltra\u00ae-gest\u00fctzte Dashfolio (1), das als Kommunikationsgrundlage \u00fcber das zugrundeliegende Reporting-System auf jeder Ebene (2) die Kontinuit\u00e4t des Informationsdienstes an die verschiedenen Zielgruppen gew\u00e4hrleistet, in konzeptuellem Einklang mit dem (allgemeinen) Prinzip der (obligatorischen oder fakultativen) Rechnungslegung (3).<\/p>\n<p><strong>Navigation<\/strong><br \/>\n<a href=\"https:\/\/www.daniela-berndt.foundation\/matrix\/fr\/developpement\/dimension-3\/\">FR<\/a> \u2022 <a href=\"https:\/\/www.daniela-berndt.foundation\/matrix\/en\/development\/dimension-3\/\">EN<\/a> \u2022\u00a0<a href=\"https:\/\/www.daniela-berndt.foundation\/matrix\/de\/entwicklung\/dimension-4\/\">D4<\/a><\/p>\n<p><strong>N\u00e4here Angaben<\/strong><br \/>\n(1) <a href=\"https:\/\/www.daniela-berndt.ovh\/de\/agenda\/files\/tag-dashboard.html\" target=\"_blank\" rel=\"noopener\">https:\/\/www.daniela-berndt.ovh\/de\/agenda\/files\/tag-dashboard.html<\/a><br \/>\n(2) <a href=\"https:\/\/testfolio-v2.daniela-berndt.foundation\/de\/dashboard\/\" target=\"_blank\" rel=\"noopener\">https:\/\/testfolio-v2.daniela-berndt.foundation\/de\/dashboard\/<\/a><br \/>\n(3) <a href=\"https:\/\/de.wikipedia.org\/wiki\/Controlling\" target=\"_blank\" rel=\"noopener\">https:\/\/de.wikipedia.org\/wiki\/controlling<\/a><\/p>\n","protected":false},"excerpt":{"rendered":"<p>Nachhaltigkeit Aus der finanzwirtschaftlichen Perspektive ist es das j\u00e4hrliche RSS-Dashboard, oder NetPlusUltra\u00ae-gest\u00fctzte Dashfolio (1), das als Kommunikationsgrundlage \u00fcber das zugrundeliegende Reporting-System auf jeder Ebene&#46;&#46;&#46;<\/p>\n","protected":false},"author":1,"featured_media":0,"parent":2245,"menu_order":3,"comment_status":"open","ping_status":"closed","template":"","meta":{"footnotes":""},"class_list":["post-3171","page","type-page","status-publish","hentry"],"_links":{"self":[{"href":"https:\/\/www.daniela-berndt.foundation\/matrix\/wp-json\/wp\/v2\/pages\/3171","targetHints":{"allow":["GET"]}}],"collection":[{"href":"https:\/\/www.daniela-berndt.foundation\/matrix\/wp-json\/wp\/v2\/pages"}],"about":[{"href":"https:\/\/www.daniela-berndt.foundation\/matrix\/wp-json\/wp\/v2\/types\/page"}],"author":[{"embeddable":true,"href":"https:\/\/www.daniela-berndt.foundation\/matrix\/wp-json\/wp\/v2\/users\/1"}],"replies":[{"embeddable":true,"href":"https:\/\/www.daniela-berndt.foundation\/matrix\/wp-json\/wp\/v2\/comments?post=3171"}],"version-history":[{"count":13,"href":"https:\/\/www.daniela-berndt.foundation\/matrix\/wp-json\/wp\/v2\/pages\/3171\/revisions"}],"predecessor-version":[{"id":5739,"href":"https:\/\/www.daniela-berndt.foundation\/matrix\/wp-json\/wp\/v2\/pages\/3171\/revisions\/5739"}],"up":[{"embeddable":true,"href":"https:\/\/www.daniela-berndt.foundation\/matrix\/wp-json\/wp\/v2\/pages\/2245"}],"wp:attachment":[{"href":"https:\/\/www.daniela-berndt.foundation\/matrix\/wp-json\/wp\/v2\/media?parent=3171"}],"curies":[{"name":"wp","href":"https:\/\/api.w.org\/{rel}","templated":true}]}}