{"id":33,"date":"2016-05-28T19:14:19","date_gmt":"2016-05-28T17:14:19","guid":{"rendered":"http:\/\/daniela-berndt.foundation\/matrix\/?page_id=33"},"modified":"2018-08-22T18:55:14","modified_gmt":"2018-08-22T16:55:14","slug":"etape-1","status":"publish","type":"page","link":"https:\/\/www.daniela-berndt.foundation\/matrix\/fr\/wordpress\/etape-1\/","title":{"rendered":"\u00c9tape 1"},"content":{"rendered":"<h4>Pr\u00e9paration<\/h4>\n<p>Plut\u00f4t que d\u2019installer un ou plusieurs modules \u00e0 l\u2019aveugle, prenez le temps de r\u00e9fl\u00e9chir \u00e0 quel(s) usage(s) vous entendez le(s) d\u00e9dier. WordPress se pr\u00eate effectivement tout particuli\u00e8rement \u00e0 la production collaborative, et il serait dommage de gaspiller un tel potentiel pour un simple site d\u2019information pour lequel un outil d\u2019\u00e9dition web tel que RapidWeaver (version du Mac App Store) ferait beaucoup plus simplement l\u2019affaire.<\/p>\n<p>Consid\u00e9rant donc qu\u2019il faut avoir une certaine vision d\u2019avance pour optimiser, sur un h\u00e9bergement professionnel mutualis\u00e9, une installation WordPress comprenant quatre bases de donn\u00e9es MySQL (trois de 400 Mo, et une de 2 Go) permettant chacune jusqu\u2019\u00e0 30 connexions simultan\u00e9es, il est imp\u00e9ratif de se poser les questions suivantes, dans l\u2019ordre s\u00e9quentiel (chrono)logique du processus de production, avant toute installation:<\/p>\n<ul>\n<li><strong>1. Quoi :<\/strong> quel est mon argumentaire pour chaque module \u00e0 installer ?<\/li>\n<li><strong>2. Qui :<\/strong> quels sont mes publics cibles (groupes de prospects) ?<\/li>\n<li><strong>3. Quand :<\/strong> dans quel ordre vais-je publier ces modules ?<\/li>\n<li><strong>4. Pourquoi<\/strong> choisir WordPress plut\u00f4t qu\u2019un autre syst\u00e8me de gestion de contenus ?<\/li>\n<li><strong>5. Comment<\/strong> vais-je r\u00e9partir ces modules sur mes quatre bases de donn\u00e9es\u00a0(1)\u00a0?<\/li>\n<li><strong>6. O\u00f9<\/strong>, c\u2019est-\u00e0-dire dans quel(s) r\u00e9pertoire(s) de mon serveur, vais-je installer ce(s) module(s) ?<\/li>\n<\/ul>\n<p><strong>Navigation<\/strong><br \/>\n<a href=\"https:\/\/www.daniela-berndt.foundation\/matrix\/en\/wordpress\/step-1\/\">EN<\/a> \u2022 <a href=\"https:\/\/www.daniela-berndt.foundation\/matrix\/de\/wordpress\/etappe-1\/\">DE<\/a>\u00a0\u2022\u00a0<a href=\"https:\/\/www.daniela-berndt.foundation\/matrix\/fr\/wordpress\/etape-2\/\">\u00c92<\/a><\/p>\n<p><strong>Pr\u00e9cisions<\/strong><br \/>\n(1) Pour vous donner un ordre de grandeur, la v1.6\/2018 augment\u00e9e de ce module FAQ occupait 8,35 Mo\u00a0sur 400 Mo au moment sa publication (c\u2019est-\u00e0-dire de sa &#8220;r\u00e9ouverture&#8221; \u00e0 discussion).<\/p>\n","protected":false},"excerpt":{"rendered":"<p>Pr\u00e9paration Plut\u00f4t que d\u2019installer un ou plusieurs modules \u00e0 l\u2019aveugle, prenez le temps de r\u00e9fl\u00e9chir \u00e0 quel(s) usage(s) vous entendez le(s) d\u00e9dier. WordPress se&#46;&#46;&#46;<\/p>\n","protected":false},"author":1,"featured_media":0,"parent":31,"menu_order":1,"comment_status":"open","ping_status":"closed","template":"","meta":{"footnotes":""},"class_list":["post-33","page","type-page","status-publish","hentry"],"_links":{"self":[{"href":"https:\/\/www.daniela-berndt.foundation\/matrix\/wp-json\/wp\/v2\/pages\/33","targetHints":{"allow":["GET"]}}],"collection":[{"href":"https:\/\/www.daniela-berndt.foundation\/matrix\/wp-json\/wp\/v2\/pages"}],"about":[{"href":"https:\/\/www.daniela-berndt.foundation\/matrix\/wp-json\/wp\/v2\/types\/page"}],"author":[{"embeddable":true,"href":"https:\/\/www.daniela-berndt.foundation\/matrix\/wp-json\/wp\/v2\/users\/1"}],"replies":[{"embeddable":true,"href":"https:\/\/www.daniela-berndt.foundation\/matrix\/wp-json\/wp\/v2\/comments?post=33"}],"version-history":[{"count":40,"href":"https:\/\/www.daniela-berndt.foundation\/matrix\/wp-json\/wp\/v2\/pages\/33\/revisions"}],"predecessor-version":[{"id":5262,"href":"https:\/\/www.daniela-berndt.foundation\/matrix\/wp-json\/wp\/v2\/pages\/33\/revisions\/5262"}],"up":[{"embeddable":true,"href":"https:\/\/www.daniela-berndt.foundation\/matrix\/wp-json\/wp\/v2\/pages\/31"}],"wp:attachment":[{"href":"https:\/\/www.daniela-berndt.foundation\/matrix\/wp-json\/wp\/v2\/media?parent=33"}],"curies":[{"name":"wp","href":"https:\/\/api.w.org\/{rel}","templated":true}]}}