{"id":3413,"date":"2018-07-10T12:18:49","date_gmt":"2018-07-10T10:18:49","guid":{"rendered":"https:\/\/www.daniela-berndt.foundation\/matrix\/?page_id=3413"},"modified":"2019-02-21T15:47:58","modified_gmt":"2019-02-21T14:47:58","slug":"dimension-4","status":"publish","type":"page","link":"https:\/\/www.daniela-berndt.foundation\/matrix\/fr\/developpement\/dimension-4\/","title":{"rendered":"Dimension 4"},"content":{"rendered":"<h4>Adaptabilit\u00e9<\/h4>\n<p>Sur PlanetPlusUltra\u00ae, la d\u00e9claration de conformit\u00e9 de la configuration de l\u2019utilisateur franchis\u00e9 (1), v\u00e9rifiable en temps r\u00e9el par l\u2019interm\u00e9diaire de l\u2019identifiant de franchise d\u00e9di\u00e9 \u00e0 chaque niveau de service,\u00a0est d\u2019autant plus obligatoire qu\u2019elle est n\u00e9cessaire \u00e0 la personnalisation des exp\u00e9riences utilisateur (2), r\u00e9seau (3) et syst\u00e8me (4), \u00e0 la diffusion des meilleures pratiques, et au renouvellement durable des investissements technologiques. \u00c0 l\u2019instar du contr\u00f4le technique automobile (5) dans le monde r\u00e9el, elle contribue \u00e0 la s\u00e9curisation d\u2019un r\u00e9seau de master-franchise web sous optimisation permanente.<\/p>\n<p><strong>Navigation<\/strong><br \/>\n<a href=\"https:\/\/www.daniela-berndt.foundation\/matrix\/en\/development\/dimension-4\/\">EN<\/a> \u2022 <a href=\"https:\/\/www.daniela-berndt.foundation\/matrix\/de\/entwicklung\/dimension-4\/\">DE<\/a> \u2022\u00a0<a href=\"https:\/\/www.daniela-berndt.foundation\/matrix\/fr\/developpement\/dimension-5\/\">D5<\/a><\/p>\n<p><strong>Pr\u00e9cisions<\/strong><br \/>\n(1) <a href=\"https:\/\/www.daniela-berndt.foundation\/matrix\/fr\/configuration\/\">https:\/\/www.daniela-berndt.foundation\/matrix\/fr\/configuration\/<\/a><br \/>\n(2) <a href=\"https:\/\/www.daniela-berndt.ovh\/fr\/agenda\/files\/tag-experience-utilisateur.html\" target=\"_blank\" rel=\"noopener\">https:\/\/www.daniela-berndt.ovh\/fr\/agenda\/files\/tag-experience-utilisateur.html<\/a><br \/>\n(3) <a href=\"https:\/\/www.daniela-berndt.ovh\/fr\/agenda\/files\/tag-experience-reseau.html\" target=\"_blank\" rel=\"noopener\">https:\/\/www.daniela-berndt.ovh\/fr\/agenda\/files\/tag-experience-reseau.html<\/a><br \/>\n(4) <a href=\"https:\/\/www.daniela-berndt.ovh\/fr\/agenda\/files\/tag-experience-systeme.html\" target=\"_blank\" rel=\"noopener\">https:\/\/www.daniela-berndt.ovh\/fr\/agenda\/files\/tag-experience-systeme.html<\/a><br \/>\n(5) <a href=\"https:\/\/testfolio-v2.daniela-berndt.foundation\/fr\/intranet\/sources\/\" target=\"_blank\" rel=\"noopener\">https:\/\/testfolio-v2.daniela-berndt.foundation\/fr\/intranet\/sources\/<\/a><\/p>\n","protected":false},"excerpt":{"rendered":"<p>Adaptabilit\u00e9 Sur PlanetPlusUltra\u00ae, la d\u00e9claration de conformit\u00e9 de la configuration de l\u2019utilisateur franchis\u00e9 (1), v\u00e9rifiable en temps r\u00e9el par l\u2019interm\u00e9diaire de l\u2019identifiant de franchise&#46;&#46;&#46;<\/p>\n","protected":false},"author":1,"featured_media":0,"parent":2237,"menu_order":4,"comment_status":"open","ping_status":"closed","template":"","meta":{"footnotes":""},"class_list":["post-3413","page","type-page","status-publish","hentry"],"_links":{"self":[{"href":"https:\/\/www.daniela-berndt.foundation\/matrix\/wp-json\/wp\/v2\/pages\/3413","targetHints":{"allow":["GET"]}}],"collection":[{"href":"https:\/\/www.daniela-berndt.foundation\/matrix\/wp-json\/wp\/v2\/pages"}],"about":[{"href":"https:\/\/www.daniela-berndt.foundation\/matrix\/wp-json\/wp\/v2\/types\/page"}],"author":[{"embeddable":true,"href":"https:\/\/www.daniela-berndt.foundation\/matrix\/wp-json\/wp\/v2\/users\/1"}],"replies":[{"embeddable":true,"href":"https:\/\/www.daniela-berndt.foundation\/matrix\/wp-json\/wp\/v2\/comments?post=3413"}],"version-history":[{"count":20,"href":"https:\/\/www.daniela-berndt.foundation\/matrix\/wp-json\/wp\/v2\/pages\/3413\/revisions"}],"predecessor-version":[{"id":5707,"href":"https:\/\/www.daniela-berndt.foundation\/matrix\/wp-json\/wp\/v2\/pages\/3413\/revisions\/5707"}],"up":[{"embeddable":true,"href":"https:\/\/www.daniela-berndt.foundation\/matrix\/wp-json\/wp\/v2\/pages\/2237"}],"wp:attachment":[{"href":"https:\/\/www.daniela-berndt.foundation\/matrix\/wp-json\/wp\/v2\/media?parent=3413"}],"curies":[{"name":"wp","href":"https:\/\/api.w.org\/{rel}","templated":true}]}}