{"id":3429,"date":"2018-07-10T12:48:11","date_gmt":"2018-07-10T10:48:11","guid":{"rendered":"https:\/\/www.daniela-berndt.foundation\/matrix\/?page_id=3429"},"modified":"2019-02-21T16:10:40","modified_gmt":"2019-02-21T15:10:40","slug":"dimension-4","status":"publish","type":"page","link":"https:\/\/www.daniela-berndt.foundation\/matrix\/de\/entwicklung\/dimension-4\/","title":{"rendered":"Dimension 4"},"content":{"rendered":"<h4>Anpassungsf\u00e4higkeit<\/h4>\n<p>Auf PlanetPlusUltra\u00ae ist die Konfigurationserkl\u00e4rung (1), die auf jeder Netzwerkebene in Echtzeit durch die dedizierte Franchise-Kennung \u00fcberpr\u00fcft werden kann, aus dem Grund obligatorisch, weil sie nicht nur zur Personalisierung der Anwender- (2), Netzwerk- (3) und Systemerfahrungen (4) notwendig ist, sondern auch zur F\u00f6rderung der besten Praktiken im Sinne der nachhaltigen Erneuerung der technologischen Investitionen. \u00c4hnlich wie die technische Kfz-Kontrolle (5) in der realen Welt, tr\u00e4gt diese Erkl\u00e4rung zur Absicherung des unter permanenter Optimierung stehenden Master-Franchise-Systems bei.<\/p>\n<p><strong>Navigation<\/strong><br \/>\n<a href=\"https:\/\/www.daniela-berndt.foundation\/matrix\/fr\/developpement\/dimension-4\/\">FR<\/a> \u2022 <a href=\"https:\/\/www.daniela-berndt.foundation\/matrix\/en\/development\/dimension-4\/\">EN<\/a> \u2022\u00a0<a href=\"https:\/\/www.daniela-berndt.foundation\/matrix\/de\/entwicklung\/dimension-5\/\">D5<\/a><\/p>\n<p><strong>N\u00e4here Angaben<\/strong><br \/>\n(1) <a href=\"https:\/\/www.daniela-berndt.foundation\/matrix\/de\/konfiguration\/\">https:\/\/www.daniela-berndt.foundation\/matrix\/de\/konfiguration\/<\/a><br \/>\n(2) <a href=\"https:\/\/www.daniela-berndt.ovh\/de\/agenda\/files\/tag-anwendererfahrung.html\" target=\"_blank\" rel=\"noopener\">https:\/\/www.daniela-berndt.ovh\/de\/agenda\/files\/tag-anwendererfahrung.html<\/a><br \/>\n(3) <a href=\"https:\/\/www.daniela-berndt.ovh\/de\/agenda\/files\/tag-netzwerkerfahrung.html\" target=\"_blank\" rel=\"noopener\">https:\/\/www.daniela-berndt.ovh\/de\/agenda\/files\/tag-netzwerkerfahrung.html<\/a><br \/>\n(4) <a href=\"https:\/\/www.daniela-berndt.ovh\/de\/agenda\/files\/tag-systemerfahrung.html\" target=\"_blank\" rel=\"noopener\">https:\/\/www.daniela-berndt.ovh\/de\/agenda\/files\/tag-systemerfahrung.html<\/a><br \/>\n(5) <a href=\"https:\/\/testfolio-v2.daniela-berndt.foundation\/de\/intranet\/quellen\/\" target=\"_blank\" rel=\"noopener\">https:\/\/testfolio-v2.daniela-berndt.foundation\/de\/intranet\/quellen\/<\/a><\/p>\n","protected":false},"excerpt":{"rendered":"<p>Anpassungsf\u00e4higkeit Auf PlanetPlusUltra\u00ae ist die Konfigurationserkl\u00e4rung (1), die auf jeder Netzwerkebene in Echtzeit durch die dedizierte Franchise-Kennung \u00fcberpr\u00fcft werden kann, aus dem Grund obligatorisch,&#46;&#46;&#46;<\/p>\n","protected":false},"author":1,"featured_media":0,"parent":2245,"menu_order":4,"comment_status":"open","ping_status":"closed","template":"","meta":{"footnotes":""},"class_list":["post-3429","page","type-page","status-publish","hentry"],"_links":{"self":[{"href":"https:\/\/www.daniela-berndt.foundation\/matrix\/wp-json\/wp\/v2\/pages\/3429","targetHints":{"allow":["GET"]}}],"collection":[{"href":"https:\/\/www.daniela-berndt.foundation\/matrix\/wp-json\/wp\/v2\/pages"}],"about":[{"href":"https:\/\/www.daniela-berndt.foundation\/matrix\/wp-json\/wp\/v2\/types\/page"}],"author":[{"embeddable":true,"href":"https:\/\/www.daniela-berndt.foundation\/matrix\/wp-json\/wp\/v2\/users\/1"}],"replies":[{"embeddable":true,"href":"https:\/\/www.daniela-berndt.foundation\/matrix\/wp-json\/wp\/v2\/comments?post=3429"}],"version-history":[{"count":17,"href":"https:\/\/www.daniela-berndt.foundation\/matrix\/wp-json\/wp\/v2\/pages\/3429\/revisions"}],"predecessor-version":[{"id":5743,"href":"https:\/\/www.daniela-berndt.foundation\/matrix\/wp-json\/wp\/v2\/pages\/3429\/revisions\/5743"}],"up":[{"embeddable":true,"href":"https:\/\/www.daniela-berndt.foundation\/matrix\/wp-json\/wp\/v2\/pages\/2245"}],"wp:attachment":[{"href":"https:\/\/www.daniela-berndt.foundation\/matrix\/wp-json\/wp\/v2\/media?parent=3429"}],"curies":[{"name":"wp","href":"https:\/\/api.w.org\/{rel}","templated":true}]}}