{"id":35,"date":"2016-05-28T19:14:46","date_gmt":"2016-05-28T17:14:46","guid":{"rendered":"http:\/\/daniela-berndt.foundation\/matrix\/?page_id=35"},"modified":"2018-08-16T12:06:59","modified_gmt":"2018-08-16T10:06:59","slug":"etape-2","status":"publish","type":"page","link":"https:\/\/www.daniela-berndt.foundation\/matrix\/fr\/wordpress\/etape-2\/","title":{"rendered":"\u00c9tape 2"},"content":{"rendered":"<h4>Installation (MySQL et WordPress)<\/h4>\n<p>Au moment de l\u2019installation, vous aurez le choix entre une installation simplifi\u00e9e permettant de cr\u00e9er d\u2019un clic un site WordPress qui viendra s\u2019installer par d\u00e9faut dans votre r\u00e9pertoire racine (\u00e0 condition qu\u2019il soit vide), ou une installation en mode avanc\u00e9 qui vous permettra de renseigner les informations de la base de donn\u00e9es associ\u00e9e au module, ainsi que les informations relatives au module lui-m\u00eame (nom d\u2019administrateur, nom de domaine d\u2019affectation, langue de l\u2019interface utilisateur, nom et chemin d\u2019installation du module sur le serveur).<\/p>\n<p>D\u2019une mani\u00e8re g\u00e9n\u00e9rale, il est plut\u00f4t rassurant de pouvoir se dire &#8211; avant de s\u2019aventurer en territoire d\u00e9di\u00e9 &#8211; que les formules mutualis\u00e9es d\u2019OVH sont suffisamment souples et \u00e9volutives pour permettre \u00e0 un porteur de projet bien organis\u00e9 de monter en puissance en conditions r\u00e9elles, en commen\u00e7ant au besoin par l&#8217;offre Perso (une base [1]), pour ensuite migrer de quelques clics vers Pro (quatre bases [2]), puis Performance (cinq bases [3]).<\/p>\n<p>En termes plus sp\u00e9cifiques d\u2019intervention \u00e0 l&#8217;int\u00e9rieur d&#8217;une base de donn\u00e9es\u00a0MySQL\u00a0[4], il faut aussi savoir qu\u2019une bonne conception du projet web en amont diminue consid\u00e9rablement le risque d\u2019avoir des erreurs \u00e0 corriger via phpMyAdmin [5] dans les tables cette derni\u00e8re. De m\u00eame qu\u2019une d\u00e9finition m\u00fbrement r\u00e9fl\u00e9chie des r\u00f4les [6] \u00e0 affecter aux utilisateurs pr\u00e9vus.<\/p>\n<p><strong>Navigation<\/strong><br \/>\n<a href=\"https:\/\/www.daniela-berndt.foundation\/matrix\/en\/wordpress\/step-2\/\">EN<\/a> \u2022 <a href=\"https:\/\/www.daniela-berndt.foundation\/matrix\/de\/wordpress\/etappe-2\/\">DE<\/a>\u00a0\u2022\u00a0<a href=\"https:\/\/www.daniela-berndt.foundation\/matrix\/fr\/wordpress\/etape-3\/\">\u00c93<\/a><\/p>\n<p><strong>Pr\u00e9cisions<\/strong><br \/>\n(1)\u00a0<a href=\"https:\/\/www.ovh.com\/fr\/hebergement-web\/hebergement-perso.xml\" target=\"_blank\" rel=\"noopener\">https:\/\/www.ovh.com\/fr\/hebergement-web\/hebergement-perso.xml<\/a><br \/>\n(2)\u00a0<a href=\"https:\/\/www.ovh.com\/fr\/hebergement-web\/hebergement-pro.xml\" target=\"_blank\" rel=\"noopener\">https:\/\/www.ovh.com\/fr\/hebergement-web\/hebergement-pro.xml<\/a><br \/>\n(3)\u00a0<a href=\"https:\/\/www.ovh.com\/fr\/hebergement-web\/hebergement-performance.xml\" target=\"_blank\" rel=\"noopener\">https:\/\/www.ovh.com\/fr\/hebergement-web\/hebergement-performance.xml<\/a><br \/>\n(4)\u00a0<a href=\"https:\/\/fr.wikipedia.org\/wiki\/MySQL\" target=\"_blank\" rel=\"noopener\">https:\/\/fr.wikipedia.org\/wiki\/MySQL<\/a><br \/>\n(5)\u00a0<a href=\"https:\/\/fr.wikipedia.org\/wiki\/PhpMyAdmin\" target=\"_blank\" rel=\"noopener\">https:\/\/fr.wikipedia.org\/wiki\/PhpMyAdmin<\/a><br \/>\n(6)\u00a0<a href=\"https:\/\/codex.wordpress.org\/fr:R\u00f4les_et_Capacit\u00e9s\" target=\"_blank\" rel=\"noopener\">https:\/\/codex.wordpress.org\/fr:roles-et-capacites<\/a><\/p>\n","protected":false},"excerpt":{"rendered":"<p>Installation (MySQL et WordPress) Au moment de l\u2019installation, vous aurez le choix entre une installation simplifi\u00e9e permettant de cr\u00e9er d\u2019un clic un site WordPress&#46;&#46;&#46;<\/p>\n","protected":false},"author":1,"featured_media":0,"parent":31,"menu_order":2,"comment_status":"open","ping_status":"closed","template":"","meta":{"footnotes":""},"class_list":["post-35","page","type-page","status-publish","hentry"],"_links":{"self":[{"href":"https:\/\/www.daniela-berndt.foundation\/matrix\/wp-json\/wp\/v2\/pages\/35","targetHints":{"allow":["GET"]}}],"collection":[{"href":"https:\/\/www.daniela-berndt.foundation\/matrix\/wp-json\/wp\/v2\/pages"}],"about":[{"href":"https:\/\/www.daniela-berndt.foundation\/matrix\/wp-json\/wp\/v2\/types\/page"}],"author":[{"embeddable":true,"href":"https:\/\/www.daniela-berndt.foundation\/matrix\/wp-json\/wp\/v2\/users\/1"}],"replies":[{"embeddable":true,"href":"https:\/\/www.daniela-berndt.foundation\/matrix\/wp-json\/wp\/v2\/comments?post=35"}],"version-history":[{"count":40,"href":"https:\/\/www.daniela-berndt.foundation\/matrix\/wp-json\/wp\/v2\/pages\/35\/revisions"}],"predecessor-version":[{"id":4727,"href":"https:\/\/www.daniela-berndt.foundation\/matrix\/wp-json\/wp\/v2\/pages\/35\/revisions\/4727"}],"up":[{"embeddable":true,"href":"https:\/\/www.daniela-berndt.foundation\/matrix\/wp-json\/wp\/v2\/pages\/31"}],"wp:attachment":[{"href":"https:\/\/www.daniela-berndt.foundation\/matrix\/wp-json\/wp\/v2\/media?parent=35"}],"curies":[{"name":"wp","href":"https:\/\/api.w.org\/{rel}","templated":true}]}}