{"id":355,"date":"2016-05-30T19:24:41","date_gmt":"2016-05-30T17:24:41","guid":{"rendered":"http:\/\/daniela-berndt.foundation\/matrix\/?page_id=355"},"modified":"2018-08-22T18:54:47","modified_gmt":"2018-08-22T16:54:47","slug":"etappe-1","status":"publish","type":"page","link":"https:\/\/www.daniela-berndt.foundation\/matrix\/de\/wordpress\/etappe-1\/","title":{"rendered":"Etappe 1"},"content":{"rendered":"<h4>Vorbereitung<\/h4>\n<p>Anstatt willk\u00fcrlich eins oder mehrere Module zu installieren, sollten Sie sich die Zeit nehmen, \u00fcber die Zweckbestimmung jeder einzelnen Website nachzudenken. Da sich WordPress ganz besonders f\u00fcr kollaborative Publikationsarbeit eignet, w\u00e4re es schade, ein solches Potential an einer einfachen Informationswebsite zu verschwenden, f\u00fcr die eine Web-Design-App wie RapidWeaver (Version aus dem Mac App Store) angemessener ist.<\/p>\n<p>Angesichts der weiteren Tatsache, dass man einen gewissen vision\u00e4ren Vorsprung haben muss, um in der Lage zu sein, als Teil der Verwaltung eines professionellen Web-Hosting-Servers eine WordPress-Einrichtung mit vier MySQL-Datenbanken (drei mit 400 Mo, plus eine mit 2 Go) zu optimieren, die jeweils bis zu 30 Simultanverbindungen erlauben, ist es notwendig, sich vor jeder Aktivierung die folgenden Fragen zu stellen, und zwar in der chronologisch sequentiellen Reihenfolge des Publikationsprozesses:<\/p>\n<ul>\n<li><strong>1. Was<\/strong> ist die Zweckbestimmung jedes einzelnen Moduls ?<\/li>\n<li><strong>2. Wer<\/strong> sind meine potentiellen Kunden und\/oder Gesch\u00e4ftspartner (Zielgruppen) ?<\/li>\n<li><strong>3. Wann<\/strong> werde ich jedes einzelne Modul brauchen bzw. publizieren ?<\/li>\n<li><strong>4. Warum<\/strong> WordPress einsetzen, anstatt ein anderes Inhaltsverwaltungssystem ?<\/li>\n<li><strong>5. Wie<\/strong> werde ich diese Module auf meine vier Datenbanken verteilen\u00a0(1)\u00a0?<\/li>\n<li><strong>6. Wo<\/strong>, bzw. in welches Server-Verzeichnis, werde ich jedes einzelne Modul installieren ?<\/li>\n<\/ul>\n<p><strong>Navigation<\/strong><br \/>\n<a href=\"https:\/\/www.daniela-berndt.foundation\/matrix\/fr\/wordpress\/etape-1\/\">FR<\/a>\u00a0\u2022 <a href=\"https:\/\/www.daniela-berndt.foundation\/matrix\/en\/wordpress\/step-1\/\">EN<\/a>\u00a0\u2022\u00a0<a href=\"https:\/\/www.daniela-berndt.foundation\/matrix\/de\/wordpress\/etappe-2\/\">E2<\/a><\/p>\n<p><strong>N\u00e4here Angaben<\/strong><br \/>\n(1) Um Ihnen eine Gr\u00f6ssenordnung zu geben: Die aufarbeitete v1.6\/2018 dieses Feedback-Moduls beanspruchte zum Zeitpunkt der Wiederver\u00f6ffentlichung 8,35 Mo von 400 Mo.<\/p>\n","protected":false},"excerpt":{"rendered":"<p>Vorbereitung Anstatt willk\u00fcrlich eins oder mehrere Module zu installieren, sollten Sie sich die Zeit nehmen, \u00fcber die Zweckbestimmung jeder einzelnen Website nachzudenken. Da sich&#46;&#46;&#46;<\/p>\n","protected":false},"author":1,"featured_media":0,"parent":234,"menu_order":1,"comment_status":"open","ping_status":"closed","template":"","meta":{"footnotes":""},"class_list":["post-355","page","type-page","status-publish","hentry"],"_links":{"self":[{"href":"https:\/\/www.daniela-berndt.foundation\/matrix\/wp-json\/wp\/v2\/pages\/355","targetHints":{"allow":["GET"]}}],"collection":[{"href":"https:\/\/www.daniela-berndt.foundation\/matrix\/wp-json\/wp\/v2\/pages"}],"about":[{"href":"https:\/\/www.daniela-berndt.foundation\/matrix\/wp-json\/wp\/v2\/types\/page"}],"author":[{"embeddable":true,"href":"https:\/\/www.daniela-berndt.foundation\/matrix\/wp-json\/wp\/v2\/users\/1"}],"replies":[{"embeddable":true,"href":"https:\/\/www.daniela-berndt.foundation\/matrix\/wp-json\/wp\/v2\/comments?post=355"}],"version-history":[{"count":29,"href":"https:\/\/www.daniela-berndt.foundation\/matrix\/wp-json\/wp\/v2\/pages\/355\/revisions"}],"predecessor-version":[{"id":5261,"href":"https:\/\/www.daniela-berndt.foundation\/matrix\/wp-json\/wp\/v2\/pages\/355\/revisions\/5261"}],"up":[{"embeddable":true,"href":"https:\/\/www.daniela-berndt.foundation\/matrix\/wp-json\/wp\/v2\/pages\/234"}],"wp:attachment":[{"href":"https:\/\/www.daniela-berndt.foundation\/matrix\/wp-json\/wp\/v2\/media?parent=355"}],"curies":[{"name":"wp","href":"https:\/\/api.w.org\/{rel}","templated":true}]}}