{"id":359,"date":"2016-05-30T19:25:45","date_gmt":"2016-05-30T17:25:45","guid":{"rendered":"http:\/\/daniela-berndt.foundation\/matrix\/?page_id=359"},"modified":"2018-08-16T12:35:14","modified_gmt":"2018-08-16T10:35:14","slug":"etappe-3","status":"publish","type":"page","link":"https:\/\/www.daniela-berndt.foundation\/matrix\/de\/wordpress\/etappe-3\/","title":{"rendered":"Etappe 3"},"content":{"rendered":"<h4>Das WordPress.org-Dashboard<\/h4>\n<p>Das WordPress-Dashboard\u00a0(1) entspricht dem Finder (2) auf Ihrem Mac-Computer: als Hauptst\u00fctzpunkt Ihrer Administratorerfahrung, die im Fall von WordPress.org ganzheitlich Web-gest\u00fctzt ist, l\u00e4sst sich das Erstere am besten \u00fcber den Browser eines Laptop- oder Desktop-Computer verwalten, und\/oder mithilfe der nativen Mobile-App\u00a0(3) f\u00fcr iPhone und iPad.<\/p>\n<p>F\u00fcnf Themenbereiche gen\u00fcgen, um die Dashboard-Logik entlang der linken Navigationsleiste zu erfassen:<\/p>\n<ul>\n<li><strong>Inhalt:<\/strong> Wie deren jeweiliger Name darauf hindeutet, dienen die Rubriken Beitr\u00e4ge, Medien, Seiten, und\u00a0Kommentare dem Hinzuf\u00fcgen und Verwalten von Inhalten.<\/li>\n<li><strong>Form:<\/strong> Die Rubriken Design und Plugins erlauben es, Website-Vorlagen und Erweiterungen herunterzuladen und zu verwalten, wenn weitere grafische Modelle und Funktionalit\u00e4ten gebraucht werden.<\/li>\n<li><strong>Mitglieder:<\/strong> Die Rubrik Benutzer erlaubt es dem Administrator Anwenderkonten zu verwalten,\u00a0neue Forum-Teilnehmer einzuschreiben, sowie sein eigenes Profil zu managen.<\/li>\n<li><strong>Werkzeuge:<\/strong> \u00dcber die Import- und Export-Optionen k\u00f6nnen Inhalte zwischen WordPress-Modulen transferiert, sowie aus anderen Inhaltsverwaltungssytemen integriert werden.<\/li>\n<li><strong>Parameter:<\/strong> In der Rubrik Einstellungen werden Sie alle Konfigurierungsoptionen finden, die zur allgemeinen und spezifischen Verwaltung und Pflege einer CMS-gest\u00fctzten Website notwendig sind, wie z.B. Schreib-, Lese-, Diskussions-, und Optimierungsfunktionen.<\/li>\n<\/ul>\n<p>Genauso wie es hinsichtlich der Nutzung eines Mac-Computers unerl\u00e4sslich ist, zun\u00e4chst dessen Systemeinstellungen zu erkunden, um die nativen Konturen des Betriebssystems im Sinne einer zweckbestimmten Konfigurierung der Maschine erfassen zu k\u00f6nnen, ist es empfehlenswert damit anzufangen, sich den vielen M\u00f6glichkeiten der nativen Dashboard-Definition bewusst zu werden, anstatt den PlugStore auf der blinden Suche nach nutzlosen Gadget-Erweiterungen zu st\u00fcrmen, die letzten Endes die Sicherheit der WordPress-Installation und deren Benutzer nur kompromittieren w\u00fcrden.<\/p>\n<p><strong>Navigation<\/strong><br \/>\n<a href=\"https:\/\/www.daniela-berndt.foundation\/matrix\/fr\/wordpress\/etape-3\/\">FR<\/a> \u2022 <a href=\"https:\/\/www.daniela-berndt.foundation\/matrix\/en\/wordpress\/step-3\/\">EN<\/a> \u2022 <a href=\"https:\/\/www.daniela-berndt.foundation\/matrix\/de\/wordpress\/etappe-4\/\">E4<\/a><\/p>\n<p><strong>Further reading<\/strong><br \/>\n(1)\u00a0<a href=\"https:\/\/www.daniela-berndt.foundation\/matrix\/slidefolio\/menu-2_etape-3\/\">https:\/\/www.daniela-berndt.foundation\/matrix\/slidefolio\/menu-2_etappe-3\/<\/a><br \/>\n(2)\u00a0<a href=\"https:\/\/support.apple.com\/de-de\/guide\/mac-help\/see-your-files-in-the-finder-mchlp2605\/mac\" target=\"_blank\" rel=\"noopener\">https:\/\/support.apple.com\/de-de\/guide\/mac-help\/see-your-files-in-the-finder-mchlp2605\/mac<\/a><br \/>\n(3)\u00a0<a href=\"https:\/\/itunes.apple.com\/de\/app\/wordpress\/id335703880?mt=8\" target=\"_blank\" rel=\"noopener\">https:\/\/itunes.apple.com\/de\/app\/wordpress\/id335703880?mt=8<\/a><\/p>\n","protected":false},"excerpt":{"rendered":"<p>Das WordPress.org-Dashboard Das WordPress-Dashboard\u00a0(1) entspricht dem Finder (2) auf Ihrem Mac-Computer: als Hauptst\u00fctzpunkt Ihrer Administratorerfahrung, die im Fall von WordPress.org ganzheitlich Web-gest\u00fctzt ist, l\u00e4sst&#46;&#46;&#46;<\/p>\n","protected":false},"author":1,"featured_media":0,"parent":234,"menu_order":3,"comment_status":"open","ping_status":"closed","template":"","meta":{"footnotes":""},"class_list":["post-359","page","type-page","status-publish","hentry"],"_links":{"self":[{"href":"https:\/\/www.daniela-berndt.foundation\/matrix\/wp-json\/wp\/v2\/pages\/359","targetHints":{"allow":["GET"]}}],"collection":[{"href":"https:\/\/www.daniela-berndt.foundation\/matrix\/wp-json\/wp\/v2\/pages"}],"about":[{"href":"https:\/\/www.daniela-berndt.foundation\/matrix\/wp-json\/wp\/v2\/types\/page"}],"author":[{"embeddable":true,"href":"https:\/\/www.daniela-berndt.foundation\/matrix\/wp-json\/wp\/v2\/users\/1"}],"replies":[{"embeddable":true,"href":"https:\/\/www.daniela-berndt.foundation\/matrix\/wp-json\/wp\/v2\/comments?post=359"}],"version-history":[{"count":37,"href":"https:\/\/www.daniela-berndt.foundation\/matrix\/wp-json\/wp\/v2\/pages\/359\/revisions"}],"predecessor-version":[{"id":4829,"href":"https:\/\/www.daniela-berndt.foundation\/matrix\/wp-json\/wp\/v2\/pages\/359\/revisions\/4829"}],"up":[{"embeddable":true,"href":"https:\/\/www.daniela-berndt.foundation\/matrix\/wp-json\/wp\/v2\/pages\/234"}],"wp:attachment":[{"href":"https:\/\/www.daniela-berndt.foundation\/matrix\/wp-json\/wp\/v2\/media?parent=359"}],"curies":[{"name":"wp","href":"https:\/\/api.w.org\/{rel}","templated":true}]}}