{"id":363,"date":"2016-05-30T19:26:50","date_gmt":"2016-05-30T17:26:50","guid":{"rendered":"http:\/\/daniela-berndt.foundation\/matrix\/?page_id=363"},"modified":"2018-08-16T12:36:55","modified_gmt":"2018-08-16T10:36:55","slug":"etappe-5","status":"publish","type":"page","link":"https:\/\/www.daniela-berndt.foundation\/matrix\/de\/wordpress\/etappe-5\/","title":{"rendered":"Etappe 5"},"content":{"rendered":"<h4>Plugins installieren und verwalten<\/h4>\n<p>Das Plugin-Verzeichnis\u00a0(1) von WordPress.org entspricht dem offiziellen App Store f\u00fcr Mac-Anwendungen: es erlaubt die Installierung von Erweiterungen, die eine WordPress-Einrichtung um weitere Funktionalit\u00e4ten erg\u00e4nzen. In Bezug auf rationale Entscheidung sind genau die gleichen Selektionskriterien wie f\u00fcr Website-Vorlagen zu ber\u00fccksichtigen, mit einigen Varianten in Bezug auf die Absicherung einer solchen CMS-L\u00f6sung.<\/p>\n<p>Insofern als es hier, aus der konzeptuellen Perspektive, um die standardm\u00e4ssig im geteilten Web-Hosting-Angebot von OVH enthaltene WordPress-L\u00f6sung geht (2), sind die einzig gerechtfertigten bzw. mehrwertschaffenden Plugins solche, die den Administrator in die technische Rechtslage versetzen, die Vertragsbestimmungen zu erf\u00fcllen, die ihn an seinen Web-Hosting-Provider binden, d.h.:<\/p>\n<ul>\n<li>die globale Sicherheit seiner Installation standardgem\u00e4ss zu verst\u00e4rken, entsprechend den technischen Spezifikationen des vom Provider bereitgestellten Web-Hosting-Servers;<\/li>\n<li>seine Installation zweckentsprechend zu personalisieren, gem\u00e4ss den Eigenschaften seiner beruflichen Aktivit\u00e4t, bzw. der Produkte und\/oder Dienstleistungen, die er zu vermarkten beabsichtigt;<\/li>\n<li>seine finanziellen Transaktionen abzusichern, um den geltenden nationalen Bestimmungen mithilfe eines offiziellen Zahlungsmoduls Rechnung tragen zu k\u00f6nnen;<\/li>\n<li>infografischen Mehrwert ohne Verlust an Zuverl\u00e4ssigkeit zu integrieren, z.B. durch Installierung von zus\u00e4tzlichen Widgets f\u00fcr bestimmte Anwendungen.<\/li>\n<\/ul>\n<p>Obwohl es schwierig erscheinen mag, den WordPress-Kern so zu erg\u00e4nzen, dass er sich an jede bestehende professionelle Konfiguration anpassen kann, sorgt genau diese Zielvorstellung f\u00fcr Konvergenz in diese Richtung. Dies bedeutet auch, dass s\u00e4mtliche Plugins zur Sicherheitsverst\u00e4rkung nativ sein sollten, d.h. von WordPress bereitgestellt werden m\u00fcssten.<\/p>\n<p><strong>Navigation<\/strong><br \/>\n<a href=\"https:\/\/www.daniela-berndt.foundation\/matrix\/fr\/wordpress\/etape-5\/\">FR<\/a>\u00a0\u2022\u00a0<a href=\"https:\/\/www.daniela-berndt.foundation\/matrix\/en\/wordpress\/step-5\/\">EN<\/a>\u00a0\u2022\u00a0<a href=\"https:\/\/www.daniela-berndt.foundation\/matrix\/de\/wordpress\/etappe-6\/\">E6<\/a><\/p>\n<p><strong>N\u00e4here Angaben<\/strong><br \/>\n(1)\u00a0<a href=\"https:\/\/de.wordpress.org\/plugins\/\" target=\"_blank\" rel=\"noopener\">https:\/\/de.wordpress.org\/plugins\/<\/a><br \/>\n(2)\u00a0<a href=\"https:\/\/www.ovh.de\/hosting\/website\/wordpress.xml\" target=\"_blank\" rel=\"noopener\">https:\/\/www.ovh.de\/hosting\/website\/wordpress.xml<\/a><\/p>\n","protected":false},"excerpt":{"rendered":"<p>Plugins installieren und verwalten Das Plugin-Verzeichnis\u00a0(1) von WordPress.org entspricht dem offiziellen App Store f\u00fcr Mac-Anwendungen: es erlaubt die Installierung von Erweiterungen, die eine WordPress-Einrichtung&#46;&#46;&#46;<\/p>\n","protected":false},"author":1,"featured_media":0,"parent":234,"menu_order":5,"comment_status":"open","ping_status":"closed","template":"","meta":{"footnotes":""},"class_list":["post-363","page","type-page","status-publish","hentry"],"_links":{"self":[{"href":"https:\/\/www.daniela-berndt.foundation\/matrix\/wp-json\/wp\/v2\/pages\/363","targetHints":{"allow":["GET"]}}],"collection":[{"href":"https:\/\/www.daniela-berndt.foundation\/matrix\/wp-json\/wp\/v2\/pages"}],"about":[{"href":"https:\/\/www.daniela-berndt.foundation\/matrix\/wp-json\/wp\/v2\/types\/page"}],"author":[{"embeddable":true,"href":"https:\/\/www.daniela-berndt.foundation\/matrix\/wp-json\/wp\/v2\/users\/1"}],"replies":[{"embeddable":true,"href":"https:\/\/www.daniela-berndt.foundation\/matrix\/wp-json\/wp\/v2\/comments?post=363"}],"version-history":[{"count":36,"href":"https:\/\/www.daniela-berndt.foundation\/matrix\/wp-json\/wp\/v2\/pages\/363\/revisions"}],"predecessor-version":[{"id":4835,"href":"https:\/\/www.daniela-berndt.foundation\/matrix\/wp-json\/wp\/v2\/pages\/363\/revisions\/4835"}],"up":[{"embeddable":true,"href":"https:\/\/www.daniela-berndt.foundation\/matrix\/wp-json\/wp\/v2\/pages\/234"}],"wp:attachment":[{"href":"https:\/\/www.daniela-berndt.foundation\/matrix\/wp-json\/wp\/v2\/media?parent=363"}],"curies":[{"name":"wp","href":"https:\/\/api.w.org\/{rel}","templated":true}]}}