{"id":365,"date":"2016-05-30T19:27:24","date_gmt":"2016-05-30T17:27:24","guid":{"rendered":"http:\/\/daniela-berndt.foundation\/matrix\/?page_id=365"},"modified":"2018-08-16T12:37:41","modified_gmt":"2018-08-16T10:37:41","slug":"etappe-6","status":"publish","type":"page","link":"https:\/\/www.daniela-berndt.foundation\/matrix\/de\/wordpress\/etappe-6\/","title":{"rendered":"Etappe 6"},"content":{"rendered":"<h4>Neue Benutzer hinzuf\u00fcgen<\/h4>\n<p>In Bezug auf kollaborative Zusammenarbeit liegt die ganze Zweckm\u00e4ssigkeit von WordPress in der M\u00f6glichkeit \u00fcber die der Administrator verf\u00fcgt, neue Benutzer hinzuzuf\u00fcgen, und zwar entweder manuell, durch Erstellung neuer Anwenderkonten, oder automatisch, durch Konfigurierung der Selbstregistrierungsoptionen. In beiden F\u00e4llen liegt es in der Verantwortung des Administrators, die f\u00fcr jedes neue Mitglied standardm\u00e4ssig geltende Rolle zu bestimmen, wobei jedem Anwendertyp spezifische Nutzungsrechte entsprechen (1).<\/p>\n<p>Der Slidefolio-Eintrag zu diesem bestimmten Dashboard-Bereich bietet einen Gesamt\u00fcberblick \u00fcber die dem Administrator standardm\u00e4ssig zur Verf\u00fcgung stehenden Konfigurierungsoptionen, wobei im Fall einer Selbstregistrierung nur die ersten zwei Formfelder des Bildschirmfotos verlangt werden (2).<\/p>\n<p>Zur Entwicklung einer konzeptuell dedizierten Netzwerkl\u00f6sung wie NetPlusUltra\u00ae bedarf es also der Hinzuf\u00fcgung von zwei Erweiterungstypen, die miteinander kompatibel sein m\u00fcssen, und zwar:<\/p>\n<ol>\n<li>Ein Plugin zur Personalisierung des Selbstregistrierungsformulars (3).<\/li>\n<li>Ein Plugin zur Bereitstellung von zahlungspflichtigen Zugriffsrechten auf Netzwerkdienstleistungen, nach Angebots- und Inhaltstyp(en) [4]:\n<ol>\n<li>mit netzwerkspezifischen Optionen zur internen Service-Nivellierung der bestehenden Abonnements:\n<ol>\n<li>so dass ein registriertes Mitglied seinen Aboplan (d.h.\u00a0seine Service-Level-Vereinbarung) \u00e4ndern, oder<\/li>\n<li>den Letzteren anl\u00e4sslich seines Fortschritts von einer Service-Unterstufe zur n\u00e4chsten erg\u00e4nzen kann.<\/li>\n<\/ol>\n<\/li>\n<\/ol>\n<\/li>\n<\/ol>\n<p>Obwohl ein solcher Personalisierungsgrad schon gen\u00fcgt, um eine Installation durch zweckbestimmte Einzigartigkeit konzeptuell abzusichern, liegt die Problematik solcher Erweiterungen in deren drittparteiischen Eigenschaft, insofern als ein Netzwerk, das immer mehr Anwender z\u00e4hlt, sich auf nachhaltig zuverl\u00e4ssige Komponenten verlassen k\u00f6nnen muss.<\/p>\n<p><strong>Navigation<\/strong><br \/>\n<a href=\"https:\/\/www.daniela-berndt.foundation\/matrix\/fr\/wordpress\/etape-6\/\">FR<\/a> \u2022 <a href=\"https:\/\/www.daniela-berndt.foundation\/matrix\/en\/wordpress\/step-6\/\">EN<\/a> \u2022 <a href=\"https:\/\/www.daniela-berndt.foundation\/matrix\/de\/wordpress\/etappe-7\/\">E7<\/a><\/p>\n<p><strong>N\u00e4here Angaben<\/strong><br \/>\n(1)\u00a0<a href=\"https:\/\/codex.wordpress.org\/Roles_and_Capabilities\" target=\"_blank\" rel=\"noopener\">https:\/\/codex.wordpress.org\/roles-and-capabilities<\/a><br \/>\n(2)\u00a0<a href=\"https:\/\/www.daniela-berndt.foundation\/matrix\/slidefolio\/menu-2_etape-6\/\">https:\/\/www.daniela-berndt.foundation\/matrix\/slidefolio\/menu-2_etappe-6\/<\/a><br \/>\n(3)\u00a0<a href=\"https:\/\/wordpress.org\/plugins\/search\/registration+form\" target=\"_blank\" rel=\"noopener\">https:\/\/wordpress.org\/plugins\/search\/registration+form<\/a><br \/>\n(4)\u00a0<a href=\"https:\/\/wordpress.org\/plugins\/search\/paid+memberships\" target=\"_blank\" rel=\"noopener\">https:\/\/wordpress.org\/plugins\/search\/paid+memberships<\/a><\/p>\n","protected":false},"excerpt":{"rendered":"<p>Neue Benutzer hinzuf\u00fcgen In Bezug auf kollaborative Zusammenarbeit liegt die ganze Zweckm\u00e4ssigkeit von WordPress in der M\u00f6glichkeit \u00fcber die der Administrator verf\u00fcgt, neue Benutzer&#46;&#46;&#46;<\/p>\n","protected":false},"author":1,"featured_media":0,"parent":234,"menu_order":6,"comment_status":"open","ping_status":"closed","template":"","meta":{"footnotes":""},"class_list":["post-365","page","type-page","status-publish","hentry"],"_links":{"self":[{"href":"https:\/\/www.daniela-berndt.foundation\/matrix\/wp-json\/wp\/v2\/pages\/365","targetHints":{"allow":["GET"]}}],"collection":[{"href":"https:\/\/www.daniela-berndt.foundation\/matrix\/wp-json\/wp\/v2\/pages"}],"about":[{"href":"https:\/\/www.daniela-berndt.foundation\/matrix\/wp-json\/wp\/v2\/types\/page"}],"author":[{"embeddable":true,"href":"https:\/\/www.daniela-berndt.foundation\/matrix\/wp-json\/wp\/v2\/users\/1"}],"replies":[{"embeddable":true,"href":"https:\/\/www.daniela-berndt.foundation\/matrix\/wp-json\/wp\/v2\/comments?post=365"}],"version-history":[{"count":44,"href":"https:\/\/www.daniela-berndt.foundation\/matrix\/wp-json\/wp\/v2\/pages\/365\/revisions"}],"predecessor-version":[{"id":4838,"href":"https:\/\/www.daniela-berndt.foundation\/matrix\/wp-json\/wp\/v2\/pages\/365\/revisions\/4838"}],"up":[{"embeddable":true,"href":"https:\/\/www.daniela-berndt.foundation\/matrix\/wp-json\/wp\/v2\/pages\/234"}],"wp:attachment":[{"href":"https:\/\/www.daniela-berndt.foundation\/matrix\/wp-json\/wp\/v2\/media?parent=365"}],"curies":[{"name":"wp","href":"https:\/\/api.w.org\/{rel}","templated":true}]}}