{"id":367,"date":"2016-05-30T19:27:55","date_gmt":"2016-05-30T17:27:55","guid":{"rendered":"http:\/\/daniela-berndt.foundation\/matrix\/?page_id=367"},"modified":"2024-09-26T18:38:38","modified_gmt":"2024-09-26T16:38:38","slug":"etappe-7","status":"publish","type":"page","link":"https:\/\/www.daniela-berndt.foundation\/matrix\/de\/wordpress\/etappe-7\/","title":{"rendered":"Etappe 7"},"content":{"rendered":"<h4>Nachhaltige Web-Entwicklung<\/h4>\n<p>Welche Auswirkungen ergeben sich aus diesem Erfahrungsbericht \u00fcber die WordPress-Technologie, hinsichtlich unseres NetPlusUltra\u00ae-gest\u00fctzten\u00a0Testfolio-Omega-Dashboards (1)? Um diese Frage zu beantworten, m\u00fcssen wir uns auf die als GNU-GPL bekannte allgemeine Ver\u00f6ffentlichungslizenz (2) zur\u00fcckbesinnen, als Urheberrechtsmodell, das es jedem professionellen Autor mit Systemverwaltungskompetenzen erm\u00f6glicht, eine Stammversion der WordPress-Technologie herunterzuladen, um seine eigene hausgemachte (bzw. propriet\u00e4re) Web-L\u00f6sung zu entwickeln, \u00fcber die er sich alle Urheberrechte vorbehalten kann, solange er dabei die Anspr\u00fcche der WordPress-Stiftung\u00a0(3) \u00fcber ihr eigenes Stammprodukt nicht verletzt.<\/p>\n<p>Auf der Ebene &#8220;Externet+ (4)&#8221; sind die &#8220;Super-Admins&#8221; die Internet-Dienstanbieter, denen nichts verbietet, die digitale Wissenswirtschaft besser zu w\u00fcrdigen. Insofern als die Vorbereitung des f\u00fcr die Registrierung erforderlichen\u00a0Infolio-Moduls\u00a0(5) unmittelbar im Anschluss an die Aufnahme in den Externet-Bereich beginnt, sollten die Dienstleistungsangebote an pers\u00f6nlichen Web-Seiten endlich fertiggestellt werden, und zwar durch die Entwicklung, auf der Grundlage einer Stammversion von WordPress.org, einer ganzheitlich lokalisierten (bzw. franz\u00f6sischen) ISP-Version des Web-Hosting-Angebots, das bereits von WordPress.com (unter amerikanischem Recht [6]) bereitgestellt wird. Eine solche Erg\u00e4nzung w\u00fcrde im Bereich des allgemeinen Netzwerkzugriffs nicht nur s\u00e4mtliche L\u00fccken schliessen &#8211; und zwar \u00fcber eine einzige in jedem ADSL-, Kabel-, und\/order Mobil-Angebot inbegriffenen Option -, sondern vor allem auch den Nutzer in die Lage versetzen, dem durch die sozialen Netzwerkplattformen aggregierten schwarzen Wirtschaftsloch zu entkommen.<\/p>\n<p>Auf der Ebene &#8220;Intranet+ (7)&#8221; w\u00fcrde eine solche konzeptuelle Implementierung dieses schwarze Wirtschaftsloch nicht nur in Richtung der Internet-Dienstanbieter entflechten, sondern vor allem auch im Interesse der neu lokalisierten Anwenderfestplatten, insofern als solche Netzwerkpendler, die unter der unertr\u00e4glichen Unvollst\u00e4ndigkeit des Ganzen moralisch und finanziell leiden, endlich einen urheberrechtlich g\u00fcltigen Grund h\u00e4tten, die sozialen Netzwerke bzw. undurchsichtige Cloud-Dienste zu verlassen. In Anbetracht des zugrundeliegenden Mehrwertschaffungsansatzes h\u00e4tten IT-Hersteller wie Apple endlich die Gelegenheit, ihre eigenen &#8211; nativ VPS-gest\u00fctzten &#8211; Publikationsl\u00f6sungen zu entwicklen, w\u00e4hrend WordPress sich als die betriebs\u00fcbergreifende Referenzl\u00f6sung der Ebene &#8220;Extranet+&#8221; etablieren k\u00f6nnte.<\/p>\n<p>Zu guter Letzt k\u00f6nnten sich die Wissensberufler der Ebene &#8220;Extranet+\u00a0(8)&#8221; endlich eines vollst\u00e4ndigen und ganzheitlich personalisierbaren Publikationsprozesses erfreuen, der es ihnen erm\u00f6glichen w\u00fcrde, eben solche L\u00fccken zu schliessen, an denen die Netzwerke und ihre Anwender immer noch scheitern, und zwar durch die Produktion von Spezifikationsmodulen (wie dieses), die eine nachhaltige Dynamik der konzeptuellen Konvergenz im Sinne der Auftragserkl\u00e4rung von\u00a0Planet+Ultra\u00ae (9) f\u00f6rdern sollen. All dies w\u00fcrde weiters die native Entwicklung einer beruflichen Mac-Version der mobilen WordPress-Applikation rechtfertigen, um selbstverlegenden Administratoren dadurch mehr Publikationsfreude zu bieten, dass dem auf Etappe 6 meines Testfolio Omega pr\u00e4sentierten\u00a0Quell-Ziel-Ansatz (5) auf transparentere Art und Weise endlich Rechnung getragen werden w\u00fcrde.<\/p>\n<p>Nach erfolgreichem Abschluss dieses zweiten Teils des Probleml\u00f6sungskreises, geht es weiter mit der unerl\u00e4sslichen Frage der Ereignisprotokollierung.<\/p>\n<p><strong>Navigation<\/strong><br \/>\n<a href=\"https:\/\/www.daniela-berndt.foundation\/matrix\/fr\/wordpress\/etape-7\/\">FR<\/a>\u00a0\u2022 <a href=\"https:\/\/www.daniela-berndt.foundation\/matrix\/en\/wordpress\/step-7\/\">EN<\/a>\u00a0\u2022\u00a0<a href=\"https:\/\/www.daniela-berndt.foundation\/matrix\/de\/entwicklung\/\">Strecke 3<\/a><\/p>\n<p><strong>N\u00e4here Angaben<\/strong><br \/>\n(1)\u00a0<a href=\"https:\/\/testfolio-v2.daniela-berndt.foundation\/de\/dashboard\/\" target=\"_blank\" rel=\"noopener\">https:\/\/testfolio-v2.daniela-berndt.foundation\/de\/dashboard\/<\/a><br \/>\n(2)\u00a0<a href=\"https:\/\/de.wikipedia.org\/wiki\/GNU\" target=\"_blank\" rel=\"noopener\">https:\/\/de.wikipedia.org\/wiki\/gnu<\/a><br \/>\n(3)\u00a0<a href=\"https:\/\/wordpressfoundation.org\" target=\"_blank\" rel=\"noopener\">https:\/\/wordpressfoundation.org<\/a><br \/>\n(4)\u00a0<a href=\"https:\/\/testfolio-v2.daniela-berndt.foundation\/de\/externet\/\" target=\"_blank\" rel=\"noopener\">https:\/\/testfolio-v2.daniela-berndt.foundation\/de\/externet\/<\/a><br \/>\n(5)\u00a0<a href=\"https:\/\/testfolio-v2.daniela-berndt.foundation\/de\/leichtgewicht\/\" target=\"_blank\" rel=\"noopener\">https:\/\/testfolio-v2.daniela-berndt.foundation\/de\/leichtgewicht\/<\/a><br \/>\n(6)\u00a0<a href=\"https:\/\/de.wordpress.com\" target=\"_blank\" rel=\"noopener\">https:\/\/de.wordpress.com<\/a><br \/>\n(7)\u00a0<a href=\"https:\/\/testfolio-v2.daniela-berndt.foundation\/de\/intranet\/\" target=\"_blank\" rel=\"noopener\">https:\/\/testfolio-v2.daniela-berndt.foundation\/de\/intranet\/<\/a><br \/>\n(8) <a href=\"https:\/\/testfolio-v2.daniela-berndt.foundation\/de\/extranet\/\" target=\"_blank\" rel=\"noopener\">https:\/\/testfolio-v2.daniela-berndt.foundation\/de\/extranet\/<\/a><br \/>\n(9)\u00a0<a href=\"https:\/\/dashfolio-2015.daniela-berndt.foundation\/de\/system\/\" target=\"_blank\" rel=\"noopener\">https:\/\/dashfolio-2015.daniela-berndt.foundation\/de\/system\/<\/a><\/p>\n","protected":false},"excerpt":{"rendered":"<p>Nachhaltige Web-Entwicklung Welche Auswirkungen ergeben sich aus diesem Erfahrungsbericht \u00fcber die WordPress-Technologie, hinsichtlich unseres NetPlusUltra\u00ae-gest\u00fctzten\u00a0Testfolio-Omega-Dashboards (1)? Um diese Frage zu beantworten, m\u00fcssen wir uns&#46;&#46;&#46;<\/p>\n","protected":false},"author":1,"featured_media":0,"parent":234,"menu_order":7,"comment_status":"open","ping_status":"closed","template":"","meta":{"footnotes":""},"class_list":["post-367","page","type-page","status-publish","hentry"],"_links":{"self":[{"href":"https:\/\/www.daniela-berndt.foundation\/matrix\/wp-json\/wp\/v2\/pages\/367","targetHints":{"allow":["GET"]}}],"collection":[{"href":"https:\/\/www.daniela-berndt.foundation\/matrix\/wp-json\/wp\/v2\/pages"}],"about":[{"href":"https:\/\/www.daniela-berndt.foundation\/matrix\/wp-json\/wp\/v2\/types\/page"}],"author":[{"embeddable":true,"href":"https:\/\/www.daniela-berndt.foundation\/matrix\/wp-json\/wp\/v2\/users\/1"}],"replies":[{"embeddable":true,"href":"https:\/\/www.daniela-berndt.foundation\/matrix\/wp-json\/wp\/v2\/comments?post=367"}],"version-history":[{"count":74,"href":"https:\/\/www.daniela-berndt.foundation\/matrix\/wp-json\/wp\/v2\/pages\/367\/revisions"}],"predecessor-version":[{"id":7068,"href":"https:\/\/www.daniela-berndt.foundation\/matrix\/wp-json\/wp\/v2\/pages\/367\/revisions\/7068"}],"up":[{"embeddable":true,"href":"https:\/\/www.daniela-berndt.foundation\/matrix\/wp-json\/wp\/v2\/pages\/234"}],"wp:attachment":[{"href":"https:\/\/www.daniela-berndt.foundation\/matrix\/wp-json\/wp\/v2\/media?parent=367"}],"curies":[{"name":"wp","href":"https:\/\/api.w.org\/{rel}","templated":true}]}}