{"id":37,"date":"2016-05-28T19:15:01","date_gmt":"2016-05-28T17:15:01","guid":{"rendered":"http:\/\/daniela-berndt.foundation\/matrix\/?page_id=37"},"modified":"2018-08-16T12:09:35","modified_gmt":"2018-08-16T10:09:35","slug":"etape-3","status":"publish","type":"page","link":"https:\/\/www.daniela-berndt.foundation\/matrix\/fr\/wordpress\/etape-3\/","title":{"rendered":"\u00c9tape 3"},"content":{"rendered":"<h4>Le Dashboard WordPress.org<\/h4>\n<p>Le tableau de bord\u00a0(1) est \u00e0 WordPress ce que le Finder (2) est \u00e0 votre Mac: le poste de commandement de votre exp\u00e9rience administrateur, qui, dans le cas de WordPress.org, est enti\u00e8rement bas\u00e9 en ligne, et se g\u00e8re donc le mieux \u00e0 partir du navigateur sur un ordinateur portable ou de bureau, et\/ou de l&#8217;application mobile native\u00a0(3) pour iPhone et\u00a0iPad.<\/p>\n<p>Cinq rubriques th\u00e9matiques suffisent \u00e0 en appr\u00e9hender la logique, telle qu&#8217;elle se d\u00e9voile le long de la barre de navigation lat\u00e9rale de gauche:<\/p>\n<ul>\n<li><strong>Fond:<\/strong> comme leur nom respectif l\u2019indique, les sections Articles, M\u00e9dias, Pages, et Commentaires servent \u00e0 ajouter et \u00e0 g\u00e9rer du contenu.<\/li>\n<li><strong>Forme:<\/strong> les sections Apparence et Extensions\u00a0permettent d\u2019ajouter et de g\u00e9rer les mod\u00e8les graphiques (th\u00e8mes), ainsi que les plugins\u00a0lorsque certaines fonctionnalit\u00e9s viennent \u00e0 manquer.<\/li>\n<li><strong>Membres:<\/strong> la section Utilisateurs permet \u00e0 l\u2019administrateur d&#8217;administrer les comptes des membres inscrits,\u00a0d\u2019ajouter de nouveaux participants, et de g\u00e9rer son propre profil.<\/li>\n<li><strong>Outils:<\/strong> les fonctionnalit\u00e9s Import et Export\u00a0permettent de transf\u00e9rer des contenus en tout ou partie d\u2019un module WordPress \u00e0 l\u2019autre, voire m\u00eame d\u2019int\u00e9grer du contenu provenant d\u2019un autre syst\u00e8me de gestion de contenus.<\/li>\n<li><strong>Param\u00e8tres:<\/strong> c\u2019est dans la\u00a0section R\u00e9glages que vous trouverez toutes les options de configuration g\u00e9n\u00e9rale, d\u2019\u00e9criture, de lecture, de discussion, et d\u2019optimisation de gestion.<\/li>\n<\/ul>\n<p>Pour les m\u00eames raisons qu\u2019il est primordial sur un Mac de commencer par faire le tour des Pr\u00e9f\u00e9rences Syst\u00e8me\u00a0pour \u00eatre en mesure d\u2019en d\u00e9limiter les contours natifs avant de personnaliser sa configuration, il est fortement recommand\u00e9 de prendre le temps de tester les nombreuses possibilit\u00e9s offertes par le tableau de bord dans sa version g\u00e9n\u00e9rique, afin d\u2019\u00e9viter d\u2019installer des fioritures et autres gadgets parfaitement inutiles susceptibles de compromettre la s\u00e9curit\u00e9 d\u2019une installation et de ses utilisateurs.<\/p>\n<p><strong>Navigation<\/strong><br \/>\n<a href=\"https:\/\/www.daniela-berndt.foundation\/matrix\/en\/wordpress\/step-3\/\">EN<\/a> \u2022 <a href=\"https:\/\/www.daniela-berndt.foundation\/matrix\/de\/wordpress\/etappe-3\/\">DE<\/a>\u00a0\u2022\u00a0<a href=\"https:\/\/www.daniela-berndt.foundation\/matrix\/fr\/wordpress\/etape-4\/\">\u00c94<\/a><\/p>\n<p><strong>Pr\u00e9cisions<\/strong><br \/>\n(1)\u00a0<a href=\"https:\/\/www.daniela-berndt.foundation\/matrix\/slidefolio\/menu-2_etape-3\/\">https:\/\/www.daniela-berndt.foundation\/matrix\/slidefolio\/menu-2_etape-3\/<\/a><br \/>\n(2)\u00a0<a href=\"https:\/\/support.apple.com\/fr-fr\/guide\/mac-help\/mchlp2605\/mac\" target=\"_blank\" rel=\"noopener\">https:\/\/support.apple.com\/fr-fr\/guide\/mac-help\/mchlp2605\/mac<\/a><br \/>\n(3)\u00a0<a href=\"https:\/\/itunes.apple.com\/fr\/app\/wordpress\/id335703880?mt=8\" target=\"_blank\" rel=\"noopener\">https:\/\/itunes.apple.com\/fr\/app\/wordpress\/id335703880?mt=8<\/a><\/p>\n","protected":false},"excerpt":{"rendered":"<p>Le Dashboard WordPress.org Le tableau de bord\u00a0(1) est \u00e0 WordPress ce que le Finder (2) est \u00e0 votre Mac: le poste de commandement de&#46;&#46;&#46;<\/p>\n","protected":false},"author":1,"featured_media":0,"parent":31,"menu_order":3,"comment_status":"open","ping_status":"closed","template":"","meta":{"footnotes":""},"class_list":["post-37","page","type-page","status-publish","hentry"],"_links":{"self":[{"href":"https:\/\/www.daniela-berndt.foundation\/matrix\/wp-json\/wp\/v2\/pages\/37","targetHints":{"allow":["GET"]}}],"collection":[{"href":"https:\/\/www.daniela-berndt.foundation\/matrix\/wp-json\/wp\/v2\/pages"}],"about":[{"href":"https:\/\/www.daniela-berndt.foundation\/matrix\/wp-json\/wp\/v2\/types\/page"}],"author":[{"embeddable":true,"href":"https:\/\/www.daniela-berndt.foundation\/matrix\/wp-json\/wp\/v2\/users\/1"}],"replies":[{"embeddable":true,"href":"https:\/\/www.daniela-berndt.foundation\/matrix\/wp-json\/wp\/v2\/comments?post=37"}],"version-history":[{"count":52,"href":"https:\/\/www.daniela-berndt.foundation\/matrix\/wp-json\/wp\/v2\/pages\/37\/revisions"}],"predecessor-version":[{"id":4735,"href":"https:\/\/www.daniela-berndt.foundation\/matrix\/wp-json\/wp\/v2\/pages\/37\/revisions\/4735"}],"up":[{"embeddable":true,"href":"https:\/\/www.daniela-berndt.foundation\/matrix\/wp-json\/wp\/v2\/pages\/31"}],"wp:attachment":[{"href":"https:\/\/www.daniela-berndt.foundation\/matrix\/wp-json\/wp\/v2\/media?parent=37"}],"curies":[{"name":"wp","href":"https:\/\/api.w.org\/{rel}","templated":true}]}}