{"id":39,"date":"2016-05-28T19:15:13","date_gmt":"2016-05-28T17:15:13","guid":{"rendered":"http:\/\/daniela-berndt.foundation\/matrix\/?page_id=39"},"modified":"2018-08-16T12:08:45","modified_gmt":"2018-08-16T10:08:45","slug":"etape-4","status":"publish","type":"page","link":"https:\/\/www.daniela-berndt.foundation\/matrix\/fr\/wordpress\/etape-4\/","title":{"rendered":"\u00c9tape 4"},"content":{"rendered":"<h4>Ajout et gestion de th\u00e8mes<\/h4>\n<p>Puisqu\u2019il vaut mieux d\u00e9marrer sur WordPress.org avec une id\u00e9e pr\u00e9cise en t\u00eate, autant int\u00e9grer \u00e0 l\u2019\u00e9tape 1 de pr\u00e9paration une premi\u00e8re s\u00e9lection de th\u00e8mes \u00e0 installer en priorit\u00e9 \u00e0 l\u2019issue de l\u2019examen du tableau de bord, la version g\u00e9n\u00e9rique \u00e9tant pourvue par d\u00e9faut de quelques th\u00e8mes qui suffiront \u00e0 proc\u00e9der aux premiers tests de prise en main de l\u2019\u00e9tape 3.<\/p>\n<p>Pour proc\u00e9der \u00e0 une premi\u00e8re coupe s\u00e9lective dans les milliers de mod\u00e8les propos\u00e9s dans le r\u00e9pertoire de th\u00e8mes sur WordPress.org (1), prenez le temps de jeter un oeil dans les rubriques des th\u00e8mes Mis en avant (2), Populaires (3) et R\u00e9cents (4). Si rien ne vous s\u00e9duit spontan\u00e9ment d\u00e8s les premi\u00e8res pages, passez aux options de filtrage avanc\u00e9 en appliquant d\u2019embl\u00e9e le filtre Mise en page adaptable (5), qui r\u00e9duira le champ des possibles \u00e0 une centaine de mod\u00e8les (6). Vous pourrez ensuite affiner cette premi\u00e8re s\u00e9lection par options de mise en page, fonctionnalit\u00e9s, et recherche th\u00e9matique.<\/p>\n<p>Parmi les crit\u00e8res de s\u00e9lection \u00e0 retenir pour le choix d\u2019un mod\u00e8le particulier (7), figurent, par ordre de pertinence et de rapidit\u00e9 de rep\u00e9rage visuel:<\/p>\n<ul>\n<li>la date de mise \u00e0 jour, qui doit \u00eatre r\u00e9cente,<\/li>\n<li>le nombre d\u2019installations actives, qui rassure lorsqu&#8217;il est \u00e9lev\u00e9,<\/li>\n<li>la note globale en nombre d\u2019\u00e9toiles,<\/li>\n<li>l\u2019aper\u00e7u, souvent moins attractif que la page d\u2019accueil du mod\u00e8le,<\/li>\n<li>les \u00e9valuations, en nombre d\u2019\u00e9toiles par niveau,<\/li>\n<li>les contributions du forum d\u2019assistance.<\/li>\n<\/ul>\n<p>Enfin, gardez \u00e0 l\u2019esprit que les mod\u00e8les du r\u00e9pertoire de th\u00e8mes sont souvent des versions de base ou de d\u00e9monstration qui renvoient vers leurs variantes professionnelles compl\u00e8tes disponibles en t\u00e9l\u00e9chargement payant sur le site de l\u2019auteur-\u00e9diteur. D\u2019un point de vue conceptuel, un achat de th\u00e8me en dehors du r\u00e9pertoire natif officiel \u00e9quivaut donc &#8211; pour l\u2019administrateur vis-\u00e0-vis de son h\u00e9bergeur &#8211; \u00e0 l\u2019achat d\u2019une application en dehors du Mac App Store, aupr\u00e8s d\u2019un d\u00e9veloppeur certes identifi\u00e9, mais \u00e0 partir d\u2019une configuration de type Mac 2. Pour fournir un niveau de garantie de type Mac 1, il faudrait que l\u2019achat puisse se faire de l\u2019int\u00e9rieur du manager\u00a0de th\u00e8mes du tableau de bord utilisateur WordPress.org, comme option d&#8217;achat int\u00e9gr\u00e9 \u00e0 la version de base. L\u2019utilisateur n\u2019aurait ainsi pas \u00e0 courir le risque de t\u00e9l\u00e9verser via FTP des fichiers non v\u00e9rifi\u00e9s car t\u00e9l\u00e9charg\u00e9s en dehors de son p\u00e9rim\u00e8tre de garantie contractuelle.<\/p>\n<p><strong>Navigation<\/strong><br \/>\n<a href=\"https:\/\/www.daniela-berndt.foundation\/matrix\/en\/wordpress\/step-4\/\">EN<\/a> \u2022 <a href=\"https:\/\/www.daniela-berndt.foundation\/matrix\/de\/wordpress\/etappe-4\/\">DE<\/a>\u00a0\u2022\u00a0<a href=\"https:\/\/www.daniela-berndt.foundation\/matrix\/fr\/wordpress\/etape-5\/\">\u00c95<\/a><\/p>\n<p><strong>Pr\u00e9cisions<\/strong><br \/>\n(1)\u00a0<a href=\"https:\/\/fr.wordpress.org\/themes\/\" target=\"_blank\" rel=\"noopener\">https:\/\/fr.wordpress.org\/themes\/<\/a><br \/>\n(2) 15 mod\u00e8les par d\u00e9faut<br \/>\n(3) 3247 mod\u00e8les au 10\/07\/2018<br \/>\n(4) 6036 mod\u00e8les au 10\/07\/2018<br \/>\n(5) Filtre &#8220;optimis\u00e9 pour l&#8217;accessibilit\u00e9&#8221;<br \/>\n(6) 123 mod\u00e8les au 10\/07\/2018<br \/>\n(7)\u00a0<a href=\"https:\/\/fr.wordpress.org\/themes\/twentyseventeen\/\" target=\"_blank\" rel=\"noopener\">https:\/\/fr.wordpress.org\/themes\/twentyseventeen\/<\/a><\/p>\n","protected":false},"excerpt":{"rendered":"<p>Ajout et gestion de th\u00e8mes Puisqu\u2019il vaut mieux d\u00e9marrer sur WordPress.org avec une id\u00e9e pr\u00e9cise en t\u00eate, autant int\u00e9grer \u00e0 l\u2019\u00e9tape 1 de pr\u00e9paration&#46;&#46;&#46;<\/p>\n","protected":false},"author":1,"featured_media":0,"parent":31,"menu_order":4,"comment_status":"open","ping_status":"closed","template":"","meta":{"footnotes":""},"class_list":["post-39","page","type-page","status-publish","hentry"],"_links":{"self":[{"href":"https:\/\/www.daniela-berndt.foundation\/matrix\/wp-json\/wp\/v2\/pages\/39","targetHints":{"allow":["GET"]}}],"collection":[{"href":"https:\/\/www.daniela-berndt.foundation\/matrix\/wp-json\/wp\/v2\/pages"}],"about":[{"href":"https:\/\/www.daniela-berndt.foundation\/matrix\/wp-json\/wp\/v2\/types\/page"}],"author":[{"embeddable":true,"href":"https:\/\/www.daniela-berndt.foundation\/matrix\/wp-json\/wp\/v2\/users\/1"}],"replies":[{"embeddable":true,"href":"https:\/\/www.daniela-berndt.foundation\/matrix\/wp-json\/wp\/v2\/comments?post=39"}],"version-history":[{"count":37,"href":"https:\/\/www.daniela-berndt.foundation\/matrix\/wp-json\/wp\/v2\/pages\/39\/revisions"}],"predecessor-version":[{"id":4733,"href":"https:\/\/www.daniela-berndt.foundation\/matrix\/wp-json\/wp\/v2\/pages\/39\/revisions\/4733"}],"up":[{"embeddable":true,"href":"https:\/\/www.daniela-berndt.foundation\/matrix\/wp-json\/wp\/v2\/pages\/31"}],"wp:attachment":[{"href":"https:\/\/www.daniela-berndt.foundation\/matrix\/wp-json\/wp\/v2\/media?parent=39"}],"curies":[{"name":"wp","href":"https:\/\/api.w.org\/{rel}","templated":true}]}}