{"id":3940,"date":"2018-07-16T18:36:27","date_gmt":"2018-07-16T16:36:27","guid":{"rendered":"https:\/\/www.daniela-berndt.foundation\/matrix\/?page_id=3940"},"modified":"2018-08-06T19:07:20","modified_gmt":"2018-08-06T17:07:20","slug":"dimension-5","status":"publish","type":"page","link":"https:\/\/www.daniela-berndt.foundation\/matrix\/fr\/developpement\/dimension-5\/","title":{"rendered":"Dimension 5"},"content":{"rendered":"<h4>\u00c9volutivit\u00e9<\/h4>\n<p>C\u2019est la conceptualisation du principe de s\u00e9paration multi-dimensionnelle des probl\u00e9matiques (SMDP) qui permet de rendre compte des nombreuses modifications apport\u00e9es \u00e0 un p\u00e9rim\u00e8tre de franchise web sous am\u00e9lioration continue.<\/p>\n<p>Pour ne pas perdre le fil du temps, il conviendra donc dans un premier temps d\u2019\u00e9tablir une distinction entre les modifications de forme apport\u00e9es au syst\u00e8me et \u00e0 ses composants, et les modifications de fond relatives aux contenus cr\u00e9\u00e9s et\/ou publi\u00e9s.<\/p>\n<p>Si les fonctionnalit\u00e9s natives d\u2019un Syst\u00e8me de Gestion des Contenus tel que WordPress permettent par d\u00e9faut une journalisation automatique relativement transparente des activit\u00e9s de publication (1) et de mise \u00e0 jour (2), l\u2019\u00e9dition de rapports plus d\u00e9taill\u00e9s \u00e0 des fins de communication interne (r\u00e9serv\u00e9e aux membres) et\/ou externe (\u00e0 l\u2019attention du public cibl\u00e9) n\u00e9cessite l\u2019ajout d\u2019extensions tierces ([3], [4]), dont l\u2019activit\u00e9 m\u00eame est susceptible d\u2019impacter rapidement la base de donn\u00e9es MySQL en termes d\u2019espace disponible.<\/p>\n<p><strong>Navigation<\/strong><br \/>\n<a href=\"https:\/\/www.daniela-berndt.foundation\/matrix\/en\/development\/dimension-5\/\">EN<\/a> \u2022 <a href=\"https:\/\/www.daniela-berndt.foundation\/matrix\/de\/entwicklung\/dimension-5\/\">DE<\/a> \u2022\u00a0<a href=\"https:\/\/www.daniela-berndt.foundation\/matrix\/fr\/developpement\/dimension-6\/\">D6<\/a><\/p>\n<p><strong>Pr\u00e9cisions<\/strong><br \/>\n(1) <a href=\"https:\/\/codex.wordpress.org\/Dashboard_Dashboard_Screen#Activity\" target=\"_blank\" rel=\"noopener\">https:\/\/codex.wordpress.org\/&#8230;dashboard-screen#activity<\/a><br \/>\n(2) <a href=\"https:\/\/codex.wordpress.org\/Revisions\" target=\"_blank\" rel=\"noopener\">https:\/\/codex.wordpress.org\/revisions<\/a><br \/>\n(3) <a href=\"https:\/\/wordpress.org\/plugins\/search\/activity+log\/\" target=\"_blank\" rel=\"noopener\">https:\/\/wordpress.org\/plugins\/search\/activity+log\/<\/a><br \/>\n(4) <a href=\"https:\/\/wordpress.org\/plugins\/search\/changelog\/\" target=\"_blank\" rel=\"noopener\">https:\/\/wordpress.org\/plugins\/search\/changelog\/<\/a><\/p>\n","protected":false},"excerpt":{"rendered":"<p>\u00c9volutivit\u00e9 C\u2019est la conceptualisation du principe de s\u00e9paration multi-dimensionnelle des probl\u00e9matiques (SMDP) qui permet de rendre compte des nombreuses modifications apport\u00e9es \u00e0 un p\u00e9rim\u00e8tre&#46;&#46;&#46;<\/p>\n","protected":false},"author":1,"featured_media":0,"parent":2237,"menu_order":5,"comment_status":"open","ping_status":"closed","template":"","meta":{"footnotes":""},"class_list":["post-3940","page","type-page","status-publish","hentry"],"_links":{"self":[{"href":"https:\/\/www.daniela-berndt.foundation\/matrix\/wp-json\/wp\/v2\/pages\/3940","targetHints":{"allow":["GET"]}}],"collection":[{"href":"https:\/\/www.daniela-berndt.foundation\/matrix\/wp-json\/wp\/v2\/pages"}],"about":[{"href":"https:\/\/www.daniela-berndt.foundation\/matrix\/wp-json\/wp\/v2\/types\/page"}],"author":[{"embeddable":true,"href":"https:\/\/www.daniela-berndt.foundation\/matrix\/wp-json\/wp\/v2\/users\/1"}],"replies":[{"embeddable":true,"href":"https:\/\/www.daniela-berndt.foundation\/matrix\/wp-json\/wp\/v2\/comments?post=3940"}],"version-history":[{"count":14,"href":"https:\/\/www.daniela-berndt.foundation\/matrix\/wp-json\/wp\/v2\/pages\/3940\/revisions"}],"predecessor-version":[{"id":4575,"href":"https:\/\/www.daniela-berndt.foundation\/matrix\/wp-json\/wp\/v2\/pages\/3940\/revisions\/4575"}],"up":[{"embeddable":true,"href":"https:\/\/www.daniela-berndt.foundation\/matrix\/wp-json\/wp\/v2\/pages\/2237"}],"wp:attachment":[{"href":"https:\/\/www.daniela-berndt.foundation\/matrix\/wp-json\/wp\/v2\/media?parent=3940"}],"curies":[{"name":"wp","href":"https:\/\/api.w.org\/{rel}","templated":true}]}}