{"id":3961,"date":"2018-07-16T18:58:31","date_gmt":"2018-07-16T16:58:31","guid":{"rendered":"https:\/\/www.daniela-berndt.foundation\/matrix\/?page_id=3961"},"modified":"2024-07-09T18:28:48","modified_gmt":"2024-07-09T16:28:48","slug":"dimension-6","status":"publish","type":"page","link":"https:\/\/www.daniela-berndt.foundation\/matrix\/de\/entwicklung\/dimension-6\/","title":{"rendered":"Dimension 6"},"content":{"rendered":"<h4>Benachrichtigungsf\u00e4higkeit<\/h4>\n<p>Die nachhaltige Konfiguration der Benachrichtigungssysteme, gem\u00e4ss der einem bestimmten Web-Franchise-Bereich entsprechenden Auftragserkl\u00e4rung (1), setzt eine ganzheitliche Betrachtung der zugrundeliegenden Produktionsbaustelle voraus (2), aus der Perspektive der strategischen Implementierung (3).<\/p>\n<p>Hinsichtlich der Kontinuit\u00e4t von Web-Diensten, bezieht sich die langfristige Temporalit\u00e4t (4, 5) auf den Bereich der strategischen Planung, vor dem Hintergrund derer der franchisierte Web-Autor im F&amp;E-Modus voranschreitet, mit dem Ziel, Web-gest\u00fctzte Publikationen \u00fcber seinen Kompetenzbereich zu produzieren, die als solche als Absichtserkl\u00e4rungen zu betrachten sind (6).<\/p>\n<p>Die mittelfristige Temporalit\u00e4t (7) bezieht sich auf die notwendige taktische Umsetzung der als Auftragserkl\u00e4rung publizierten Strategie, \u00fcber deren Fortschritt der franchisierte Web-Autor in halbversetzter Zeit kommunizieren wird, und zwar durch RSS-Feed- und E-Mail-gest\u00fctzte Aktualisierungsberichte (9) \u00fcber seinen Produktionsbereich.<\/p>\n<p>Die kurzfristige Temporalit\u00e4t (10) bezeichnet die sich auf der operativen Ebene abspielende Handlung, ungeachtet dessen, ob die betreffende Kommunikation ganzheitlich automatisiert ist (wie im Fall von SMS-gest\u00fctzten Notfall- oder Aktualisierungsmeldungen), oder von dem franchisierten Web-Autor mittels von Echtzeit-Nachrichtendiensten \u00fcbermittelt wird (wie im Fall von Konversationsfeeds).<\/p>\n<p><strong>Navigation<\/strong><br \/>\n<a href=\"https:\/\/www.daniela-berndt.foundation\/matrix\/fr\/developpement\/dimension-6\/\">FR<\/a> \u2022 <a href=\"https:\/\/www.daniela-berndt.foundation\/matrix\/en\/development\/dimension-6\/\">EN<\/a> \u2022\u00a0<a href=\"https:\/\/www.daniela-berndt.foundation\/matrix\/de\/entwicklung\/dimension-7\/\">D7<\/a><\/p>\n<p><strong>N\u00e4here Angaben<\/strong><br \/>\n(1) <a href=\"https:\/\/exterfolio.daniela-berndt.foundation\" target=\"_blank\" rel=\"noopener\">https:\/\/exterfolio.daniela-berndt.foundation<\/a><br \/>\n(2) <a href=\"https:\/\/testfolio-v2.daniela-berndt.foundation\" target=\"_blank\" rel=\"noopener\">https:\/\/testfolio-v2.daniela-berndt.foundation<\/a><br \/>\n(3) <a href=\"https:\/\/www.daniela-berndt.foundation\/matrix\/slidefolio\/menu-3_dimension-6\/\">https:\/\/www.daniela-berndt.foundation\/matrix\/slidefolio\/menu-3_dimension-6\/<\/a><br \/>\n(4) <a href=\"https:\/\/en.wikipedia.org\/wiki\/Temporality\" target=\"_blank\" rel=\"noopener\">https:\/\/en.wikipedia.org\/wiki\/temporality<\/a><br \/>\n(5) <a href=\"https:\/\/dashfolio-2018.daniela-berndt.foundation\/de\/mitgliedschaft\/\" target=\"_blank\" rel=\"noopener\">https:\/\/dashfolio-2018.daniela-berndt.foundation\/de\/mitgliedschaft\/<\/a><br \/>\n(6) <a href=\"https:\/\/www.daniela-berndt.ovh\/de\/agenda\/\" target=\"_blank\" rel=\"noopener\">https:\/\/www.daniela-berndt.ovh\/de\/agenda\/<\/a><br \/>\n(7) <a href=\"https:\/\/dashfolio-2018.daniela-berndt.foundation\/de\/feedback\/\" target=\"_blank\" rel=\"noopener\">https:\/\/dashfolio-2018.daniela-berndt.foundation\/de\/feedback\/<\/a><br \/>\n(8) <a href=\"https:\/\/www.daniela-berndt.ovh\/de\/agenda\/files\/tag-rss-abo.html\" target=\"_blank\" rel=\"noopener\">https:\/\/www.daniela-berndt.ovh\/de\/agenda\/files\/tag-rss-abo.html<\/a><br \/>\n(9) <a href=\"https:\/\/dashfolio-2018.daniela-berndt.foundation\/de\/weblog\/\" target=\"_blank\" rel=\"noopener\">https:\/\/dashfolio-2018.daniela-berndt.foundation\/de\/weblog\/<\/a><br \/>\n(10) <a href=\"https:\/\/dashfolio-2018.daniela-berndt.foundation\/de\/kontakt\/\" target=\"_blank\" rel=\"noopener\">https:\/\/dashfolio-2018.daniela-berndt.foundation\/de\/kontakt\/<\/a><\/p>\n","protected":false},"excerpt":{"rendered":"<p>Benachrichtigungsf\u00e4higkeit Die nachhaltige Konfiguration der Benachrichtigungssysteme, gem\u00e4ss der einem bestimmten Web-Franchise-Bereich entsprechenden Auftragserkl\u00e4rung (1), setzt eine ganzheitliche Betrachtung der zugrundeliegenden Produktionsbaustelle voraus (2), aus&#46;&#46;&#46;<\/p>\n","protected":false},"author":1,"featured_media":0,"parent":2245,"menu_order":6,"comment_status":"open","ping_status":"closed","template":"","meta":{"footnotes":""},"class_list":["post-3961","page","type-page","status-publish","hentry"],"_links":{"self":[{"href":"https:\/\/www.daniela-berndt.foundation\/matrix\/wp-json\/wp\/v2\/pages\/3961","targetHints":{"allow":["GET"]}}],"collection":[{"href":"https:\/\/www.daniela-berndt.foundation\/matrix\/wp-json\/wp\/v2\/pages"}],"about":[{"href":"https:\/\/www.daniela-berndt.foundation\/matrix\/wp-json\/wp\/v2\/types\/page"}],"author":[{"embeddable":true,"href":"https:\/\/www.daniela-berndt.foundation\/matrix\/wp-json\/wp\/v2\/users\/1"}],"replies":[{"embeddable":true,"href":"https:\/\/www.daniela-berndt.foundation\/matrix\/wp-json\/wp\/v2\/comments?post=3961"}],"version-history":[{"count":31,"href":"https:\/\/www.daniela-berndt.foundation\/matrix\/wp-json\/wp\/v2\/pages\/3961\/revisions"}],"predecessor-version":[{"id":6621,"href":"https:\/\/www.daniela-berndt.foundation\/matrix\/wp-json\/wp\/v2\/pages\/3961\/revisions\/6621"}],"up":[{"embeddable":true,"href":"https:\/\/www.daniela-berndt.foundation\/matrix\/wp-json\/wp\/v2\/pages\/2245"}],"wp:attachment":[{"href":"https:\/\/www.daniela-berndt.foundation\/matrix\/wp-json\/wp\/v2\/media?parent=3961"}],"curies":[{"name":"wp","href":"https:\/\/api.w.org\/{rel}","templated":true}]}}