{"id":41,"date":"2016-05-28T19:15:23","date_gmt":"2016-05-28T17:15:23","guid":{"rendered":"http:\/\/daniela-berndt.foundation\/matrix\/?page_id=41"},"modified":"2018-08-16T12:10:22","modified_gmt":"2018-08-16T10:10:22","slug":"etape-5","status":"publish","type":"page","link":"https:\/\/www.daniela-berndt.foundation\/matrix\/fr\/wordpress\/etape-5\/","title":{"rendered":"\u00c9tape 5"},"content":{"rendered":"<h4>Ajout et gestion d&#8217;extensions<\/h4>\n<p>Le r\u00e9pertoire des extensions\u00a0(1) est \u00e0 WordPress.org ce que l\u2019App Store est au Mac: le march\u00e9 des greffons natifs et tiers permettant d\u2019ajouter des fonctionnalit\u00e9s \u00e0 votre site. En termes de s\u00e9lection par degr\u00e9 de pertinence, ce sont exactement les m\u00eames crit\u00e8res de choix qui s\u2019appliquent que pour les mod\u00e8les graphiques, \u00e0 quelques variantes pr\u00e8s au niveau des consid\u00e9rations de s\u00e9curit\u00e9.<\/p>\n<p>D\u2019un point de vue conceptuel en effet, consid\u00e9rant qu\u2019il est question ici du type de module WordPress int\u00e9gr\u00e9 par d\u00e9faut \u00e0 l\u2019offre d\u2019h\u00e9bergement mutualis\u00e9 professionnel (2), les seules extensions qui se justifient r\u00e9ellement sont celles qui vont permettre \u00e0 l\u2019administrateur d\u2019honorer les termes du contrat qui le lient \u00e0 son h\u00e9bergeur (et vice-versa), c\u2019est-\u00e0-dire:<\/p>\n<ul>\n<li>de renforcer la s\u00e9curit\u00e9 globale de son installation selon des crit\u00e8res propres aux sp\u00e9cifications techniques du serveur d\u2019h\u00e9bergement mis \u00e0 disposition par l\u2019h\u00e9bergeur web;<\/li>\n<li>de personnaliser son installation en fonction de la nature de son activit\u00e9, donc du type de produit(s) et\/ou service(s) payant(s) \u00e0 fournir;<\/li>\n<li>de s\u00e9curiser les transactions financi\u00e8res conform\u00e9ment \u00e0 la l\u00e9gislation nationale en vigueur, par l\u2019interm\u00e9diaire de modules de paiement officiels;<\/li>\n<li>d\u2019int\u00e9grer de la valeur ajout\u00e9e infographique sans perdre en fiabilit\u00e9, en installant par exemple une biblioth\u00e8que de widgets propres \u00e0 des usages compl\u00e9mentaires particuliers.<\/li>\n<\/ul>\n<p>S\u2019il peut para\u00eetre difficile de faire \u00e9voluer le noyau de mani\u00e8re \u00e0 ce qu\u2019il finisse par \u00eatre capable de s\u2019adapter \u00e0 tout type de configuration professionnelle existante, bien que ce soit la vision vers laquelle il convient de maintenir le cap, il n\u2019en demeure pas moins que toutes les extensions de renforcement de la s\u00e9curit\u00e9 devraient \u00eatre natives par d\u00e9faut, c\u2019est-\u00e0-dire fournies par WordPress.<\/p>\n<p><strong>Navigation<\/strong><br \/>\n<a href=\"https:\/\/www.daniela-berndt.foundation\/matrix\/en\/wordpress\/step-5\/\">EN<\/a> \u2022 <a href=\"https:\/\/www.daniela-berndt.foundation\/matrix\/de\/wordpress\/etappe-5\/\">DE<\/a> \u2022 <a href=\"https:\/\/www.daniela-berndt.foundation\/matrix\/fr\/wordpress\/etape-6\/\">\u00c96<\/a><\/p>\n<p><strong>Further reading<\/strong><br \/>\n(1)\u00a0<a href=\"https:\/\/fr.wordpress.org\/plugins\/\" target=\"_blank\" rel=\"noopener\">https:\/\/fr.wordpress.org\/plugins\/<\/a><br \/>\n(2)\u00a0<a href=\"https:\/\/www.ovh.com\/fr\/hebergement-web\/site\/wordpress.xml\" target=\"_blank\" rel=\"noopener\">https:\/\/www.ovh.com\/fr\/hebergement-web\/site\/wordpress.xml<\/a><\/p>\n","protected":false},"excerpt":{"rendered":"<p>Ajout et gestion d&#8217;extensions Le r\u00e9pertoire des extensions\u00a0(1) est \u00e0 WordPress.org ce que l\u2019App Store est au Mac: le march\u00e9 des greffons natifs et&#46;&#46;&#46;<\/p>\n","protected":false},"author":1,"featured_media":0,"parent":31,"menu_order":5,"comment_status":"open","ping_status":"closed","template":"","meta":{"footnotes":""},"class_list":["post-41","page","type-page","status-publish","hentry"],"_links":{"self":[{"href":"https:\/\/www.daniela-berndt.foundation\/matrix\/wp-json\/wp\/v2\/pages\/41","targetHints":{"allow":["GET"]}}],"collection":[{"href":"https:\/\/www.daniela-berndt.foundation\/matrix\/wp-json\/wp\/v2\/pages"}],"about":[{"href":"https:\/\/www.daniela-berndt.foundation\/matrix\/wp-json\/wp\/v2\/types\/page"}],"author":[{"embeddable":true,"href":"https:\/\/www.daniela-berndt.foundation\/matrix\/wp-json\/wp\/v2\/users\/1"}],"replies":[{"embeddable":true,"href":"https:\/\/www.daniela-berndt.foundation\/matrix\/wp-json\/wp\/v2\/comments?post=41"}],"version-history":[{"count":29,"href":"https:\/\/www.daniela-berndt.foundation\/matrix\/wp-json\/wp\/v2\/pages\/41\/revisions"}],"predecessor-version":[{"id":4738,"href":"https:\/\/www.daniela-berndt.foundation\/matrix\/wp-json\/wp\/v2\/pages\/41\/revisions\/4738"}],"up":[{"embeddable":true,"href":"https:\/\/www.daniela-berndt.foundation\/matrix\/wp-json\/wp\/v2\/pages\/31"}],"wp:attachment":[{"href":"https:\/\/www.daniela-berndt.foundation\/matrix\/wp-json\/wp\/v2\/media?parent=41"}],"curies":[{"name":"wp","href":"https:\/\/api.w.org\/{rel}","templated":true}]}}