{"id":43,"date":"2016-05-28T19:15:34","date_gmt":"2016-05-28T17:15:34","guid":{"rendered":"http:\/\/daniela-berndt.foundation\/matrix\/?page_id=43"},"modified":"2018-08-16T12:11:07","modified_gmt":"2018-08-16T10:11:07","slug":"etape-6","status":"publish","type":"page","link":"https:\/\/www.daniela-berndt.foundation\/matrix\/fr\/wordpress\/etape-6\/","title":{"rendered":"\u00c9tape 6"},"content":{"rendered":"<h4>Ajouter de nouveaux utilisateurs<\/h4>\n<p>Sur le plan collaboratif, tout l\u2019int\u00e9r\u00eat de WordPress r\u00e9side dans la possibilit\u00e9 d\u2019int\u00e9grer de nouveaux utilisateurs, soit manuellement, en ajoutant soi-m\u00eame en tant qu\u2019administrateur de nouveaux comptes, ou en laissant les prospects s\u2019inscrire directement. Dans un cas comme dans l\u2019autre, c\u2019est \u00e0 l\u2019auteur-administrateur de d\u00e9terminer le niveau de responsabilit\u00e9\u00a0(1) \u00e0 attribuer par d\u00e9faut \u00e0 chaque nouveau membre.<\/p>\n<p>Les options de configuration disponibles par d\u00e9faut \u00e0 l\u2019administrateur sont consultables dans le Slidefolio d\u00e9di\u00e9 \u00e0 cette section du tableau de bord WordPress, sachant que dans le cas d\u2019une inscription directe, seuls les deux premiers champs de formulaire visibles sur la capture d&#8217;\u00e9cran sont requis (2).<\/p>\n<p>La mise au point d\u2019une solution r\u00e9seau professionnelle\u00a0d\u00e9di\u00e9e telle que\u00a0NetPlusUltra\u00ae n\u00e9cessite donc l\u2019ajout de deux types d\u2019extensions qui doivent \u00eatre compatibles entre elles:<\/p>\n<ol>\n<li>Extension de personnalisation de formulaire d&#8217;auto-inscription (3).<\/li>\n<li>Extension d\u2019inscription payante par offre de souscription et types de contenus (4):\n<ol>\n<li>Avec options de hi\u00e9rarchisation interne (c\u2019est-\u00e0-dire sp\u00e9cifique au r\u00e9seau) des inscriptions existantes:\n<ol>\n<li>permettant \u00e0 un membre inscrit de changer d&#8217;offre (c&#8217;est-\u00e0-dire de niveau de service),<\/li>\n<li>ou de la faire \u00e9voluer \u00e0 mesure qu&#8217;il progresse d&#8217;une \u00e9tape (c&#8217;est-\u00e0-dire d&#8217;un sous-niveau de service) \u00e0 l&#8217;autre.<\/li>\n<\/ol>\n<\/li>\n<\/ol>\n<\/li>\n<\/ol>\n<p>Si un tel niveau de personnalisation suffit \u00e0 s\u00e9curiser conceptuellement une installation en la rendant unique, l\u2019\u00e9cueil de ce type d\u2019extensions r\u00e9side dans leur nature tierce-partite, consid\u00e9rant que plus un r\u00e9seau recrute d\u2019utilisateurs, plus il a besoin de pouvoir compter sur des composants durablement fiables.<\/p>\n<p><strong>Navigation<\/strong><br \/>\n<a href=\"https:\/\/www.daniela-berndt.foundation\/matrix\/en\/wordpress\/step-6\/\">EN<\/a> \u2022 <a href=\"https:\/\/www.daniela-berndt.foundation\/matrix\/de\/wordpress\/etappe-6\/\">DE<\/a>\u00a0\u2022\u00a0<a href=\"https:\/\/www.daniela-berndt.foundation\/matrix\/fr\/wordpress\/etape-7\/\">\u00c97<\/a><\/p>\n<p><strong>Pr\u00e9cisions<\/strong><br \/>\n(1)\u00a0<a href=\"https:\/\/codex.wordpress.org\/fr:R\u00f4les_et_Capacit\u00e9s\" target=\"_blank\" rel=\"noopener\">https:\/\/codex.wordpress.org\/fr:roles-et-capacites<\/a><br \/>\n(2)\u00a0<a href=\"https:\/\/www.daniela-berndt.foundation\/matrix\/slidefolio\/menu-2_etape-6\/\">https:\/\/www.daniela-berndt.foundation\/matrix\/slidefolio\/menu-2_etape-6\/<\/a><br \/>\n(3)\u00a0<a href=\"https:\/\/wordpress.org\/plugins\/search\/registration+form\" target=\"_blank\" rel=\"noopener\">https:\/\/wordpress.org\/plugins\/search\/registration+form<\/a><br \/>\n(4)\u00a0<a href=\"https:\/\/wordpress.org\/plugins\/search\/paid+memberships\/\" target=\"_blank\" rel=\"noopener\">https:\/\/wordpress.org\/plugins\/search\/paid+memberships\/<\/a><\/p>\n","protected":false},"excerpt":{"rendered":"<p>Ajouter de nouveaux utilisateurs Sur le plan collaboratif, tout l\u2019int\u00e9r\u00eat de WordPress r\u00e9side dans la possibilit\u00e9 d\u2019int\u00e9grer de nouveaux utilisateurs, soit manuellement, en ajoutant&#46;&#46;&#46;<\/p>\n","protected":false},"author":1,"featured_media":0,"parent":31,"menu_order":6,"comment_status":"open","ping_status":"closed","template":"","meta":{"footnotes":""},"class_list":["post-43","page","type-page","status-publish","hentry"],"_links":{"self":[{"href":"https:\/\/www.daniela-berndt.foundation\/matrix\/wp-json\/wp\/v2\/pages\/43","targetHints":{"allow":["GET"]}}],"collection":[{"href":"https:\/\/www.daniela-berndt.foundation\/matrix\/wp-json\/wp\/v2\/pages"}],"about":[{"href":"https:\/\/www.daniela-berndt.foundation\/matrix\/wp-json\/wp\/v2\/types\/page"}],"author":[{"embeddable":true,"href":"https:\/\/www.daniela-berndt.foundation\/matrix\/wp-json\/wp\/v2\/users\/1"}],"replies":[{"embeddable":true,"href":"https:\/\/www.daniela-berndt.foundation\/matrix\/wp-json\/wp\/v2\/comments?post=43"}],"version-history":[{"count":84,"href":"https:\/\/www.daniela-berndt.foundation\/matrix\/wp-json\/wp\/v2\/pages\/43\/revisions"}],"predecessor-version":[{"id":4741,"href":"https:\/\/www.daniela-berndt.foundation\/matrix\/wp-json\/wp\/v2\/pages\/43\/revisions\/4741"}],"up":[{"embeddable":true,"href":"https:\/\/www.daniela-berndt.foundation\/matrix\/wp-json\/wp\/v2\/pages\/31"}],"wp:attachment":[{"href":"https:\/\/www.daniela-berndt.foundation\/matrix\/wp-json\/wp\/v2\/media?parent=43"}],"curies":[{"name":"wp","href":"https:\/\/api.w.org\/{rel}","templated":true}]}}