{"id":4330,"date":"2018-07-23T19:37:04","date_gmt":"2018-07-23T17:37:04","guid":{"rendered":"https:\/\/www.daniela-berndt.foundation\/matrix\/?page_id=4330"},"modified":"2024-08-02T16:51:47","modified_gmt":"2024-08-02T14:51:47","slug":"rgpd","status":"publish","type":"page","link":"https:\/\/www.daniela-berndt.foundation\/matrix\/fr\/rgpd\/","title":{"rendered":"RGPD 2018"},"content":{"rendered":"<h4>Angles d&#8217;approche<\/h4>\n<p>2013 \u2022 R\u00e9ussir son entr\u00e9e sur le web, en dehors des r\u00e9seaux sociaux.<\/p>\n<blockquote><p><a href=\"https:\/\/testfolio.daniela-berndt.foundation\" target=\"_blank\" rel=\"noopener\">https:\/\/testfolio.daniela-berndt.foundation<\/a><\/p><\/blockquote>\n<p>2014 \u2022 Confidentialit\u00e9, discr\u00e9tion et secret professionnel.<\/p>\n<blockquote><p><a href=\"https:\/\/dashfolio-2014.daniela-berndt.foundation\/fr\/droit-d-auteur\/\" target=\"_blank\" rel=\"noopener\">https:\/\/dashfolio-2014.daniela-berndt.foundation\/fr\/droit-d-auteur\/<\/a><\/p><\/blockquote>\n<p>2014 \u2022 Repenser la certification SSL.<\/p>\n<blockquote><p><a href=\"https:\/\/ssl-checkpoint.daniela-berndt.foundation\" target=\"_blank\" rel=\"noopener\">https:\/\/ssl-checkpoint.daniela-berndt.foundation<\/a><\/p><\/blockquote>\n<p>2015 \u2022 Le projet de vie dans sa globalit\u00e9.<\/p>\n<blockquote><p><a href=\"https:\/\/rightsfolio.daniela-berndt.foundation\" target=\"_blank\" rel=\"noopener\">https:\/\/rightsfolio.daniela-berndt.foundation<\/a><\/p><\/blockquote>\n<p>2016 \u2022 L&#8217;infrastructure de master franchise web NetPlusUltra\u00ae.<\/p>\n<blockquote><p><a href=\"https:\/\/testfolio-v2.daniela-berndt.foundation\" target=\"_blank\" rel=\"noopener\">https:\/\/testfolio-v2.daniela-berndt.foundation<\/a><\/p><\/blockquote>\n<p>2016 \u2022 Consid\u00e9rations ISOt\u00e9riques.<\/p>\n<blockquote><p><a href=\"https:\/\/playfolio.daniela-berndt.foundation\" target=\"_blank\" rel=\"noopener\">https:\/\/playfolio.daniela-berndt.foundation<\/a><\/p><\/blockquote>\n<p>2016 \u2022 Ing\u00e9nierie de la reconstitution virtuelle de parcours.<\/p>\n<blockquote><p><a href=\"https:\/\/lifefolio.daniela-berndt.foundation\/multimedia\/slidefolio\/files\/2016-08-26_article-inaugural.html\" target=\"_blank\" rel=\"noopener\">https:\/\/lifefolio.daniela-berndt.foundation\/multimedia\/&#8230;\/2016-08-26_article-inaugural.html<\/a><\/p><\/blockquote>\n<p>2017 \u2022 (R)\u00e9veil \u00e0 l&#8217;e-veille de concept.<\/p>\n<blockquote><p><a href=\"https:\/\/www.daniela-berndt.ovh\/fr\/e-veille\/files\/category-avant-propos.html\">https:\/\/www.daniela-berndt.ovh\/fr\/e-veille\/files\/category-avant-propos.html<\/a><\/p><\/blockquote>\n<p>2017 \u2022 Retour sur l&#8217;intemporalit\u00e9 du concept.<\/p>\n<blockquote><p><a href=\"https:\/\/dashfolio-2017.daniela-berndt.foundation\/fr\/weblog\/\" target=\"_blank\" rel=\"noopener\">https:\/\/dashfolio-2017.daniela-berndt.foundation\/fr\/weblog\/<\/a><\/p><\/blockquote>\n<p>2018 \u2022 Le point z\u00e9ro de la master franchise.<\/p>\n<blockquote><p><a href=\"https:\/\/net-plus-ultra.daniela-berndt.foundation\/fr\/chronologies\/\" target=\"_blank\" rel=\"noopener\">https:\/\/net-plus-ultra.daniela-berndt.foundation\/fr\/chronologies\/<\/a><\/p><\/blockquote>\n<p>2018 \u2022 Le RGPD conceptualis\u00e9.<\/p>\n<blockquote><p><a href=\"https:\/\/www.net-plus-ultra.ovh\/fr\/?tag=rgpd\" target=\"_blank\" rel=\"noopener\">https:\/\/www.net-plus-ultra.ovh\/fr\/?tag=rgpd<\/a><\/p><\/blockquote>\n<p>2019 \u2022 Sp\u00e9cifications statutaires.<\/p>\n<blockquote><p><a href=\"https:\/\/trustfolio.daniela-berndt.foundation\/fr\/\" target=\"_blank\" rel=\"noopener\">https:\/\/trustfolio.daniela-berndt.foundation\/fr\/<\/a><\/p><\/blockquote>\n<p><strong>Navigation<\/strong><br \/>\n<a href=\"https:\/\/www.daniela-berndt.foundation\/matrix\/en\/gdpr\/\">EN<\/a> \u2022 <a href=\"https:\/\/www.daniela-berndt.foundation\/matrix\/de\/dsgvo\/\">DE<\/a> \u2022 <a href=\"https:\/\/www.daniela-berndt.foundation\/matrix\/fr\/multisite\/\">Multisite<\/a><\/p>\n","protected":false},"excerpt":{"rendered":"<p>Angles d&#8217;approche 2013 \u2022 R\u00e9ussir son entr\u00e9e sur le web, en dehors des r\u00e9seaux sociaux. https:\/\/testfolio.daniela-berndt.foundation 2014 \u2022 Confidentialit\u00e9, discr\u00e9tion et secret professionnel. https:\/\/dashfolio-2014.daniela-berndt.foundation\/fr\/droit-d-auteur\/&#46;&#46;&#46;<\/p>\n","protected":false},"author":1,"featured_media":0,"parent":2297,"menu_order":5,"comment_status":"closed","ping_status":"closed","template":"","meta":{"footnotes":""},"class_list":["post-4330","page","type-page","status-publish","hentry"],"_links":{"self":[{"href":"https:\/\/www.daniela-berndt.foundation\/matrix\/wp-json\/wp\/v2\/pages\/4330","targetHints":{"allow":["GET"]}}],"collection":[{"href":"https:\/\/www.daniela-berndt.foundation\/matrix\/wp-json\/wp\/v2\/pages"}],"about":[{"href":"https:\/\/www.daniela-berndt.foundation\/matrix\/wp-json\/wp\/v2\/types\/page"}],"author":[{"embeddable":true,"href":"https:\/\/www.daniela-berndt.foundation\/matrix\/wp-json\/wp\/v2\/users\/1"}],"replies":[{"embeddable":true,"href":"https:\/\/www.daniela-berndt.foundation\/matrix\/wp-json\/wp\/v2\/comments?post=4330"}],"version-history":[{"count":145,"href":"https:\/\/www.daniela-berndt.foundation\/matrix\/wp-json\/wp\/v2\/pages\/4330\/revisions"}],"predecessor-version":[{"id":6841,"href":"https:\/\/www.daniela-berndt.foundation\/matrix\/wp-json\/wp\/v2\/pages\/4330\/revisions\/6841"}],"up":[{"embeddable":true,"href":"https:\/\/www.daniela-berndt.foundation\/matrix\/wp-json\/wp\/v2\/pages\/2297"}],"wp:attachment":[{"href":"https:\/\/www.daniela-berndt.foundation\/matrix\/wp-json\/wp\/v2\/media?parent=4330"}],"curies":[{"name":"wp","href":"https:\/\/api.w.org\/{rel}","templated":true}]}}