{"id":45,"date":"2016-05-28T19:15:48","date_gmt":"2016-05-28T17:15:48","guid":{"rendered":"http:\/\/daniela-berndt.foundation\/matrix\/?page_id=45"},"modified":"2024-09-26T18:22:17","modified_gmt":"2024-09-26T16:22:17","slug":"etape-7","status":"publish","type":"page","link":"https:\/\/www.daniela-berndt.foundation\/matrix\/fr\/wordpress\/etape-7\/","title":{"rendered":"\u00c9tape 7"},"content":{"rendered":"<h4>D\u00e9veloppement web durable<\/h4>\n<p>Quelles sont les implications de tout ce qui pr\u00e9c\u00e8de sur notre tableau de bord &#8220;Testfolio Om\u00e9ga (1)&#8221; sign\u00e9 NetPlusUltra\u00ae? Pour r\u00e9pondre \u00e0 cette question, revenons sur la Licence Publique G\u00e9n\u00e9rale GNU\u00a0(2) comme mod\u00e8le de droit d\u2019auteur, qui autorise chaque auteur professionnel poss\u00e9dant des comp\u00e9tences d\u2019administrateur \u00e0 t\u00e9l\u00e9charger une version souche de la technologie WordPress.org, pour mettre au point sa propre solution maison (propri\u00e9taire), sur laquelle il pourra se r\u00e9server tous les droits d\u2019auteur sans pour autant alt\u00e9rer ceux de la Fondation WordPress\u00a0(3) sur sa version souche.<\/p>\n<p>Au niveau &#8220;Externet+ (4)&#8221;, les Super Admin ne sont autre que les Fournisseurs d\u2019Acc\u00e8s, auxquels rien ni personne n\u2019interdit de faire mieux, et surtout pas les professionnels de l\u2019\u00e9conomie num\u00e9rique du savoir! En effet, puisque c\u2019est d\u00e8s l\u2019\u00e9tape Externet que se pr\u00e9pare le module Infolio\u00a0(5) requis pour l\u2019affiliation, pourquoi ne pas d\u00e9velopper une bonne fois pour toutes cet embryon de module de pages perso qui dispara\u00eet petit \u00e0 petit des offres d&#8217;acc\u00e8s internet classiques, pour mettre au point, \u00e0 partir de la version souche de WordPress.org, une solution enti\u00e8rement localis\u00e9e, c\u2019est-\u00e0-dire &#8220;francis\u00e9e&#8221;, de l\u2019offre gratuite (de droit am\u00e9ricain) de WordPress.com (6), qui permettrait de combler &#8211; en une seule et m\u00eame option int\u00e9gr\u00e9e \u00e0 la formule de souscription ADSL ou c\u00e2ble &#8211; toutes les lacunes du p\u00e9rim\u00e8tre FAI (= faille !), tout en permettant \u00e0 l\u2019auteur d&#8217;\u00e9chapper au trou noir \u00e9conomique agr\u00e9g\u00e9 par les plateformes de r\u00e9seaux sociaux?<\/p>\n<p>Au niveau &#8220;Intranet+ (7)&#8221;,\u00a0ceci aurait pour effet progressif de d\u00e9manteler ce m\u00eame trou noir \u00e9conomique en direction\u00a0non seulement des FAI nationaux, mais aussi et surtout des disques durs enfin devenus enti\u00e8rement localisables, dans la mesure o\u00f9 les utilisateurs l\u00e9s\u00e9s, car tromp\u00e9s par le d\u00e9faut d\u2019incompl\u00e9tude \u00e0 tous les niveaux, se verraient enfin proposer une alternative digne de ce nom qui leur permettrait de quitter les r\u00e9seaux sociaux, autant que les offres infonuagiques. Dans la suite logique des choses, un constructeur tel qu\u2019Apple aurait enfin l&#8217;opportunit\u00e9 de d\u00e9velopper de nouvelles solutions natives de publication web de type &#8220;Serveur Virtuel Priv\u00e9&#8221; qui lui permettrait de se d\u00e9marquer de WordPress, tandis que ce dernier resterait une solution multi-OS de niveau de service &#8220;Extranet+&#8221;.<\/p>\n<p>Au niveau &#8220;Extranet+ (8)&#8221; enfin, les professionnels du Net pourraient enfin se r\u00e9jouir d\u2019une solution de publication web aussi compl\u00e8te que personnalisable, qui leur permettrait de fournir les contenus et services qui manquent encore aux r\u00e9seaux, en commen\u00e7ant par publier des modules sp\u00e9cificatifs tels que celui-ci, dans le sens de la convergence conceptuelle vers Planet+Ultra\u00ae (9). Ce sc\u00e9nario m\u00e9riterait \u00e9galement que WordPress d\u00e9veloppe une version professionnelle pour le Mac de son application mobile, non seulement pour fournir \u00e0 l\u2019auteur-administrateur davantage de confort de publication, mais aussi et surtout une plus \u00e9vidente conformit\u00e9 avec le principe de production source-cible pr\u00e9sent\u00e9 \u00e0 l&#8217;\u00e9tape 6 de mon Testfolio Om\u00e9ga (5).<\/p>\n<p>Le tour de cette deuxi\u00e8me partie de la probl\u00e9matique d&#8217;ensemble \u00e9tant fait, passons maintenant \u00e0 l&#8217;imp\u00e9ratif de journalisation des \u00e9v\u00e8nements.<\/p>\n<p><strong>Navigation<\/strong><br \/>\n<a href=\"https:\/\/www.daniela-berndt.foundation\/matrix\/en\/wordpress\/step-7\/\">EN<\/a> \u2022 <a href=\"https:\/\/www.daniela-berndt.foundation\/matrix\/de\/wordpress\/etappe-7\/\">DE<\/a>\u00a0\u2022\u00a0<a href=\"https:\/\/www.daniela-berndt.foundation\/matrix\/fr\/developpement\/\">Circuit 3<\/a><\/p>\n<p><strong>Pr\u00e9cisions<\/strong><br \/>\n(1)\u00a0<a href=\"https:\/\/testfolio-v2.daniela-berndt.foundation\/fr\/votre-tdb\/\" target=\"_blank\" rel=\"noopener\">https:\/\/testfolio-v2.daniela-berndt.foundation\/fr\/votre-tdb\/<\/a><br \/>\n(2)\u00a0<a href=\"https:\/\/fr.wikipedia.org\/wiki\/Licence_publique_g\u00e9n\u00e9rale_GNU\" target=\"_blank\" rel=\"noopener\">https:\/\/fr.wikipedia.org\/wiki\/licence-publique-generale-gnu<\/a><br \/>\n(3)\u00a0<a href=\"https:\/\/wordpressfoundation.org\" target=\"_blank\" rel=\"noopener\">https:\/\/wordpressfoundation.org<\/a><br \/>\n(4) <a href=\"https:\/\/testfolio-v2.daniela-berndt.foundation\/fr\/externet\/\" target=\"_blank\" rel=\"noopener\">https:\/\/testfolio-v2.daniela-berndt.foundation\/fr\/externet\/<\/a><br \/>\n(5)\u00a0<a href=\"https:\/\/testfolio-v2.daniela-berndt.foundation\/fr\/poids-leger\/\" target=\"_blank\" rel=\"noopener\">https:\/\/testfolio-v2.daniela-berndt.foundation\/fr\/poids-leger\/<\/a><br \/>\n(6)\u00a0<a href=\"https:\/\/fr.wordpress.com\" target=\"_blank\" rel=\"noopener\">https:\/\/fr.wordpress.com<\/a><br \/>\n(7)\u00a0<a href=\"https:\/\/testfolio-v2.daniela-berndt.foundation\/fr\/intranet\/\" target=\"_blank\" rel=\"noopener\">https:\/\/testfolio-v2.daniela-berndt.foundation\/fr\/intranet\/<\/a><br \/>\n(8) <a href=\"https:\/\/testfolio-v2.daniela-berndt.foundation\/fr\/extranet\/\" target=\"_blank\" rel=\"noopener\">https:\/\/testfolio-v2.daniela-berndt.foundation\/fr\/extranet\/<\/a><br \/>\n(9)\u00a0<a href=\"https:\/\/dashfolio-2015.daniela-berndt.foundation\/fr\/systeme\/\" target=\"_blank\" rel=\"noopener\">https:\/\/dashfolio-2015.daniela-berndt.foundation\/fr\/systeme\/<\/a><\/p>\n","protected":false},"excerpt":{"rendered":"<p>D\u00e9veloppement web durable Quelles sont les implications de tout ce qui pr\u00e9c\u00e8de sur notre tableau de bord &#8220;Testfolio Om\u00e9ga (1)&#8221; sign\u00e9 NetPlusUltra\u00ae? Pour r\u00e9pondre&#46;&#46;&#46;<\/p>\n","protected":false},"author":1,"featured_media":0,"parent":31,"menu_order":7,"comment_status":"open","ping_status":"closed","template":"","meta":{"footnotes":""},"class_list":["post-45","page","type-page","status-publish","hentry"],"_links":{"self":[{"href":"https:\/\/www.daniela-berndt.foundation\/matrix\/wp-json\/wp\/v2\/pages\/45","targetHints":{"allow":["GET"]}}],"collection":[{"href":"https:\/\/www.daniela-berndt.foundation\/matrix\/wp-json\/wp\/v2\/pages"}],"about":[{"href":"https:\/\/www.daniela-berndt.foundation\/matrix\/wp-json\/wp\/v2\/types\/page"}],"author":[{"embeddable":true,"href":"https:\/\/www.daniela-berndt.foundation\/matrix\/wp-json\/wp\/v2\/users\/1"}],"replies":[{"embeddable":true,"href":"https:\/\/www.daniela-berndt.foundation\/matrix\/wp-json\/wp\/v2\/comments?post=45"}],"version-history":[{"count":74,"href":"https:\/\/www.daniela-berndt.foundation\/matrix\/wp-json\/wp\/v2\/pages\/45\/revisions"}],"predecessor-version":[{"id":7063,"href":"https:\/\/www.daniela-berndt.foundation\/matrix\/wp-json\/wp\/v2\/pages\/45\/revisions\/7063"}],"up":[{"embeddable":true,"href":"https:\/\/www.daniela-berndt.foundation\/matrix\/wp-json\/wp\/v2\/pages\/31"}],"wp:attachment":[{"href":"https:\/\/www.daniela-berndt.foundation\/matrix\/wp-json\/wp\/v2\/media?parent=45"}],"curies":[{"name":"wp","href":"https:\/\/api.w.org\/{rel}","templated":true}]}}