{"id":5527,"date":"2019-02-20T16:42:41","date_gmt":"2019-02-20T15:42:41","guid":{"rendered":"https:\/\/www.daniela-berndt.foundation\/matrix\/?page_id=5527"},"modified":"2024-08-13T17:32:51","modified_gmt":"2024-08-13T15:32:51","slug":"index","status":"publish","type":"page","link":"https:\/\/www.daniela-berndt.foundation\/matrix\/","title":{"rendered":"Index"},"content":{"rendered":"<p>FR \u2022 Page d&#8217;escale.\u00a0Ce Forum Aux Questions orient\u00e9 &#8220;Syst\u00e8me de Gestion de Contenus&#8221;, cr\u00e9\u00e9 avec WordPress, et d\u00e9di\u00e9 aux modules web du parcours de d\u00e9monstration de concept NetPlusUltra\u00ae, est associ\u00e9 \u00e0 une adresse IP fran\u00e7aise.\u00a0Veuillez choisir une version linguistique pour continuer votre exploration, ou poursuivre votre chemin vers la prochaine escale.<\/p>\n<p><a href=\"https:\/\/www.daniela-berndt.foundation\/matrix\/fr\/\">Section FRA<\/a><\/p>\n<hr \/>\n<p>EN \u2022 Stopover Page.\u00a0This CMS-oriented and WordPress-based feedback forum dedicated to the web modules of the NetPlusUltra\u00ae-sustained concept demonstration path is associated with a French IP address.\u00a0Please select a language to continue your exploration, or proceed to the next stopover.<\/p>\n<p><a href=\"https:\/\/www.daniela-berndt.foundation\/matrix\/en\/\">Section ENG<\/a><\/p>\n<hr \/>\n<p>DE \u2022 Zwischenstoppseite.\u00a0Dieses CMS-orientierte und WordPress-basierte Feedback-Forum \u00fcber die Web-Modulen des NetPlusUltra\u00ae-gest\u00fctzten Konzept-Demo-Wegs ist mit einer franz\u00f6sischen IP-Adresse verbunden.\u00a0W\u00e4hlen Sie bitte eine Sprachversion um Ihre Navigation fortzusetzen, oder browsen Sie weiter zum n\u00e4chsten Halt.<\/p>\n<p><a href=\"https:\/\/www.daniela-berndt.foundation\/matrix\/de\/\">Section DEU<\/a><\/p>\n<hr \/>\n<p><strong>FR \u2022 Page suivante<\/strong><br \/>\nEN \u2022 Next page<br \/>\nDE \u2022 N\u00e4chste Seite<\/p>\n<p><a href=\"https:\/\/www.daniela-berndt.foundation\/matrix\/cookies\/\">Cookies<\/a><\/p>\n","protected":false},"excerpt":{"rendered":"<p>FR \u2022 Page d&#8217;escale.\u00a0Ce Forum Aux Questions orient\u00e9 &#8220;Syst\u00e8me de Gestion de Contenus&#8221;, cr\u00e9\u00e9 avec WordPress, et d\u00e9di\u00e9 aux modules web du parcours de&#46;&#46;&#46;<\/p>\n","protected":false},"author":1,"featured_media":0,"parent":0,"menu_order":1,"comment_status":"closed","ping_status":"closed","template":"","meta":{"footnotes":""},"class_list":["post-5527","page","type-page","status-publish","hentry"],"_links":{"self":[{"href":"https:\/\/www.daniela-berndt.foundation\/matrix\/wp-json\/wp\/v2\/pages\/5527","targetHints":{"allow":["GET"]}}],"collection":[{"href":"https:\/\/www.daniela-berndt.foundation\/matrix\/wp-json\/wp\/v2\/pages"}],"about":[{"href":"https:\/\/www.daniela-berndt.foundation\/matrix\/wp-json\/wp\/v2\/types\/page"}],"author":[{"embeddable":true,"href":"https:\/\/www.daniela-berndt.foundation\/matrix\/wp-json\/wp\/v2\/users\/1"}],"replies":[{"embeddable":true,"href":"https:\/\/www.daniela-berndt.foundation\/matrix\/wp-json\/wp\/v2\/comments?post=5527"}],"version-history":[{"count":46,"href":"https:\/\/www.daniela-berndt.foundation\/matrix\/wp-json\/wp\/v2\/pages\/5527\/revisions"}],"predecessor-version":[{"id":7026,"href":"https:\/\/www.daniela-berndt.foundation\/matrix\/wp-json\/wp\/v2\/pages\/5527\/revisions\/7026"}],"wp:attachment":[{"href":"https:\/\/www.daniela-berndt.foundation\/matrix\/wp-json\/wp\/v2\/media?parent=5527"}],"curies":[{"name":"wp","href":"https:\/\/api.w.org\/{rel}","templated":true}]}}