{"id":6174,"date":"2021-03-11T16:44:10","date_gmt":"2021-03-11T15:44:10","guid":{"rendered":"https:\/\/www.daniela-berndt.foundation\/matrix\/?page_id=6174"},"modified":"2024-08-13T17:18:02","modified_gmt":"2024-08-13T15:18:02","slug":"cookies","status":"publish","type":"page","link":"https:\/\/www.daniela-berndt.foundation\/matrix\/cookies\/","title":{"rendered":"Cookies"},"content":{"rendered":"<p>FR \u2022 Ce site web n\u2019utilise que les cookies n\u00e9cessaires au fonctionnement du service d\u2019analyse de statistiques web &#8220;OVHcloud Web Statistics (1)&#8221; int\u00e9gr\u00e9 par d\u00e9faut aux h\u00e9bergements mutualis\u00e9s d\u2019OVHcloud en France.\u00a0Pour en savoir plus sur la protection des donn\u00e9es, veuillez consulter la page RGPD (2) de ce site, ou continuer vers la page d&#8217;accueil (3).<\/p>\n<p><strong>Notes dans le texte<\/strong><br \/>\n(1) <a href=\"https:\/\/www.ovhcloud.com\/fr\/web-hosting\/uc-website-traffic-analysis\/\" target=\"_blank\" rel=\"noopener\">OWstats<\/a><br \/>\n(2) <a href=\"https:\/\/www.daniela-berndt.foundation\/matrix\/fr\/rgpd\/\">RGPD<\/a><br \/>\n(3) <a href=\"https:\/\/www.daniela-berndt.foundation\/matrix\/fr\/\">Accueil<\/a><\/p>\n<hr \/>\n<p>EN \u2022 This website uses only such cookies as are necessary for the functioning of the OWstats-enabled web analytics tool (1) integrated by default in the shared web hosting plans of OVHcloud in France.\u00a0To find out more about data protection, please visit this website&#8217;s GDPR page (2), or proceed to the homepage (3).<\/p>\n<p><strong>Notes in the text<\/strong><br \/>\n(1) <a href=\"https:\/\/www.ovhcloud.com\/en\/web-hosting\/uc-website-traffic-analysis\/\" target=\"_blank\" rel=\"noopener\">OWstats<\/a><br \/>\n(2) <a href=\"https:\/\/www.daniela-berndt.foundation\/matrix\/en\/gdpr\/\">GDPR<\/a><br \/>\n(3) <a href=\"https:\/\/www.daniela-berndt.foundation\/matrix\/en\/\">Home<\/a><\/p>\n<hr \/>\n<p>DE \u2022 Diese Website verwendet nur solche Cookies, die f\u00fcr das Funktionieren des OWstats-gest\u00fctzten Web-Daten-Analysesystems (1) notwendig sind, das standardm\u00e4ssig in den geteilten Web-Hosting-Angeboten von OVH Frankreich eingebettet ist.\u00a0Mehr dazu in der DSGVO-Seite (2) dieser Website, oder weiter mit der Startseite (3).<\/p>\n<p><strong>Hinweise im Text<\/strong><br \/>\n(1) <a href=\"https:\/\/www.ovhcloud.com\/de\/web-hosting\/uc-website-traffic-analysis\/\" target=\"_blank\" rel=\"noopener\">OWstats<\/a><br \/>\n(2) <a href=\"https:\/\/www.daniela-berndt.foundation\/matrix\/de\/dsgvo\/\">DSGVO<\/a><br \/>\n(3) <a href=\"https:\/\/www.daniela-berndt.foundation\/matrix\/de\/\">Startseite<\/a><\/p>\n","protected":false},"excerpt":{"rendered":"<p>FR \u2022 Ce site web n\u2019utilise que les cookies n\u00e9cessaires au fonctionnement du service d\u2019analyse de statistiques web &#8220;OVHcloud Web Statistics (1)&#8221; int\u00e9gr\u00e9 par&#46;&#46;&#46;<\/p>\n","protected":false},"author":1,"featured_media":0,"parent":0,"menu_order":2,"comment_status":"closed","ping_status":"closed","template":"","meta":{"footnotes":""},"class_list":["post-6174","page","type-page","status-publish","hentry"],"_links":{"self":[{"href":"https:\/\/www.daniela-berndt.foundation\/matrix\/wp-json\/wp\/v2\/pages\/6174","targetHints":{"allow":["GET"]}}],"collection":[{"href":"https:\/\/www.daniela-berndt.foundation\/matrix\/wp-json\/wp\/v2\/pages"}],"about":[{"href":"https:\/\/www.daniela-berndt.foundation\/matrix\/wp-json\/wp\/v2\/types\/page"}],"author":[{"embeddable":true,"href":"https:\/\/www.daniela-berndt.foundation\/matrix\/wp-json\/wp\/v2\/users\/1"}],"replies":[{"embeddable":true,"href":"https:\/\/www.daniela-berndt.foundation\/matrix\/wp-json\/wp\/v2\/comments?post=6174"}],"version-history":[{"count":26,"href":"https:\/\/www.daniela-berndt.foundation\/matrix\/wp-json\/wp\/v2\/pages\/6174\/revisions"}],"predecessor-version":[{"id":7018,"href":"https:\/\/www.daniela-berndt.foundation\/matrix\/wp-json\/wp\/v2\/pages\/6174\/revisions\/7018"}],"wp:attachment":[{"href":"https:\/\/www.daniela-berndt.foundation\/matrix\/wp-json\/wp\/v2\/media?parent=6174"}],"curies":[{"name":"wp","href":"https:\/\/api.w.org\/{rel}","templated":true}]}}