{"id":6833,"date":"2024-08-02T16:39:28","date_gmt":"2024-08-02T14:39:28","guid":{"rendered":"https:\/\/www.daniela-berndt.foundation\/matrix\/?page_id=6833"},"modified":"2024-08-06T19:31:56","modified_gmt":"2024-08-06T17:31:56","slug":"multisite","status":"publish","type":"page","link":"https:\/\/www.daniela-berndt.foundation\/matrix\/de\/multisite\/","title":{"rendered":"Multisite"},"content":{"rendered":"<p>Dieses F&amp;A-Forum ist vor allem auch das einzige Sandbox-\u00e4hnliche CMS-Modul ohne Zugriffsbeschr\u00e4nkung in einer WordPress.org-f\u00e4higen Multisite-Installation, die speziell f\u00fcr die Zwecke meiner Machbarkeitsstudie und Konzeptdemonstration erstellt wurde.<\/p>\n<p>Im Gegensatz zu den Schaltfl\u00e4chen im Footer-Men\u00fc der anderen f\u00fcnf zugriffsbeschr\u00e4nkten WordPress.org-Modulen, die dazu dienen, alle sechs CMS-Bausteine der Multisite miteinander zu verbinden, verweist jede der Weiterleitungen im unteren Men\u00fc des vorliegenden Feedback-Forums auf den entsprechenden Pr\u00e4sentationsbeitrag in der Blog-gest\u00fctzten Ver\u00f6ffentlichungsagenda meiner Metafolio-Website von 2014 (1).<\/p>\n<p>Diese Aktualisierung zum Ende der Ver\u00f6ffentlichungsphase gibt mir auch die Gelegenheit, darauf hinzuweisen, dass jede der Sprachkategorien des Weblogs innerhalb dieser Feedback-Matrix um eine Changeblog-\u00e4hnliche Unterkategorie mit dem Titel &#8220;Versionierung (2)&#8221; erweitert wurde, deren k\u00fcnftige Beitr\u00e4ge sich nicht mit den neuesten hinzugef\u00fcgten Diskussionslisten befassen werden, sondern mit \u00c4nderungen an der Struktur dieses CMS-Moduls selbst, wie sie in den Webseiten der Sprachbereiche (FRA, ENG und DEU) hinter den Men\u00fcs der oberen Navigationsleiste erkl\u00e4rt wurde.<\/p>\n<p><strong>Hinweise im Text<\/strong><br \/>\n(1) <a href=\"https:\/\/www.daniela-berndt.ovh\/de\/agenda\/files\/tag-wordpress.org-modul.html\" target=\"_blank\" rel=\"noopener\">Metafolio v3.9.6\/2024<\/a><br \/>\n(2) <a href=\"https:\/\/www.daniela-berndt.foundation\/matrix\/de\/aenderungsprotokollierung\/\">Deutsch &gt; Versionierung<\/a><\/p>\n<p><strong>Navigation<\/strong><br \/>\n<a href=\"https:\/\/www.daniela-berndt.foundation\/matrix\/fr\/multisite\/\">FR<\/a> \u2022 <a href=\"https:\/\/www.daniela-berndt.foundation\/matrix\/en\/multisite\/\">EN<\/a> \u2022 <a href=\"https:\/\/www.daniela-berndt.foundation\/matrix\/de\/\">Start<\/a><\/p>\n","protected":false},"excerpt":{"rendered":"<p>Dieses F&amp;A-Forum ist vor allem auch das einzige Sandbox-\u00e4hnliche CMS-Modul ohne Zugriffsbeschr\u00e4nkung in einer WordPress.org-f\u00e4higen Multisite-Installation, die speziell f\u00fcr die Zwecke meiner Machbarkeitsstudie und&#46;&#46;&#46;<\/p>\n","protected":false},"author":1,"featured_media":0,"parent":2305,"menu_order":6,"comment_status":"closed","ping_status":"closed","template":"","meta":{"footnotes":""},"class_list":["post-6833","page","type-page","status-publish","hentry"],"_links":{"self":[{"href":"https:\/\/www.daniela-berndt.foundation\/matrix\/wp-json\/wp\/v2\/pages\/6833","targetHints":{"allow":["GET"]}}],"collection":[{"href":"https:\/\/www.daniela-berndt.foundation\/matrix\/wp-json\/wp\/v2\/pages"}],"about":[{"href":"https:\/\/www.daniela-berndt.foundation\/matrix\/wp-json\/wp\/v2\/types\/page"}],"author":[{"embeddable":true,"href":"https:\/\/www.daniela-berndt.foundation\/matrix\/wp-json\/wp\/v2\/users\/1"}],"replies":[{"embeddable":true,"href":"https:\/\/www.daniela-berndt.foundation\/matrix\/wp-json\/wp\/v2\/comments?post=6833"}],"version-history":[{"count":12,"href":"https:\/\/www.daniela-berndt.foundation\/matrix\/wp-json\/wp\/v2\/pages\/6833\/revisions"}],"predecessor-version":[{"id":6952,"href":"https:\/\/www.daniela-berndt.foundation\/matrix\/wp-json\/wp\/v2\/pages\/6833\/revisions\/6952"}],"up":[{"embeddable":true,"href":"https:\/\/www.daniela-berndt.foundation\/matrix\/wp-json\/wp\/v2\/pages\/2305"}],"wp:attachment":[{"href":"https:\/\/www.daniela-berndt.foundation\/matrix\/wp-json\/wp\/v2\/media?parent=6833"}],"curies":[{"name":"wp","href":"https:\/\/api.w.org\/{rel}","templated":true}]}}