{"id":790,"date":"2016-06-07T15:18:50","date_gmt":"2016-06-07T13:18:50","guid":{"rendered":"http:\/\/daniela-berndt.foundation\/matrix\/?page_id=790"},"modified":"2018-08-22T19:50:47","modified_gmt":"2018-08-22T17:50:47","slug":"maintenance","status":"publish","type":"page","link":"https:\/\/www.daniela-berndt.foundation\/matrix\/fr\/version-1-1-2016\/maintenance\/","title":{"rendered":"Maintenance"},"content":{"rendered":"<h4>\u00c9volutivit\u00e9<\/h4>\n<p>Dans un souci de clart\u00e9, et afin de ne pas surcharger les pages des menus 1 et 2, ni les cat\u00e9gories r\u00e9serv\u00e9es aux listes de discussions, les mises \u00e0 jour de fond et de forme relatives \u00e0 ce module seront annonc\u00e9es dans cette section\u00a0sous forme de listes de commentaires.<\/p>\n<p>Les contenus de ce Forum Aux Questions qui ont fait l\u2019objet d\u2019une ou de plusieurs mise(s) \u00e0 jour dans la zone de commentaires ci-dessous seront par ailleurs\u00a0indiqu\u00e9s par une ast\u00e9risque interactive (*) qui pourra\u00a0faire l\u2019objet d\u2019une requ\u00eate par l\u2019interm\u00e9diaire des barres de recherche de ce site.<\/p>\n<p><strong>Navigation<\/strong><br \/>\n<a href=\"https:\/\/www.daniela-berndt.foundation\/matrix\/en\/version-1-1-2016\/maintenance\/\">EN<\/a> \u2022 <a href=\"https:\/\/www.daniela-berndt.foundation\/matrix\/de\/version-1-1-2016\/aktualisierung\/\">DE<\/a>\u00a0\u2022 <a href=\"https:\/\/www.daniela-berndt.foundation\/matrix\/fr\/version-1-1-2016\/derniere-minute\/\">(+1)<\/a><\/p>\n","protected":false},"excerpt":{"rendered":"<p>\u00c9volutivit\u00e9 Dans un souci de clart\u00e9, et afin de ne pas surcharger les pages des menus 1 et 2, ni les cat\u00e9gories r\u00e9serv\u00e9es aux&#46;&#46;&#46;<\/p>\n","protected":false},"author":1,"featured_media":0,"parent":3994,"menu_order":2,"comment_status":"closed","ping_status":"closed","template":"","meta":{"footnotes":""},"class_list":["post-790","page","type-page","status-publish","hentry"],"_links":{"self":[{"href":"https:\/\/www.daniela-berndt.foundation\/matrix\/wp-json\/wp\/v2\/pages\/790","targetHints":{"allow":["GET"]}}],"collection":[{"href":"https:\/\/www.daniela-berndt.foundation\/matrix\/wp-json\/wp\/v2\/pages"}],"about":[{"href":"https:\/\/www.daniela-berndt.foundation\/matrix\/wp-json\/wp\/v2\/types\/page"}],"author":[{"embeddable":true,"href":"https:\/\/www.daniela-berndt.foundation\/matrix\/wp-json\/wp\/v2\/users\/1"}],"replies":[{"embeddable":true,"href":"https:\/\/www.daniela-berndt.foundation\/matrix\/wp-json\/wp\/v2\/comments?post=790"}],"version-history":[{"count":23,"href":"https:\/\/www.daniela-berndt.foundation\/matrix\/wp-json\/wp\/v2\/pages\/790\/revisions"}],"predecessor-version":[{"id":5275,"href":"https:\/\/www.daniela-berndt.foundation\/matrix\/wp-json\/wp\/v2\/pages\/790\/revisions\/5275"}],"up":[{"embeddable":true,"href":"https:\/\/www.daniela-berndt.foundation\/matrix\/wp-json\/wp\/v2\/pages\/3994"}],"wp:attachment":[{"href":"https:\/\/www.daniela-berndt.foundation\/matrix\/wp-json\/wp\/v2\/media?parent=790"}],"curies":[{"name":"wp","href":"https:\/\/api.w.org\/{rel}","templated":true}]}}