{"id":794,"date":"2016-06-07T15:21:08","date_gmt":"2016-06-07T13:21:08","guid":{"rendered":"http:\/\/daniela-berndt.foundation\/matrix\/?page_id=794"},"modified":"2018-08-22T19:55:23","modified_gmt":"2018-08-22T17:55:23","slug":"aktualisierung","status":"publish","type":"page","link":"https:\/\/www.daniela-berndt.foundation\/matrix\/de\/version-1-1-2016\/aktualisierung\/","title":{"rendered":"Aktualisierung"},"content":{"rendered":"<h4>Ausbauf\u00e4higkeit<\/h4>\n<p>F\u00fcr mehr Klarheit, und um die Seiten der Kopfleistenmen\u00fcs, sowie der f\u00fcr die Diskussionslisten reservierten Kategorien nicht unn\u00f6tig zu \u00fcberlasten, sollen inhaltliche und f\u00f6rmliche Aktualisierungen dieses Moduls auf dieser Seite als Kommentare angek\u00fcndigt bzw. aufgelistet werden.<\/p>\n<p>Die Inhalte dieses FAQ-Forums, die in dem unteren Kommentarbereich aktualisiert wurden, sind weiters durch ein interaktives Sternchen (*) gekennzeichnet, das \u00fcber die Suchleisten abgerufen werden kann.<\/p>\n<p><strong>Navigation<\/strong><br \/>\n<a href=\"https:\/\/www.daniela-berndt.foundation\/matrix\/fr\/version-1-1-2016\/maintenance\/\">FR<\/a> \u2022 <a href=\"https:\/\/www.daniela-berndt.foundation\/matrix\/en\/version-1-1-2016\/maintenance\/\">EN<\/a> \u2022 <a href=\"https:\/\/www.daniela-berndt.foundation\/matrix\/de\/version-1-1-2016\/eilmeldungen\/\">(+1)<\/a><\/p>\n","protected":false},"excerpt":{"rendered":"<p>Ausbauf\u00e4higkeit F\u00fcr mehr Klarheit, und um die Seiten der Kopfleistenmen\u00fcs, sowie der f\u00fcr die Diskussionslisten reservierten Kategorien nicht unn\u00f6tig zu \u00fcberlasten, sollen inhaltliche und&#46;&#46;&#46;<\/p>\n","protected":false},"author":1,"featured_media":0,"parent":4669,"menu_order":2,"comment_status":"closed","ping_status":"closed","template":"","meta":{"footnotes":""},"class_list":["post-794","page","type-page","status-publish","hentry"],"_links":{"self":[{"href":"https:\/\/www.daniela-berndt.foundation\/matrix\/wp-json\/wp\/v2\/pages\/794","targetHints":{"allow":["GET"]}}],"collection":[{"href":"https:\/\/www.daniela-berndt.foundation\/matrix\/wp-json\/wp\/v2\/pages"}],"about":[{"href":"https:\/\/www.daniela-berndt.foundation\/matrix\/wp-json\/wp\/v2\/types\/page"}],"author":[{"embeddable":true,"href":"https:\/\/www.daniela-berndt.foundation\/matrix\/wp-json\/wp\/v2\/users\/1"}],"replies":[{"embeddable":true,"href":"https:\/\/www.daniela-berndt.foundation\/matrix\/wp-json\/wp\/v2\/comments?post=794"}],"version-history":[{"count":24,"href":"https:\/\/www.daniela-berndt.foundation\/matrix\/wp-json\/wp\/v2\/pages\/794\/revisions"}],"predecessor-version":[{"id":5280,"href":"https:\/\/www.daniela-berndt.foundation\/matrix\/wp-json\/wp\/v2\/pages\/794\/revisions\/5280"}],"up":[{"embeddable":true,"href":"https:\/\/www.daniela-berndt.foundation\/matrix\/wp-json\/wp\/v2\/pages\/4669"}],"wp:attachment":[{"href":"https:\/\/www.daniela-berndt.foundation\/matrix\/wp-json\/wp\/v2\/media?parent=794"}],"curies":[{"name":"wp","href":"https:\/\/api.w.org\/{rel}","templated":true}]}}