{"id":9,"date":"2016-05-28T19:04:53","date_gmt":"2016-05-28T17:04:53","guid":{"rendered":"http:\/\/daniela-berndt.foundation\/matrix\/?page_id=9"},"modified":"2018-08-16T12:00:29","modified_gmt":"2018-08-16T10:00:29","slug":"regle-1","status":"publish","type":"page","link":"https:\/\/www.daniela-berndt.foundation\/matrix\/fr\/feedback\/regle-1\/","title":{"rendered":"R\u00e8gle 1"},"content":{"rendered":"<h4>Dimension morale<\/h4>\n<p>D\u2019un point de vue conceptuel, \u00e9tendre la reconnaissance du droit moral de l\u2019auteur l\u00e9gitime sur son oeuvre \u00e0 la probl\u00e9matique du feedback vise \u00e0 lui permettre d\u2019anticiper les effets n\u00e9fastes de la rumeur, afin de lui \u00e9viter d\u2019avoir \u00e0 invoquer son droit de r\u00e9ponse\u00a0(1) apr\u00e8s coup, c\u2019est-\u00e0-dire apr\u00e8s qu\u2019un d\u00e9tracteur\u00a0lui ait\u00a0publi\u00e9 des commentaires publics &#8220;dans le dos&#8221;.<\/p>\n<p><strong>Navigation<\/strong><br \/>\n<a href=\"https:\/\/www.daniela-berndt.foundation\/matrix\/en\/feedback\/rule-1\/\">EN<\/a> \u2022 <a href=\"https:\/\/www.daniela-berndt.foundation\/matrix\/de\/feedback\/regel-1\/\">DE<\/a>\u00a0\u2022\u00a0<a href=\"https:\/\/www.daniela-berndt.foundation\/matrix\/fr\/feedback\/regle-2\/\">R2<\/a><\/p>\n<p><strong>Pr\u00e9cisions<\/strong><br \/>\n(1)\u00a0<a href=\"https:\/\/fr.wikipedia.org\/wiki\/Droit_de_r\u00e9ponse\" target=\"_blank\" rel=\"noopener\">https:\/\/fr.wikipedia.org\/wiki\/droit-de-reponse<\/a><\/p>\n","protected":false},"excerpt":{"rendered":"<p>Dimension morale D\u2019un point de vue conceptuel, \u00e9tendre la reconnaissance du droit moral de l\u2019auteur l\u00e9gitime sur son oeuvre \u00e0 la probl\u00e9matique du feedback&#46;&#46;&#46;<\/p>\n","protected":false},"author":1,"featured_media":0,"parent":2,"menu_order":1,"comment_status":"open","ping_status":"closed","template":"","meta":{"footnotes":""},"class_list":["post-9","page","type-page","status-publish","hentry"],"_links":{"self":[{"href":"https:\/\/www.daniela-berndt.foundation\/matrix\/wp-json\/wp\/v2\/pages\/9","targetHints":{"allow":["GET"]}}],"collection":[{"href":"https:\/\/www.daniela-berndt.foundation\/matrix\/wp-json\/wp\/v2\/pages"}],"about":[{"href":"https:\/\/www.daniela-berndt.foundation\/matrix\/wp-json\/wp\/v2\/types\/page"}],"author":[{"embeddable":true,"href":"https:\/\/www.daniela-berndt.foundation\/matrix\/wp-json\/wp\/v2\/users\/1"}],"replies":[{"embeddable":true,"href":"https:\/\/www.daniela-berndt.foundation\/matrix\/wp-json\/wp\/v2\/comments?post=9"}],"version-history":[{"count":28,"href":"https:\/\/www.daniela-berndt.foundation\/matrix\/wp-json\/wp\/v2\/pages\/9\/revisions"}],"predecessor-version":[{"id":4701,"href":"https:\/\/www.daniela-berndt.foundation\/matrix\/wp-json\/wp\/v2\/pages\/9\/revisions\/4701"}],"up":[{"embeddable":true,"href":"https:\/\/www.daniela-berndt.foundation\/matrix\/wp-json\/wp\/v2\/pages\/2"}],"wp:attachment":[{"href":"https:\/\/www.daniela-berndt.foundation\/matrix\/wp-json\/wp\/v2\/media?parent=9"}],"curies":[{"name":"wp","href":"https:\/\/api.w.org\/{rel}","templated":true}]}}